{"id":1672,"date":"2020-03-13T16:29:35","date_gmt":"2020-03-13T16:29:35","guid":{"rendered":"https:\/\/bigshop.al\/?page_id=1672"},"modified":"2020-04-13T12:08:03","modified_gmt":"2020-04-13T12:08:03","slug":"rreth-nesh","status":"publish","type":"page","link":"https:\/\/bigshop.al\/index.php\/rreth-nesh\/","title":{"rendered":"RRETH NESH"},"content":{"rendered":"<div class=\"wpb-content-wrapper\"><p>[vc_row bg_type=&#8221;bg_color&#8221; bg_override=&#8221;ex-full&#8221; bg_color_value=&#8221;#f4f4f4&#8243; css=&#8221;.vc_custom_1584115120321{margin-top: -70px !important;}&#8221;][vc_column width=&#8221;1\/2&#8243;][vc_empty_space][vc_custom_heading text=&#8221;RRETH NESH&#8221; font_container=&#8221;tag:h2|text_align:left|color:%23fa4659&#8243; google_fonts=&#8221;font_family:Roboto%20Condensed%3A300%2C300italic%2Cregular%2Citalic%2C700%2C700italic|font_style:400%20regular%3A400%3Anormal&#8221;][vc_zigzag align=&#8221;left&#8221; el_width=&#8221;10&#8243;][vc_empty_space height=&#8221;12px&#8221;][vc_custom_heading text=&#8221;BIGSHOP.AL \u00ebsht\u00eb kompani q\u00eb ju ofron mund\u00ebsin\u00eb t\u00eb blini online produkte cil\u00ebsore dhe me \u00e7mime tep\u00ebr t\u00eb arsyeshme brenda territorit t\u00eb Shqip\u00ebrise. Ofrojm\u00eb p\u00ebr konsumatorin nj\u00eb gam\u00eb t\u00eb gj\u00ebr\u00eb produktesh, p\u00ebr t\u00eb p\u00ebrmbushur \u00e7do lloj nevoje dhe k\u00ebrkese.&#8221; font_container=&#8221;tag:p|text_align:justify|color:%23000000&#8243; google_fonts=&#8221;font_family:Open%20Sans%3A300%2C300italic%2Cregular%2Citalic%2C600%2C600italic%2C700%2C700italic%2C800%2C800italic|font_style:400%20regular%3A400%3Anormal&#8221;][vc_empty_space height=&#8221;12px&#8221;][vc_btn title=&#8221;KONTAKT&#8221; style=&#8221;custom&#8221; custom_background=&#8221;#fa4659&#8243; custom_text=&#8221;#ffffff&#8221; shape=&#8221;square&#8221; align=&#8221;left&#8221; link=&#8221;url:https%3A%2F%2Fbigshop.al%2Findex.php%2Fkontakt%2F|||&#8221;][\/vc_column][vc_column width=&#8221;1\/2&#8243;][vc_empty_space]<div class=\"ult-content-box-container kuti\" >\t\t<div class=\"ult-content-box\" style=\"background-color:#ffffff;box-shadow: px px px px none;-webkit-transition: all 700ms ease;-moz-transition: all 700ms ease;-ms-transition: all 700ms ease;-o-transition: all 700ms ease;transition: all 700ms ease;\"  data-hover_box_shadow=\"none\"     data-bg=\"#ffffff\" >[vc_single_image image=&#8221;1676&#8243; img_size=&#8221;600X400&#8243; alignment=&#8221;center&#8221; image_hovers=&#8221;false&#8221;]\t\t<\/div><\/div>[\/vc_column][\/vc_row][vc_row][vc_column][vc_empty_space][\/vc_column][\/vc_row][vc_row][vc_column][vc_custom_heading text=&#8221;P\u00cbRSE NE ?&#8221; font_container=&#8221;tag:h2|text_align:center|color:%23000000&#8243; google_fonts=&#8221;font_family:Roboto%20Condensed%3A300%2C300italic%2Cregular%2Citalic%2C700%2C700italic|font_style:400%20regular%3A400%3Anormal&#8221;][vc_zigzag el_width=&#8221;10&#8243;][vc_empty_space height=&#8221;22px&#8221;][\/vc_column][\/vc_row][vc_row][vc_column][vc_empty_space][\/vc_column][\/vc_row][vc_row][vc_column width=&#8221;1\/3&#8243; css=&#8221;.vc_custom_1584115889283{border-top-width: 1px !important;border-right-width: 1px !important;border-bottom-width: 1px !important;border-left-width: 1px !important;border-left-color: #f4f4f4 !important;border-left-style: solid !important;border-right-color: #f4f4f4 !important;border-right-style: solid !important;border-top-color: #f4f4f4 !important;border-top-style: solid !important;border-bottom-color: #f4f4f4 !important;border-bottom-style: solid !important;}&#8221;]<div class=\"aio-icon-component  vc_custom_1586779680586   style_1\"><div id=\"Info-box-wrap-1424\" class=\"aio-icon-box top-icon\" style=\"\"  ><div class=\"aio-icon-top\"><div class=\"ult-just-icon-wrapper  \"><div class=\"align-icon\" style=\"text-align:center;\">\n<div class=\"aio-icon-img  uavc-square \" style=\"font-size:32px;background:#fa4659;display:inline-block;\" >\n\t<img decoding=\"async\" class=\"img-icon\" alt=\"null\" src=\"https:\/\/bigshop.al\/wp-content\/uploads\/2020\/03\/truck.png\"\/>\n<\/div><\/div><\/div><\/div><div class=\"aio-icon-header\" ><h3 class=\"aio-icon-title ult-responsive\"  data-ultimate-target='#Info-box-wrap-1424 .aio-icon-title'  data-responsive-json-new='{\"font-size\":\"\",\"line-height\":\"\"}'  style=\"\">DOR\u00cbZIM I SHPEJT\u00cb<\/h3><\/div> <!-- header --><div class=\"aio-icon-description ult-responsive\"  data-ultimate-target='#Info-box-wrap-1424 .aio-icon-description'  data-responsive-json-new='{\"font-size\":\"\",\"line-height\":\"\"}'  style=\"\"><\/p>\n<p style=\"text-align: justify\"><span style=\"color: #000000\">Porosit\u00eb q\u00eb blini do t&#8217;ju arrijn\u00eb shum\u00eb shpejt n\u00eb sht\u00ebpin\u00eb tuaj pa q\u00ebn\u00eb nevoja q\u00eb t\u00eb prisni\u00a0 gjat\u00eb p\u00ebr produktin.<\/span><\/p>\n<p><\/div> <!-- description --><\/div> <!-- aio-icon-box --><\/div> <!-- aio-icon-component -->[\/vc_column][vc_column width=&#8221;1\/3&#8243; css=&#8221;.vc_custom_1584116850785{border-top-width: 1px !important;border-right-width: 1px !important;border-bottom-width: 1px !important;border-left-width: 1px !important;border-left-color: #f4f4f4 !important;border-left-style: solid !important;border-right-color: #f4f4f4 !important;border-right-style: solid !important;border-top-color: #f4f4f4 !important;border-top-style: solid !important;border-bottom-color: #f4f4f4 !important;border-bottom-style: solid !important;}&#8221;]<div class=\"aio-icon-component  vc_custom_1586779452119   style_1\"><div id=\"Info-box-wrap-9890\" class=\"aio-icon-box top-icon\" style=\"\"  ><div class=\"aio-icon-top\"><div class=\"ult-just-icon-wrapper  \"><div class=\"align-icon\" style=\"text-align:center;\">\n<div class=\"aio-icon-img  uavc-square \" style=\"font-size:32px;background:#fa4659;display:inline-block;\" >\n\t<img decoding=\"async\" class=\"img-icon\" alt=\"null\" src=\"https:\/\/bigshop.al\/wp-content\/uploads\/2020\/03\/best.png\"\/>\n<\/div><\/div><\/div><\/div><div class=\"aio-icon-header\" ><h3 class=\"aio-icon-title ult-responsive\"  data-ultimate-target='#Info-box-wrap-9890 .aio-icon-title'  data-responsive-json-new='{\"font-size\":\"\",\"line-height\":\"\"}'  style=\"\">CIL\u00cbSI E GARANTUAR<\/h3><\/div> <!-- header --><div class=\"aio-icon-description ult-responsive\"  data-ultimate-target='#Info-box-wrap-9890 .aio-icon-description'  data-responsive-json-new='{\"font-size\":\"\",\"line-height\":\"\"}'  style=\"\"><\/p>\n<p style=\"text-align: justify\"><span style=\"color: #000000\">Ofrojm\u00eb produkte cil\u00ebsore t\u00eb markave m\u00eb t\u00eb njohura n\u00eb treg p\u00ebr t\u00eb p\u00ebrmbushur \u00e7do nevoj\u00eb t\u00eb konsumatorit.<\/span><\/p>\n<p><\/div> <!-- description --><\/div> <!-- aio-icon-box --><\/div> <!-- aio-icon-component -->[\/vc_column][vc_column width=&#8221;1\/3&#8243; css=&#8221;.vc_custom_1584116870143{border-top-width: 1px !important;border-right-width: 1px !important;border-bottom-width: 1px !important;border-left-width: 1px !important;border-left-color: #f4f4f4 !important;border-left-style: solid !important;border-right-color: #f4f4f4 !important;border-right-style: solid !important;border-top-color: #f4f4f4 !important;border-top-style: solid !important;border-bottom-color: #f4f4f4 !important;border-bottom-style: solid !important;}&#8221;]<div class=\"aio-icon-component  vc_custom_1586779537242   style_1\"><div id=\"Info-box-wrap-3336\" class=\"aio-icon-box top-icon\" style=\"\"  ><div class=\"aio-icon-top\"><div class=\"ult-just-icon-wrapper  \"><div class=\"align-icon\" style=\"text-align:center;\">\n<div class=\"aio-icon-img  uavc-square \" style=\"font-size:32px;background:#fa4659;display:inline-block;\" >\n\t<img decoding=\"async\" class=\"img-icon\" alt=\"null\" src=\"https:\/\/bigshop.al\/wp-content\/uploads\/2020\/03\/money.png\"\/>\n<\/div><\/div><\/div><\/div><div class=\"aio-icon-header\" ><h3 class=\"aio-icon-title ult-responsive\"  data-ultimate-target='#Info-box-wrap-3336 .aio-icon-title'  data-responsive-json-new='{\"font-size\":\"\",\"line-height\":\"\"}'  style=\"\">\u00c7MIME KONKURUESE<\/h3><\/div> <!-- header --><div class=\"aio-icon-description ult-responsive\"  data-ultimate-target='#Info-box-wrap-3336 .aio-icon-description'  data-responsive-json-new='{\"font-size\":\"\",\"line-height\":\"\"}'  style=\"\"><\/p>\n<p style=\"text-align: justify\"><span style=\"color: #000000\">Produktet q\u00eb posedojm\u00eb dhe kemi n\u00eb dispozicion mund t&#8217;i gjeni me \u00e7mimet m\u00eb t\u00eb mira vet\u00ebm n\u00eb BIGSHOP.AL<\/span><\/p>\n<p><\/div> <!-- description --><\/div> <!-- aio-icon-box --><\/div> <!-- aio-icon-component -->[\/vc_column][\/vc_row]<\/p>\n<\/div>","protected":false},"excerpt":{"rendered":"<p>[vc_row bg_type=&#8221;bg_color&#8221; bg_override=&#8221;ex-full&#8221; bg_color_value=&#8221;#f4f4f4&#8243; css=&#8221;.vc_custom_1584115120321{margin-top: -70px !important;}&#8221;][vc_column width=&#8221;1\/2&#8243;][vc_empty_space][vc_custom_heading text=&#8221;RRETH NESH&#8221; font_container=&#8221;tag:h2|text_align:left|color:%23fa4659&#8243; google_fonts=&#8221;font_family:Roboto%20Condensed%3A300%2C300italic%2Cregular%2Citalic%2C700%2C700italic|font_style:400%20regular%3A400%3Anormal&#8221;][vc_zigzag align=&#8221;left&#8221; el_width=&#8221;10&#8243;][vc_empty_space height=&#8221;12px&#8221;][vc_custom_heading text=&#8221;BIGSHOP.AL \u00ebsht\u00eb kompani q\u00eb ju ofron mund\u00ebsin\u00eb t\u00eb blini online produkte cil\u00ebsore dhe me \u00e7mime tep\u00ebr t\u00eb arsyeshme brenda territorit t\u00eb Shqip\u00ebrise. Ofrojm\u00eb p\u00ebr konsumatorin nj\u00eb gam\u00eb t\u00eb gj\u00ebr\u00eb produktesh, p\u00ebr t\u00eb p\u00ebrmbushur \u00e7do lloj nevoje dhe k\u00ebrkese.&#8221; font_container=&#8221;tag:p|text_align:justify|color:%23000000&#8243; google_fonts=&#8221;font_family:Open%20Sans%3A300%2C300italic%2Cregular%2Citalic%2C600%2C600italic%2C700%2C700italic%2C800%2C800italic|font_style:400%20regular%3A400%3Anormal&#8221;][vc_empty_space&hellip;<\/p>\n","protected":false},"author":1,"featured_media":0,"parent":0,"menu_order":0,"comment_status":"closed","ping_status":"closed","template":"","meta":{"footnotes":""},"class_list":["post-1672","page","type-page","status-publish","hentry","description-off"],"_links":{"self":[{"href":"https:\/\/bigshop.al\/index.php\/wp-json\/wp\/v2\/pages\/1672","targetHints":{"allow":["GET"]}}],"collection":[{"href":"https:\/\/bigshop.al\/index.php\/wp-json\/wp\/v2\/pages"}],"about":[{"href":"https:\/\/bigshop.al\/index.php\/wp-json\/wp\/v2\/types\/page"}],"author":[{"embeddable":true,"href":"https:\/\/bigshop.al\/index.php\/wp-json\/wp\/v2\/users\/1"}],"replies":[{"embeddable":true,"href":"https:\/\/bigshop.al\/index.php\/wp-json\/wp\/v2\/comments?post=1672"}],"version-history":[{"count":25,"href":"https:\/\/bigshop.al\/index.php\/wp-json\/wp\/v2\/pages\/1672\/revisions"}],"predecessor-version":[{"id":2257,"href":"https:\/\/bigshop.al\/index.php\/wp-json\/wp\/v2\/pages\/1672\/revisions\/2257"}],"wp:attachment":[{"href":"https:\/\/bigshop.al\/index.php\/wp-json\/wp\/v2\/media?parent=1672"}],"curies":[{"name":"wp","href":"https:\/\/api.w.org\/{rel}","templated":true}]}}