{"id":1703,"date":"2020-03-13T17:00:52","date_gmt":"2020-03-13T17:00:52","guid":{"rendered":"https:\/\/bigshop.al\/?page_id=1703"},"modified":"2020-03-13T17:01:25","modified_gmt":"2020-03-13T17:01:25","slug":"privatesia","status":"publish","type":"page","link":"https:\/\/bigshop.al\/index.php\/privatesia\/","title":{"rendered":"PRIVAT\u00cbSIA"},"content":{"rendered":"<div class=\"wpb-content-wrapper\"><p>[vc_row][vc_column][vc_custom_heading text=&#8221;Privat\u00ebsia dhe mbrojtja e t\u00eb dh\u00ebnave personale&#8221; font_container=&#8221;tag:h2|text_align:left|color:%23fa4659&#8243; google_fonts=&#8221;font_family:Roboto%20Condensed%3A300%2C300italic%2Cregular%2Citalic%2C700%2C700italic|font_style:400%20regular%3A400%3Anormal&#8221;][vc_custom_heading text=&#8221;Detajet dhe t\u00eb dh\u00ebnat tuaja personale q\u00eb na jepni jan\u00eb thelb\u00ebsore p\u00ebr p\u00ebrpunimin dhe d\u00ebrgimin e porosive tuaja, kryerjen e sh\u00ebrbimeve nga ana jon\u00eb n\u00eb m\u00ebnyr\u00eb sa m\u00eb profesionale dhe efikase, si dhe p\u00ebr faturimin, prandaj mosdh\u00ebnia e k\u00ebtyre t\u00eb dh\u00ebnave do t\u00eb rezultoj\u00eb n\u00eb anulimin e porosis\u00eb suaj. Duke u rregjistruar n\u00eb Website, ju pranonin t\u00eb na jepni informacione t\u00eb v\u00ebrteta dhe t\u00eb sakta si dhe pranonin p\u00ebrpunimin e t\u00eb dh\u00ebnave personale nga ana jon\u00eb. Komunikimi i informacionit t\u00eb rrem\u00eb \u00ebsht\u00eb n\u00eb kund\u00ebrshtim me kushtet dhe termat e p\u00ebrgjithshme t\u00eb BIGSHOP.AL&#8221; font_container=&#8221;tag:p|text_align:justify|color:%23000000&#8243; google_fonts=&#8221;font_family:Open%20Sans%3A300%2C300italic%2Cregular%2Citalic%2C600%2C600italic%2C700%2C700italic%2C800%2C800italic|font_style:400%20regular%3A400%3Anormal&#8221;][vc_custom_heading text=&#8221;Ju keni t\u00eb drejt\u00ebn e p\u00ebrhershme p\u00ebr t\u00eb aksesuar dhe korrigjuar t\u00eb gjith\u00eb informacionin q\u00eb ju intereson, n\u00eb p\u00ebrputhje me ligjet nd\u00ebrkomb\u00ebtare dhe komb\u00ebtare t\u00eb vendit. Ju mundeni n\u00eb cdo koh\u00eb t\u00eb b\u00ebni k\u00ebrkes\u00eb te BIGSHOP.AL p\u00ebr t\u00eb gjetur se cfar\u00eb informacioni personal ne mbajm\u00eb n\u00eb lidhje me ju. Ju mundeni n\u00eb cdo koh\u00eb, dhe sipas k\u00ebrkes\u00ebs tuaj, t\u00eb modifikoni k\u00ebt\u00eb informacion. Ne do t\u00eb ruajm\u00eb dhe p\u00ebrpunojm\u00eb t\u00eb dh\u00ebnat tuaja personale n\u00eb p\u00ebrputhje me ligjin Nr.9887, dat\u00eb 10.03.2008, ndryshuar me ligjin Nr. 48\/2012 &#8220;P\u00ebr mbrojtjen e t\u00eb dh\u00ebnave personale &#8220;.&#8221; font_container=&#8221;tag:p|text_align:justify|color:%23000000&#8243; google_fonts=&#8221;font_family:Open%20Sans%3A300%2C300italic%2Cregular%2Citalic%2C600%2C600italic%2C700%2C700italic%2C800%2C800italic|font_style:400%20regular%3A400%3Anormal&#8221;][vc_custom_heading text=&#8221;Cookies rregjistrojn\u00eb disa informacione t\u00eb cilat ruhen n\u00eb hard drive tuaj. Ky informacion na mund\u00ebson t\u00eb gjenerojm\u00eb statistika n\u00eb baz\u00eb t\u00eb t\u00eb dh\u00ebnave nga vizitor\u00ebt n\u00eb faqen ton\u00eb dhe t\u00eb sygjerojm\u00eb produkte q\u00eb mund t\u00eb t&#8217;ju interesojn\u00eb sipas artikujve q\u00eb keni zgjedhur kur keni vizituar m\u00eb par\u00eb faqen BIGSHOP.AL Cookies nuk p\u00ebrmbajn\u00eb asnj\u00eb informacion konfidencial n\u00eb lidhje me ju.&#8221; font_container=&#8221;tag:p|text_align:justify|color:%23000000&#8243; google_fonts=&#8221;font_family:Open%20Sans%3A300%2C300italic%2Cregular%2Citalic%2C600%2C600italic%2C700%2C700italic%2C800%2C800italic|font_style:400%20regular%3A400%3Anormal&#8221;][\/vc_column][\/vc_row]<\/p>\n<\/div>","protected":false},"excerpt":{"rendered":"<p>[vc_row][vc_column][vc_custom_heading text=&#8221;Privat\u00ebsia dhe mbrojtja e t\u00eb dh\u00ebnave personale&#8221; font_container=&#8221;tag:h2|text_align:left|color:%23fa4659&#8243; google_fonts=&#8221;font_family:Roboto%20Condensed%3A300%2C300italic%2Cregular%2Citalic%2C700%2C700italic|font_style:400%20regular%3A400%3Anormal&#8221;][vc_custom_heading text=&#8221;Detajet dhe t\u00eb dh\u00ebnat tuaja personale q\u00eb na jepni jan\u00eb thelb\u00ebsore p\u00ebr p\u00ebrpunimin dhe d\u00ebrgimin e porosive tuaja, kryerjen e sh\u00ebrbimeve nga ana jon\u00eb n\u00eb m\u00ebnyr\u00eb sa m\u00eb profesionale dhe efikase, si dhe p\u00ebr faturimin, prandaj mosdh\u00ebnia e k\u00ebtyre t\u00eb dh\u00ebnave do t\u00eb rezultoj\u00eb n\u00eb&hellip;<\/p>\n","protected":false},"author":1,"featured_media":0,"parent":0,"menu_order":0,"comment_status":"closed","ping_status":"closed","template":"","meta":{"footnotes":""},"class_list":["post-1703","page","type-page","status-publish","hentry","description-off"],"_links":{"self":[{"href":"https:\/\/bigshop.al\/index.php\/wp-json\/wp\/v2\/pages\/1703","targetHints":{"allow":["GET"]}}],"collection":[{"href":"https:\/\/bigshop.al\/index.php\/wp-json\/wp\/v2\/pages"}],"about":[{"href":"https:\/\/bigshop.al\/index.php\/wp-json\/wp\/v2\/types\/page"}],"author":[{"embeddable":true,"href":"https:\/\/bigshop.al\/index.php\/wp-json\/wp\/v2\/users\/1"}],"replies":[{"embeddable":true,"href":"https:\/\/bigshop.al\/index.php\/wp-json\/wp\/v2\/comments?post=1703"}],"version-history":[{"count":3,"href":"https:\/\/bigshop.al\/index.php\/wp-json\/wp\/v2\/pages\/1703\/revisions"}],"predecessor-version":[{"id":1706,"href":"https:\/\/bigshop.al\/index.php\/wp-json\/wp\/v2\/pages\/1703\/revisions\/1706"}],"wp:attachment":[{"href":"https:\/\/bigshop.al\/index.php\/wp-json\/wp\/v2\/media?parent=1703"}],"curies":[{"name":"wp","href":"https:\/\/api.w.org\/{rel}","templated":true}]}}