{"id":1707,"date":"2020-03-13T17:19:55","date_gmt":"2020-03-13T17:19:55","guid":{"rendered":"https:\/\/bigshop.al\/?page_id=1707"},"modified":"2020-04-13T11:52:51","modified_gmt":"2020-04-13T11:52:51","slug":"metodat-e-pageses","status":"publish","type":"page","link":"https:\/\/bigshop.al\/index.php\/metodat-e-pageses\/","title":{"rendered":"METODAT E PAGES\u00cbS"},"content":{"rendered":"<div class=\"wpb-content-wrapper\"><p>[vc_row][vc_column][vc_custom_heading text=&#8221;METODAT E PAGES\u00cbS&#8221; font_container=&#8221;tag:h3|text_align:left|color:%23fa4659&#8243; google_fonts=&#8221;font_family:Roboto%20Condensed%3A300%2C300italic%2Cregular%2Citalic%2C700%2C700italic|font_style:400%20regular%3A400%3Anormal&#8221;][vc_custom_heading text=&#8221;BIGSHOP ju ofron 2 metoda pagese n\u00eb m\u00ebnyr\u00eb q\u00eb t\u00eb ju plot\u00ebsojm\u00eb t\u00eb gjitha k\u00ebrkesat.&#8221; font_container=&#8221;tag:h3|text_align:left|color:%23fa4659&#8243; google_fonts=&#8221;font_family:Roboto%20Condensed%3A300%2C300italic%2Cregular%2Citalic%2C700%2C700italic|font_style:400%20regular%3A400%3Anormal&#8221;]<div class=\"standard-arrow list-divider bullet-top\"><ul>\n<li><span style=\"color: #000000\">Paguaj cash n\u00eb dor\u00ebzim<\/span><\/li>\n<\/ul>\n<p><span style=\"color: #000000\">Parat\u00eb i dor\u00ebzohen korrierit n\u00eb momentin q\u00eb merrni porosin\u00eb.<\/span><\/p>\n<ul>\n<li><span style=\"color: #000000\">Me transfert\u00eb bankare<\/span><\/li>\n<\/ul>\n<p><span style=\"color: #000000\">Kjo m\u00ebnyr\u00eb vlen p\u00ebr t\u00eb gjith\u00eb, kudo q\u00eb ndodheni. Gjat\u00eb pro\u00e7esit t\u00eb blerjes, n\u00ebse zgjidhni k\u00ebt\u00eb m\u00ebnyr\u00eb, do ju shfaqet dy llogari bankare, nj\u00ebra p\u00ebr monedh\u00ebn n\u00eb LEK\u00cb dhe tjetra p\u00ebr monedh\u00ebn n\u00eb EURO. T\u00eb dyja llogarit\u00eb jan\u00eb nga BKT dhe jan\u00eb t\u00eb rregjistruara n\u00eb em\u00ebr t\u00eb Shahaj Group sh.p.k pasi BIGSHOP.AL \u00ebsht\u00eb pjes\u00eb e k\u00ebsaj kompanie. K\u00ebshtu \u00e7do pages\u00eb e depozituar n\u00eb k\u00ebt\u00eb llogari, \u00ebsht\u00eb e sigurt\u00eb dhe ju keni t\u00eb drejt\u00ebn ta merrni mbrapsht n\u00ebse nuk plot\u00ebsojm\u00eb kushtet dhe premtimet q\u00eb ju japim.<\/span><\/p>\n<\/div>[vc_custom_heading text=&#8221;BKT&#8221; font_container=&#8221;tag:h3|text_align:left|color:%23fa4659&#8243; google_fonts=&#8221;font_family:Roboto%20Condensed%3A300%2C300italic%2Cregular%2Citalic%2C700%2C700italic|font_style:400%20regular%3A400%3Anormal&#8221;]<div class=\"standard-arrow list-divider bullet-top\"><ul>\n<li><span style=\"color: #000000\">IBAN LEK : AL2720511650005384CLPRCLALLW<\/span><\/li>\n<li><span style=\"color: #000000\">Nr LEK : 515005384CLPRCLALLWF<\/span><\/li>\n<li><span style=\"color: #000000\">Nr EUR : 515005384<\/span><\/li>\n<\/ul>\n<\/div>[\/vc_column][\/vc_row]<\/p>\n<\/div>","protected":false},"excerpt":{"rendered":"<p>[vc_row][vc_column][vc_custom_heading text=&#8221;METODAT E PAGES\u00cbS&#8221; font_container=&#8221;tag:h3|text_align:left|color:%23fa4659&#8243; google_fonts=&#8221;font_family:Roboto%20Condensed%3A300%2C300italic%2Cregular%2Citalic%2C700%2C700italic|font_style:400%20regular%3A400%3Anormal&#8221;][vc_custom_heading text=&#8221;BIGSHOP ju ofron 2 metoda pagese n\u00eb m\u00ebnyr\u00eb q\u00eb t\u00eb ju plot\u00ebsojm\u00eb t\u00eb gjitha k\u00ebrkesat.&#8221; font_container=&#8221;tag:h3|text_align:left|color:%23fa4659&#8243; google_fonts=&#8221;font_family:Roboto%20Condensed%3A300%2C300italic%2Cregular%2Citalic%2C700%2C700italic|font_style:400%20regular%3A400%3Anormal&#8221;][vc_custom_heading text=&#8221;BKT&#8221; font_container=&#8221;tag:h3|text_align:left|color:%23fa4659&#8243; google_fonts=&#8221;font_family:Roboto%20Condensed%3A300%2C300italic%2Cregular%2Citalic%2C700%2C700italic|font_style:400%20regular%3A400%3Anormal&#8221;][\/vc_column][\/vc_row]<\/p>\n","protected":false},"author":1,"featured_media":0,"parent":0,"menu_order":0,"comment_status":"closed","ping_status":"closed","template":"","meta":{"footnotes":""},"class_list":["post-1707","page","type-page","status-publish","hentry","description-off"],"_links":{"self":[{"href":"https:\/\/bigshop.al\/index.php\/wp-json\/wp\/v2\/pages\/1707","targetHints":{"allow":["GET"]}}],"collection":[{"href":"https:\/\/bigshop.al\/index.php\/wp-json\/wp\/v2\/pages"}],"about":[{"href":"https:\/\/bigshop.al\/index.php\/wp-json\/wp\/v2\/types\/page"}],"author":[{"embeddable":true,"href":"https:\/\/bigshop.al\/index.php\/wp-json\/wp\/v2\/users\/1"}],"replies":[{"embeddable":true,"href":"https:\/\/bigshop.al\/index.php\/wp-json\/wp\/v2\/comments?post=1707"}],"version-history":[{"count":6,"href":"https:\/\/bigshop.al\/index.php\/wp-json\/wp\/v2\/pages\/1707\/revisions"}],"predecessor-version":[{"id":2250,"href":"https:\/\/bigshop.al\/index.php\/wp-json\/wp\/v2\/pages\/1707\/revisions\/2250"}],"wp:attachment":[{"href":"https:\/\/bigshop.al\/index.php\/wp-json\/wp\/v2\/media?parent=1707"}],"curies":[{"name":"wp","href":"https:\/\/api.w.org\/{rel}","templated":true}]}}