{"id":2891,"date":"2020-04-22T16:43:19","date_gmt":"2020-04-22T16:43:19","guid":{"rendered":"https:\/\/bigshop.al\/?page_id=2891"},"modified":"2020-04-22T16:43:19","modified_gmt":"2020-04-22T16:43:19","slug":"gjej-kodin-postar","status":"publish","type":"page","link":"https:\/\/bigshop.al\/index.php\/gjej-kodin-postar\/","title":{"rendered":"GJEJ KODIN POSTAR"},"content":{"rendered":"<p>1000 Rrethi i Tiran\u00ebs<br \/>\n1500 Rrethi i Kruj\u00ebs<br \/>\n2000 Rrethi i Durr\u00ebsit<br \/>\n2500 Rrethi i Kavaj\u00ebs<br \/>\n3000 Rrethi i Elbasanit<br \/>\n3300 Rrethi i Gramshit<br \/>\n3400 Rrethi i Librazhdit<br \/>\n3500 Rrethi i Peqinit<br \/>\n4000 Rrethi i Shkodr\u00ebs<br \/>\n4300 Rrethi i Mal\u00ebsis\u00eb s\u00eb Madhe<br \/>\n4400 Rrethi i Puk\u00ebs<br \/>\n4500 Rrethi i Lezh\u00ebs<br \/>\n4600 Rrethi i Mirdit\u00ebs<br \/>\n4700 Rrethi i Kurbinit<br \/>\n5000 Rrethi i Beratit<br \/>\n5300 Rrethi i Ku\u00e7ov\u00ebs<br \/>\n5400 Rrethi i Skraparit<br \/>\n6000 Rrethi i Gjirokastr\u00ebs<br \/>\n6300 Rrethi i Tepelen\u00ebs<br \/>\n6400 Rrethi i P\u00ebrmetit<br \/>\n7000 Rrethi i Kor\u00e7\u00ebs<br \/>\n7300 Rrethi i Pogradecit<br \/>\n7400 Rrethi i Kolonj\u00ebs<br \/>\n8000 Rrethi i Matit<br \/>\n8300 Rrethi i Dibr\u00ebs<br \/>\n8400 Rrethi i Bulqiz\u00ebs<br \/>\n8500 Rrethi i Kuk\u00ebsit<br \/>\n8600 Rrethi i Hasit<br \/>\n8700 Rrethi i Tropoj\u00ebs<br \/>\n9000 Rrethi i Lushnj\u00ebs<br \/>\n9300 Rrethi i Fierit<br \/>\n9400 Rrethi i Vlor\u00ebs<br \/>\n9700 Rrethi i Sarand\u00ebs<\/p>\n","protected":false},"excerpt":{"rendered":"<p>1000 Rrethi i Tiran\u00ebs 1500 Rrethi i Kruj\u00ebs 2000 Rrethi i Durr\u00ebsit 2500 Rrethi i Kavaj\u00ebs 3000 Rrethi i Elbasanit 3300 Rrethi i Gramshit 3400 Rrethi i Librazhdit 3500 Rrethi i Peqinit 4000 Rrethi i Shkodr\u00ebs 4300 Rrethi i Mal\u00ebsis\u00eb s\u00eb Madhe 4400 Rrethi i Puk\u00ebs 4500 Rrethi i Lezh\u00ebs 4600 Rrethi i Mirdit\u00ebs 4700&hellip;<\/p>\n","protected":false},"author":1,"featured_media":0,"parent":0,"menu_order":0,"comment_status":"closed","ping_status":"closed","template":"","meta":{"footnotes":""},"class_list":["post-2891","page","type-page","status-publish","hentry","description-off"],"_links":{"self":[{"href":"https:\/\/bigshop.al\/index.php\/wp-json\/wp\/v2\/pages\/2891","targetHints":{"allow":["GET"]}}],"collection":[{"href":"https:\/\/bigshop.al\/index.php\/wp-json\/wp\/v2\/pages"}],"about":[{"href":"https:\/\/bigshop.al\/index.php\/wp-json\/wp\/v2\/types\/page"}],"author":[{"embeddable":true,"href":"https:\/\/bigshop.al\/index.php\/wp-json\/wp\/v2\/users\/1"}],"replies":[{"embeddable":true,"href":"https:\/\/bigshop.al\/index.php\/wp-json\/wp\/v2\/comments?post=2891"}],"version-history":[{"count":1,"href":"https:\/\/bigshop.al\/index.php\/wp-json\/wp\/v2\/pages\/2891\/revisions"}],"predecessor-version":[{"id":2892,"href":"https:\/\/bigshop.al\/index.php\/wp-json\/wp\/v2\/pages\/2891\/revisions\/2892"}],"wp:attachment":[{"href":"https:\/\/bigshop.al\/index.php\/wp-json\/wp\/v2\/media?parent=2891"}],"curies":[{"name":"wp","href":"https:\/\/api.w.org\/{rel}","templated":true}]}}