{"id":2701,"date":"2020-04-21T09:00:19","date_gmt":"2020-04-21T09:00:19","guid":{"rendered":"https:\/\/bigshop.al\/?post_type=product&#038;p=2701"},"modified":"2020-06-26T13:45:41","modified_gmt":"2020-06-26T13:45:41","slug":"cante-shpine-hp-value","status":"publish","type":"product","link":"https:\/\/bigshop.al\/index.php\/product\/cante-shpine-hp-value\/","title":{"rendered":"Cante Shpine HP VALUE"},"content":{"rendered":"","protected":false},"excerpt":{"rendered":"<ul>\n<li>Cante Shpine HP 15.6 Value<\/li>\n<li>Projektuar p\u00ebr rehati t\u00eb p\u00ebrditshme me rrjet\u00eb me ajrosje t\u00eb rregullueshme dhe me panel t\u00eb pasm\u00eb plot\u00ebsisht t\u00eb mbushur.<\/li>\n<li>Xhepat me q\u00ebllim p\u00ebrfshijn\u00eb nj\u00eb ndarje t\u00eb brendshme t\u00eb dedikuar p\u00ebr laptop\u00eb deri 39.6 cm, s\u00eb bashku me xhepa t\u00eb shumte te organizuar p\u00ebr stilolapsa, celulare dhe pajisje shtes\u00eb.<\/li>\n<li>P\u00ebrshtat platformat deri n\u00eb 39.6 cm (15.6 &#8220;).<\/li>\n<li><span lang=\"sq\">Pesha: 0.465 kg <\/span><\/li>\n<li><span lang=\"sq\">Dimensionet (W x D x H) 310 x 100 x 445 mm<\/span><\/li>\n<\/ul>\n<div class=\"jhH5U\">\n<div id=\"tw-ob\" class=\"tw-src-ltr\">\n<div class=\"oSioSc\">\n<div id=\"tw-target\">\n<div id=\"kAz1tf\" class=\"g9WsWb\">\n<div id=\"tw-target-text-container\" class=\"tw-ta-container hide-focus-ring tw-nfl\" tabindex=\"0\">\n<p>&nbsp;<\/p>\n<\/div>\n<\/div>\n<\/div>\n<\/div>\n<\/div>\n<\/div>\n<dl>\n<dd><\/dd>\n<\/dl>\n","protected":false},"featured_media":2702,"template":"","meta":[],"product_brand":[],"product_cat":[36,38,24],"product_tag":[],"class_list":{"0":"post-2701","1":"product","2":"type-product","3":"status-publish","4":"has-post-thumbnail","6":"product_cat-aksesore","7":"product_cat-cante-laptopi","8":"product_cat-elektronike","9":"description-off","11":"first","12":"instock","13":"sale","14":"shipping-taxable","15":"purchasable","16":"product-type-simple"},"_links":{"self":[{"href":"https:\/\/bigshop.al\/index.php\/wp-json\/wp\/v2\/product\/2701","targetHints":{"allow":["GET"]}}],"collection":[{"href":"https:\/\/bigshop.al\/index.php\/wp-json\/wp\/v2\/product"}],"about":[{"href":"https:\/\/bigshop.al\/index.php\/wp-json\/wp\/v2\/types\/product"}],"wp:featuredmedia":[{"embeddable":true,"href":"https:\/\/bigshop.al\/index.php\/wp-json\/wp\/v2\/media\/2702"}],"wp:attachment":[{"href":"https:\/\/bigshop.al\/index.php\/wp-json\/wp\/v2\/media?parent=2701"}],"wp:term":[{"taxonomy":"product_brand","embeddable":true,"href":"https:\/\/bigshop.al\/index.php\/wp-json\/wp\/v2\/product_brand?post=2701"},{"taxonomy":"product_cat","embeddable":true,"href":"https:\/\/bigshop.al\/index.php\/wp-json\/wp\/v2\/product_cat?post=2701"},{"taxonomy":"product_tag","embeddable":true,"href":"https:\/\/bigshop.al\/index.php\/wp-json\/wp\/v2\/product_tag?post=2701"}],"curies":[{"name":"wp","href":"https:\/\/api.w.org\/{rel}","templated":true}]}}