{"id":3309,"date":"2020-04-29T10:49:55","date_gmt":"2020-04-29T10:49:55","guid":{"rendered":"https:\/\/bigshop.al\/?post_type=product&#038;p=3309"},"modified":"2020-06-26T08:13:00","modified_gmt":"2020-06-26T08:13:00","slug":"mouse-gaming-trust-pad","status":"publish","type":"product","link":"https:\/\/bigshop.al\/index.php\/product\/mouse-gaming-trust-pad\/","title":{"rendered":"Mouse Gaming TRUST + PAD"},"content":{"rendered":"","protected":false},"excerpt":{"rendered":"<ul>\n<li>Trust Mouse + Pad Rixa Camo<\/li>\n<li>Sensori me precizitet t\u00eb lart\u00eb 3200 DPI p\u00ebr p\u00ebrcjellje t\u00eb sakte.<\/li>\n<li>Ndri\u00e7im LED me efekt frym\u00ebmarrjeje n\u00eb 4 ngjyra 6 butona t\u00eb p\u00ebrgjegjsh\u00ebm.<\/li>\n<li>Butoni i zgjedhjes s\u00eb shpejt\u00ebsis\u00eb (800-1200-2400-3200 DPI).<\/li>\n<li>P\u00ebrfshir\u00eb jast\u00ebkun e mausit(220x300mm) me sip\u00ebrfaqe t\u00eb optimizuar dhe baz\u00eb gome jo t\u00eb rr\u00ebshqitshme.<\/li>\n<\/ul>\n","protected":false},"featured_media":3310,"template":"","meta":[],"product_brand":[],"product_cat":[24,51,50],"product_tag":[],"class_list":{"0":"post-3309","1":"product","2":"type-product","3":"status-publish","4":"has-post-thumbnail","6":"product_cat-elektronike","7":"product_cat-mouse","8":"product_cat-mouse-tastiere","9":"description-off","11":"first","12":"instock","13":"shipping-taxable","14":"purchasable","15":"product-type-simple"},"_links":{"self":[{"href":"https:\/\/bigshop.al\/index.php\/wp-json\/wp\/v2\/product\/3309","targetHints":{"allow":["GET"]}}],"collection":[{"href":"https:\/\/bigshop.al\/index.php\/wp-json\/wp\/v2\/product"}],"about":[{"href":"https:\/\/bigshop.al\/index.php\/wp-json\/wp\/v2\/types\/product"}],"wp:featuredmedia":[{"embeddable":true,"href":"https:\/\/bigshop.al\/index.php\/wp-json\/wp\/v2\/media\/3310"}],"wp:attachment":[{"href":"https:\/\/bigshop.al\/index.php\/wp-json\/wp\/v2\/media?parent=3309"}],"wp:term":[{"taxonomy":"product_brand","embeddable":true,"href":"https:\/\/bigshop.al\/index.php\/wp-json\/wp\/v2\/product_brand?post=3309"},{"taxonomy":"product_cat","embeddable":true,"href":"https:\/\/bigshop.al\/index.php\/wp-json\/wp\/v2\/product_cat?post=3309"},{"taxonomy":"product_tag","embeddable":true,"href":"https:\/\/bigshop.al\/index.php\/wp-json\/wp\/v2\/product_tag?post=3309"}],"curies":[{"name":"wp","href":"https:\/\/api.w.org\/{rel}","templated":true}]}}