{"id":3668,"date":"2020-05-04T12:24:17","date_gmt":"2020-05-04T12:24:17","guid":{"rendered":"https:\/\/bigshop.al\/?post_type=product&#038;p=3668"},"modified":"2020-06-10T09:55:41","modified_gmt":"2020-06-10T09:55:41","slug":"bokse-60w","status":"publish","type":"product","link":"https:\/\/bigshop.al\/index.php\/product\/bokse-60w\/","title":{"rendered":"Bokse 60W"},"content":{"rendered":"","protected":false},"excerpt":{"rendered":"<p>Bokse te jashtme 60W 2-Way<\/p>\n<ul>\n<li id=\"tw-target-text\" class=\"tw-data-text tw-text-large XcVN5d tw-ta\" dir=\"ltr\" data-placeholder=\"P\u00ebrkthimi\"><span lang=\"sq\">Rezistent i motit t\u00eb brendsh\u00ebm \/ t\u00eb jasht\u00ebm <\/span><\/li>\n<li class=\"tw-data-text tw-text-large XcVN5d tw-ta\" dir=\"ltr\" data-placeholder=\"P\u00ebrkthimi\"><span lang=\"sq\">Altoparlant\u00ebt | 70V p\u00ebr performanc\u00eb t\u00eb lart\u00eb\u00a0<\/span><\/li>\n<li class=\"tw-data-text tw-text-large XcVN5d tw-ta\" dir=\"ltr\" data-placeholder=\"P\u00ebrkthimi\"><span lang=\"sq\">\u00a0Trajtimi i energjis\u00eb: RMS: 65W, MAX: 130W\u00a0<\/span><\/li>\n<li class=\"tw-data-text tw-text-large XcVN5d tw-ta\" dir=\"ltr\" data-placeholder=\"P\u00ebrkthimi\"><span lang=\"sq\">Trupi plastik ABS i trajtuar me UV <\/span><\/li>\n<li class=\"tw-data-text tw-text-large XcVN5d tw-ta\" dir=\"ltr\" data-placeholder=\"P\u00ebrkthimi\"><span lang=\"sq\">Dome m\u00ebndafshi <\/span><\/li>\n<li class=\"tw-data-text tw-text-large XcVN5d tw-ta\" dir=\"ltr\" data-placeholder=\"P\u00ebrkthimi\"><span lang=\"sq\">Dimensionet: 8.5 &#8220;W x 11.25&#8221; H x 7 &#8220;D | <\/span><\/li>\n<li class=\"tw-data-text tw-text-large XcVN5d tw-ta\" dir=\"ltr\" data-placeholder=\"P\u00ebrkthimi\"><span lang=\"sq\">Ngjyra: E Bardh\u00eb<\/span><\/li>\n<\/ul>\n","protected":false},"featured_media":3669,"template":"","meta":[],"product_brand":[],"product_cat":[36,346,24],"product_tag":[],"class_list":{"0":"post-3668","1":"product","2":"type-product","3":"status-publish","4":"has-post-thumbnail","6":"product_cat-aksesore","7":"product_cat-bokse","8":"product_cat-elektronike","9":"description-off","11":"first","12":"instock","13":"shipping-taxable","14":"purchasable","15":"product-type-simple"},"_links":{"self":[{"href":"https:\/\/bigshop.al\/index.php\/wp-json\/wp\/v2\/product\/3668","targetHints":{"allow":["GET"]}}],"collection":[{"href":"https:\/\/bigshop.al\/index.php\/wp-json\/wp\/v2\/product"}],"about":[{"href":"https:\/\/bigshop.al\/index.php\/wp-json\/wp\/v2\/types\/product"}],"wp:featuredmedia":[{"embeddable":true,"href":"https:\/\/bigshop.al\/index.php\/wp-json\/wp\/v2\/media\/3669"}],"wp:attachment":[{"href":"https:\/\/bigshop.al\/index.php\/wp-json\/wp\/v2\/media?parent=3668"}],"wp:term":[{"taxonomy":"product_brand","embeddable":true,"href":"https:\/\/bigshop.al\/index.php\/wp-json\/wp\/v2\/product_brand?post=3668"},{"taxonomy":"product_cat","embeddable":true,"href":"https:\/\/bigshop.al\/index.php\/wp-json\/wp\/v2\/product_cat?post=3668"},{"taxonomy":"product_tag","embeddable":true,"href":"https:\/\/bigshop.al\/index.php\/wp-json\/wp\/v2\/product_tag?post=3668"}],"curies":[{"name":"wp","href":"https:\/\/api.w.org\/{rel}","templated":true}]}}