{"id":3680,"date":"2020-05-04T14:59:09","date_gmt":"2020-05-04T14:59:09","guid":{"rendered":"https:\/\/bigshop.al\/?post_type=product&#038;p=3680"},"modified":"2020-06-10T10:10:39","modified_gmt":"2020-06-10T10:10:39","slug":"bokse-creative-subwoofer","status":"publish","type":"product","link":"https:\/\/bigshop.al\/index.php\/product\/bokse-creative-subwoofer\/","title":{"rendered":"Bokse Creative Subwoofer"},"content":{"rendered":"","protected":false},"excerpt":{"rendered":"<p>Bokse CREATIVE SPEAKERS A-250<\/p>\n<ul>\n<li>Cil\u00ebsi e lart\u00eb, e q\u00ebndrueshme, 2.1CH<\/li>\n<li>Dizajn i q\u00ebndruesh\u00ebm<\/li>\n<li>Shtypja e vog\u00ebl me k\u00ebmb\u00eb satelitore siguron mund\u00ebsi t\u00eb leht\u00eb vendosjeje<\/li>\n<li>Rregulluar me porosi, duke shkrepur subwoofer t\u00eb portierizuar p\u00ebr at\u00eb zhurm\u00eb n\u00eb muzik\u00ebn tuaj<\/li>\n<li>Nd\u00ebrprer\u00ebs i integruar \/ \u00e7aktivizuar me kontrollin e v\u00ebllimit p\u00ebr leht\u00ebsi<\/li>\n<\/ul>\n","protected":false},"featured_media":3681,"template":"","meta":[],"product_brand":[],"product_cat":[36,346,24],"product_tag":[],"class_list":{"0":"post-3680","1":"product","2":"type-product","3":"status-publish","4":"has-post-thumbnail","6":"product_cat-aksesore","7":"product_cat-bokse","8":"product_cat-elektronike","9":"description-off","11":"first","12":"instock","13":"shipping-taxable","14":"purchasable","15":"product-type-simple"},"_links":{"self":[{"href":"https:\/\/bigshop.al\/index.php\/wp-json\/wp\/v2\/product\/3680","targetHints":{"allow":["GET"]}}],"collection":[{"href":"https:\/\/bigshop.al\/index.php\/wp-json\/wp\/v2\/product"}],"about":[{"href":"https:\/\/bigshop.al\/index.php\/wp-json\/wp\/v2\/types\/product"}],"wp:featuredmedia":[{"embeddable":true,"href":"https:\/\/bigshop.al\/index.php\/wp-json\/wp\/v2\/media\/3681"}],"wp:attachment":[{"href":"https:\/\/bigshop.al\/index.php\/wp-json\/wp\/v2\/media?parent=3680"}],"wp:term":[{"taxonomy":"product_brand","embeddable":true,"href":"https:\/\/bigshop.al\/index.php\/wp-json\/wp\/v2\/product_brand?post=3680"},{"taxonomy":"product_cat","embeddable":true,"href":"https:\/\/bigshop.al\/index.php\/wp-json\/wp\/v2\/product_cat?post=3680"},{"taxonomy":"product_tag","embeddable":true,"href":"https:\/\/bigshop.al\/index.php\/wp-json\/wp\/v2\/product_tag?post=3680"}],"curies":[{"name":"wp","href":"https:\/\/api.w.org\/{rel}","templated":true}]}}