{"id":3683,"date":"2020-05-04T15:02:18","date_gmt":"2020-05-04T15:02:18","guid":{"rendered":"https:\/\/bigshop.al\/?post_type=product&#038;p=3683"},"modified":"2020-06-11T08:45:32","modified_gmt":"2020-06-11T08:45:32","slug":"bokse-trust-vigor","status":"publish","type":"product","link":"https:\/\/bigshop.al\/index.php\/product\/bokse-trust-vigor\/","title":{"rendered":"Bokse Trust Vigor"},"content":{"rendered":"","protected":false},"excerpt":{"rendered":"<p>Bokse Trust Vigor 2.1 50W<\/p>\n<div class=\"jhH5U\">\n<div id=\"tw-ob\" class=\"tw-src-ltr\">\n<div class=\"oSioSc\">\n<div id=\"tw-target\">\n<div id=\"kAz1tf\" class=\"g9WsWb\">\n<div id=\"tw-target-text-container\" class=\"tw-ta-container hide-focus-ring tw-nfl\" tabindex=\"0\">\n<ul>\n<li class=\"tw-data-text tw-text-large XcVN5d tw-ta\" dir=\"ltr\" data-placeholder=\"P\u00ebrkthimi\"><span lang=\"sq\">Material i forte, <\/span>prej druri dhe satelit\u00ebt<\/li>\n<li dir=\"ltr\" data-placeholder=\"P\u00ebrkthimi\"><span lang=\"sq\">Tingull me cil\u00ebsi t\u00eb lart\u00eb me bas t\u00eb thell\u00eb.<\/span><\/li>\n<li dir=\"ltr\" data-placeholder=\"P\u00ebrkthimi\">Kontroll i p\u00ebrshtatsh\u00ebm i tensionit me tel me kufje dhe lidhje linje.<\/li>\n<li dir=\"ltr\" data-placeholder=\"P\u00ebrkthimi\">Kontrolli i v\u00ebllimit dhe basit.<\/li>\n<li dir=\"ltr\" data-placeholder=\"P\u00ebrkthimi\">P\u00ebrdorni me pc, tablet, telefon, TV, DVD, CD, mp3 ose pajisje t\u00eb tjera audio.<\/li>\n<\/ul>\n<\/div>\n<\/div>\n<\/div>\n<\/div>\n<\/div>\n<div id=\"tw-images\"><\/div>\n<div class=\"dURPtb\"><\/div>\n<div>\n<div><\/div>\n<\/div>\n<\/div>\n","protected":false},"featured_media":3684,"template":"","meta":[],"product_brand":[],"product_cat":[36,346,24],"product_tag":[],"class_list":{"0":"post-3683","1":"product","2":"type-product","3":"status-publish","4":"has-post-thumbnail","6":"product_cat-aksesore","7":"product_cat-bokse","8":"product_cat-elektronike","9":"description-off","11":"first","12":"instock","13":"shipping-taxable","14":"purchasable","15":"product-type-simple"},"_links":{"self":[{"href":"https:\/\/bigshop.al\/index.php\/wp-json\/wp\/v2\/product\/3683","targetHints":{"allow":["GET"]}}],"collection":[{"href":"https:\/\/bigshop.al\/index.php\/wp-json\/wp\/v2\/product"}],"about":[{"href":"https:\/\/bigshop.al\/index.php\/wp-json\/wp\/v2\/types\/product"}],"wp:featuredmedia":[{"embeddable":true,"href":"https:\/\/bigshop.al\/index.php\/wp-json\/wp\/v2\/media\/3684"}],"wp:attachment":[{"href":"https:\/\/bigshop.al\/index.php\/wp-json\/wp\/v2\/media?parent=3683"}],"wp:term":[{"taxonomy":"product_brand","embeddable":true,"href":"https:\/\/bigshop.al\/index.php\/wp-json\/wp\/v2\/product_brand?post=3683"},{"taxonomy":"product_cat","embeddable":true,"href":"https:\/\/bigshop.al\/index.php\/wp-json\/wp\/v2\/product_cat?post=3683"},{"taxonomy":"product_tag","embeddable":true,"href":"https:\/\/bigshop.al\/index.php\/wp-json\/wp\/v2\/product_tag?post=3683"}],"curies":[{"name":"wp","href":"https:\/\/api.w.org\/{rel}","templated":true}]}}