{"id":3686,"date":"2020-05-05T07:42:27","date_gmt":"2020-05-05T07:42:27","guid":{"rendered":"https:\/\/bigshop.al\/?post_type=product&#038;p=3686"},"modified":"2020-06-10T13:02:34","modified_gmt":"2020-06-10T13:02:34","slug":"bokse-trust-7","status":"publish","type":"product","link":"https:\/\/bigshop.al\/index.php\/product\/bokse-trust-7\/","title":{"rendered":"Bokse Trust"},"content":{"rendered":"","protected":false},"excerpt":{"rendered":"<p>Bokse Trust 2.1 me Bluetooth<\/p>\n<ul>\n<li id=\"tw-target-text\" class=\"tw-data-text tw-text-large XcVN5d tw-ta\" dir=\"ltr\" data-placeholder=\"P\u00ebrkthimi\"><span lang=\"sq\">Fuqia maksimale 120W (60 Watt RMS) <\/span><\/li>\n<li class=\"tw-data-text tw-text-large XcVN5d tw-ta\" dir=\"ltr\" data-placeholder=\"P\u00ebrkthimi\"><span lang=\"sq\">Lidhen me tela ose me teknologjin\u00eb Bluetooth pa tela <\/span><\/li>\n<li class=\"tw-data-text tw-text-large XcVN5d tw-ta\" dir=\"ltr\" data-placeholder=\"P\u00ebrkthimi\"><span lang=\"sq\">Tingull me cil\u00ebsi t\u00eb lart\u00eb me telashe t\u00eb thell\u00eb telekomand\u00eb me kufje<\/span><span lang=\"sq\">\u00a0dhe smartphone \/ lidhje MP3<\/span><\/li>\n<li class=\"tw-data-text tw-text-large XcVN5d tw-ta\" dir=\"ltr\" data-placeholder=\"P\u00ebrkthimi\"><span lang=\"sq\">Mbeshtetja\u00a0 e energjis\u00eb elektrike: Qendron\u00a0 n\u00eb gjendje pritjeje kur nuk \u00ebsht\u00eb n\u00eb p\u00ebrdorim.<\/span><\/li>\n<\/ul>\n","protected":false},"featured_media":3687,"template":"","meta":[],"product_brand":[],"product_cat":[36,346,24],"product_tag":[],"class_list":{"0":"post-3686","1":"product","2":"type-product","3":"status-publish","4":"has-post-thumbnail","6":"product_cat-aksesore","7":"product_cat-bokse","8":"product_cat-elektronike","9":"description-off","11":"first","12":"instock","13":"shipping-taxable","14":"purchasable","15":"product-type-simple"},"_links":{"self":[{"href":"https:\/\/bigshop.al\/index.php\/wp-json\/wp\/v2\/product\/3686","targetHints":{"allow":["GET"]}}],"collection":[{"href":"https:\/\/bigshop.al\/index.php\/wp-json\/wp\/v2\/product"}],"about":[{"href":"https:\/\/bigshop.al\/index.php\/wp-json\/wp\/v2\/types\/product"}],"wp:featuredmedia":[{"embeddable":true,"href":"https:\/\/bigshop.al\/index.php\/wp-json\/wp\/v2\/media\/3687"}],"wp:attachment":[{"href":"https:\/\/bigshop.al\/index.php\/wp-json\/wp\/v2\/media?parent=3686"}],"wp:term":[{"taxonomy":"product_brand","embeddable":true,"href":"https:\/\/bigshop.al\/index.php\/wp-json\/wp\/v2\/product_brand?post=3686"},{"taxonomy":"product_cat","embeddable":true,"href":"https:\/\/bigshop.al\/index.php\/wp-json\/wp\/v2\/product_cat?post=3686"},{"taxonomy":"product_tag","embeddable":true,"href":"https:\/\/bigshop.al\/index.php\/wp-json\/wp\/v2\/product_tag?post=3686"}],"curies":[{"name":"wp","href":"https:\/\/api.w.org\/{rel}","templated":true}]}}