{"id":3689,"date":"2020-05-05T07:46:42","date_gmt":"2020-05-05T07:46:42","guid":{"rendered":"https:\/\/bigshop.al\/?post_type=product&#038;p=3689"},"modified":"2020-06-10T13:35:10","modified_gmt":"2020-06-10T13:35:10","slug":"bokse-trust-8","status":"publish","type":"product","link":"https:\/\/bigshop.al\/index.php\/product\/bokse-trust-8\/","title":{"rendered":"Bokse Trust"},"content":{"rendered":"","protected":false},"excerpt":{"rendered":"<p>Bokse Trust PC 5.1<\/p>\n<ul>\n<li>Surround System, Vigor<\/li>\n<li>Fuqia maksimale 150W (75 Watt RMS)<\/li>\n<li>Telekomand\u00eb pa tel i p\u00ebrfshir\u00eb p\u00ebr t\u00eb kontrolluar boksin ne distanc\u00eb.<\/li>\n<\/ul>\n","protected":false},"featured_media":3690,"template":"","meta":[],"product_brand":[],"product_cat":[36,346,24],"product_tag":[],"class_list":{"0":"post-3689","1":"product","2":"type-product","3":"status-publish","4":"has-post-thumbnail","6":"product_cat-aksesore","7":"product_cat-bokse","8":"product_cat-elektronike","9":"description-off","11":"first","12":"instock","13":"shipping-taxable","14":"purchasable","15":"product-type-simple"},"_links":{"self":[{"href":"https:\/\/bigshop.al\/index.php\/wp-json\/wp\/v2\/product\/3689","targetHints":{"allow":["GET"]}}],"collection":[{"href":"https:\/\/bigshop.al\/index.php\/wp-json\/wp\/v2\/product"}],"about":[{"href":"https:\/\/bigshop.al\/index.php\/wp-json\/wp\/v2\/types\/product"}],"wp:featuredmedia":[{"embeddable":true,"href":"https:\/\/bigshop.al\/index.php\/wp-json\/wp\/v2\/media\/3690"}],"wp:attachment":[{"href":"https:\/\/bigshop.al\/index.php\/wp-json\/wp\/v2\/media?parent=3689"}],"wp:term":[{"taxonomy":"product_brand","embeddable":true,"href":"https:\/\/bigshop.al\/index.php\/wp-json\/wp\/v2\/product_brand?post=3689"},{"taxonomy":"product_cat","embeddable":true,"href":"https:\/\/bigshop.al\/index.php\/wp-json\/wp\/v2\/product_cat?post=3689"},{"taxonomy":"product_tag","embeddable":true,"href":"https:\/\/bigshop.al\/index.php\/wp-json\/wp\/v2\/product_tag?post=3689"}],"curies":[{"name":"wp","href":"https:\/\/api.w.org\/{rel}","templated":true}]}}