{"id":3692,"date":"2020-05-05T07:50:13","date_gmt":"2020-05-05T07:50:13","guid":{"rendered":"https:\/\/bigshop.al\/?post_type=product&#038;p=3692"},"modified":"2020-06-10T13:52:42","modified_gmt":"2020-06-10T13:52:42","slug":"bokse-trust-sound-bar","status":"publish","type":"product","link":"https:\/\/bigshop.al\/index.php\/product\/bokse-trust-sound-bar\/","title":{"rendered":"Bokse Trust Sound Bar"},"content":{"rendered":"","protected":false},"excerpt":{"rendered":"<p>Bokse Trust GXT 618 Asto Sound Bar PC<\/p>\n<ul>\n<li id=\"tw-target-text\" class=\"tw-data-text tw-text-large XcVN5d tw-ta\" dir=\"ltr\" data-placeholder=\"P\u00ebrkthimi\"><span lang=\"sq\">Fuqia maksimale 12W (6W RMS) <\/span><\/li>\n<li class=\"tw-data-text tw-text-large XcVN5d tw-ta\" dir=\"ltr\" data-placeholder=\"P\u00ebrkthimi\"><span lang=\"sq\">Tingull i pasur stereo nga altoparlanti kompakt, p\u00ebr t\u2019u vendosur n\u00ebn \u00e7do monitor PC ose ekran televizivLart, butonin e kontrollit t\u00eb v\u00ebllimit t\u00eb ndri\u00e7uar<\/span><\/li>\n<li class=\"tw-data-text tw-text-large XcVN5d tw-ta\" dir=\"ltr\" data-placeholder=\"P\u00ebrkthimi\"><span lang=\"sq\">Kufje dhe lidhje mikrofoni t\u00eb p\u00ebrshtatshme n\u00eb an\u00ebn e p\u00ebrparme\u00a0<\/span><\/li>\n<li class=\"tw-data-text tw-text-large XcVN5d tw-ta\" dir=\"ltr\" data-placeholder=\"P\u00ebrkthimi\"><span lang=\"sq\"> USB: nuk ka nevoj\u00eb p\u00ebr fuqi mur<\/span><\/li>\n<\/ul>\n","protected":false},"featured_media":3693,"template":"","meta":[],"product_brand":[],"product_cat":[36,346,24],"product_tag":[],"class_list":{"0":"post-3692","1":"product","2":"type-product","3":"status-publish","4":"has-post-thumbnail","6":"product_cat-aksesore","7":"product_cat-bokse","8":"product_cat-elektronike","9":"description-off","11":"first","12":"instock","13":"shipping-taxable","14":"purchasable","15":"product-type-simple"},"_links":{"self":[{"href":"https:\/\/bigshop.al\/index.php\/wp-json\/wp\/v2\/product\/3692","targetHints":{"allow":["GET"]}}],"collection":[{"href":"https:\/\/bigshop.al\/index.php\/wp-json\/wp\/v2\/product"}],"about":[{"href":"https:\/\/bigshop.al\/index.php\/wp-json\/wp\/v2\/types\/product"}],"wp:featuredmedia":[{"embeddable":true,"href":"https:\/\/bigshop.al\/index.php\/wp-json\/wp\/v2\/media\/3693"}],"wp:attachment":[{"href":"https:\/\/bigshop.al\/index.php\/wp-json\/wp\/v2\/media?parent=3692"}],"wp:term":[{"taxonomy":"product_brand","embeddable":true,"href":"https:\/\/bigshop.al\/index.php\/wp-json\/wp\/v2\/product_brand?post=3692"},{"taxonomy":"product_cat","embeddable":true,"href":"https:\/\/bigshop.al\/index.php\/wp-json\/wp\/v2\/product_cat?post=3692"},{"taxonomy":"product_tag","embeddable":true,"href":"https:\/\/bigshop.al\/index.php\/wp-json\/wp\/v2\/product_tag?post=3692"}],"curies":[{"name":"wp","href":"https:\/\/api.w.org\/{rel}","templated":true}]}}