{"id":3695,"date":"2020-05-05T08:01:38","date_gmt":"2020-05-05T08:01:38","guid":{"rendered":"https:\/\/bigshop.al\/?post_type=product&#038;p=3695"},"modified":"2020-06-10T14:10:26","modified_gmt":"2020-06-10T14:10:26","slug":"bokse-trust-sound-bar-2","status":"publish","type":"product","link":"https:\/\/bigshop.al\/index.php\/product\/bokse-trust-sound-bar-2\/","title":{"rendered":"Bokse Trust Sound Bar"},"content":{"rendered":"","protected":false},"excerpt":{"rendered":"<p>Bokse Trust Soundbar Bluetooth Lino XL 2.1<\/p>\n<ul>\n<li class=\"tw-data-text tw-text-large XcVN5d tw-ta\" dir=\"ltr\" data-placeholder=\"P\u00ebrkthimi\"><span lang=\"sq\">Shijoni filma, loj\u00ebra dhe muzik\u00eb me tinguj kristal t\u00eb qart\u00eb nga ky fol\u00ebs elegant i shiritit zanor<br \/>\n<\/span><\/li>\n<li id=\"tw-target-text\" class=\"tw-data-text tw-text-large XcVN5d tw-ta\" dir=\"ltr\" data-placeholder=\"P\u00ebrkthimi\"><span lang=\"sq\">T\u00eb dh\u00ebna t\u00eb ndryshme p\u00ebr t\u00eb lidhur TV, tastier\u00eb, vendosjen e kutis\u00eb kryesore, smartphone, tablet dhe shkop USB<\/span><\/li>\n<li class=\"tw-data-text tw-text-large XcVN5d tw-ta\" dir=\"ltr\" data-placeholder=\"P\u00ebrkthimi\">T\u00eb dh\u00ebna audio dixhitale (optike) dhe analoge (3.5 mm \/ cinch); kabllot e p\u00ebrfshira.<\/li>\n<li dir=\"ltr\" data-placeholder=\"P\u00ebrkthimi\">Lidhje audio nga telefoni ose tableti p\u00ebrmes Bluetooth<\/li>\n<li dir=\"ltr\" data-placeholder=\"P\u00ebrkthimi\">MP3-player i integruar p\u00ebr t\u00eb luajtur muzik\u00eb direkt nga USB<\/li>\n<li dir=\"ltr\" data-placeholder=\"P\u00ebrkthimi\">Amplifikues dixhital me teknologjin\u00eb DSP dhe dy drejtues 2.25 p\u00ebr prodhimin e energjis\u00eb maksimale 120W.<\/li>\n<li dir=\"ltr\" data-placeholder=\"P\u00ebrkthimi\">Tingull zhyt\u00ebs n\u00eb modalitetin 3D rrethues virtual.<\/li>\n<li dir=\"ltr\" data-placeholder=\"P\u00ebrkthimi\">Kontrolli me telekomand\u00eb<\/li>\n<\/ul>\n","protected":false},"featured_media":3696,"template":"","meta":[],"product_brand":[],"product_cat":[36,346,24],"product_tag":[],"class_list":{"0":"post-3695","1":"product","2":"type-product","3":"status-publish","4":"has-post-thumbnail","6":"product_cat-aksesore","7":"product_cat-bokse","8":"product_cat-elektronike","9":"description-off","11":"first","12":"instock","13":"shipping-taxable","14":"purchasable","15":"product-type-simple"},"_links":{"self":[{"href":"https:\/\/bigshop.al\/index.php\/wp-json\/wp\/v2\/product\/3695","targetHints":{"allow":["GET"]}}],"collection":[{"href":"https:\/\/bigshop.al\/index.php\/wp-json\/wp\/v2\/product"}],"about":[{"href":"https:\/\/bigshop.al\/index.php\/wp-json\/wp\/v2\/types\/product"}],"wp:featuredmedia":[{"embeddable":true,"href":"https:\/\/bigshop.al\/index.php\/wp-json\/wp\/v2\/media\/3696"}],"wp:attachment":[{"href":"https:\/\/bigshop.al\/index.php\/wp-json\/wp\/v2\/media?parent=3695"}],"wp:term":[{"taxonomy":"product_brand","embeddable":true,"href":"https:\/\/bigshop.al\/index.php\/wp-json\/wp\/v2\/product_brand?post=3695"},{"taxonomy":"product_cat","embeddable":true,"href":"https:\/\/bigshop.al\/index.php\/wp-json\/wp\/v2\/product_cat?post=3695"},{"taxonomy":"product_tag","embeddable":true,"href":"https:\/\/bigshop.al\/index.php\/wp-json\/wp\/v2\/product_tag?post=3695"}],"curies":[{"name":"wp","href":"https:\/\/api.w.org\/{rel}","templated":true}]}}