{"id":3698,"date":"2020-05-05T08:15:29","date_gmt":"2020-05-05T08:15:29","guid":{"rendered":"https:\/\/bigshop.al\/?post_type=product&#038;p=3698"},"modified":"2020-06-10T14:38:18","modified_gmt":"2020-06-10T14:38:18","slug":"bokse-trust-sound-bar-3","status":"publish","type":"product","link":"https:\/\/bigshop.al\/index.php\/product\/bokse-trust-sound-bar-3\/","title":{"rendered":"Bokse Trust Sound Bar"},"content":{"rendered":"","protected":false},"excerpt":{"rendered":"<p>Bokse Trust Soundbar Lino Wireles<\/p>\n<ul>\n<li><span style=\"font-family: Consolas, Monaco, monospace;\">Boks portab\u00ebl wireless, i dizajnuar q\u00eb t\u00eb vendoset n\u00ebn \u00e7do monitor PC ose ekran TV<\/span><\/li>\n<li>Fuqia maksimale 20 W (10 W RMS).<\/li>\n<li>Punon pa tel me telefonin \/ tabletin tuaj dhe t\u00eb lidhur me PC ose TV.<\/li>\n<li>Tingull i fuqish\u00ebm dhe i pasur stereo.<\/li>\n<li>Luaj muzik\u00ebn tuaj p\u00ebrmes hyrjes Bluetooth, micro-SD ose 3.5 mm.<\/li>\n<li>MP3 player i integruar p\u00ebr t\u00eb luajtur muzik\u00eb nga karta micro-SD<\/li>\n<li>Bateri e karikueshme, deri n\u00eb 10 ore.\n<div class=\"jhH5U\">\n<div id=\"tw-ob\" class=\"tw-src-ltr\">\n<div class=\"oSioSc\">\n<div id=\"tw-target\">\n<div id=\"kAz1tf\" class=\"g9WsWb\">\n<div class=\"iYB33c\">\n<div class=\"dlJLJe\"><\/div>\n<\/div>\n<\/div>\n<\/div>\n<\/div>\n<\/div>\n<\/div>\n<\/li>\n<li>1 met\u00ebr kabllo e ngarkuar mikro-USB dhe kab\u00ebll aux 3.5 mm.<\/li>\n<\/ul>\n","protected":false},"featured_media":3699,"template":"","meta":[],"product_brand":[],"product_cat":[36,346,24],"product_tag":[],"class_list":{"0":"post-3698","1":"product","2":"type-product","3":"status-publish","4":"has-post-thumbnail","6":"product_cat-aksesore","7":"product_cat-bokse","8":"product_cat-elektronike","9":"description-off","11":"first","12":"instock","13":"shipping-taxable","14":"purchasable","15":"product-type-simple"},"_links":{"self":[{"href":"https:\/\/bigshop.al\/index.php\/wp-json\/wp\/v2\/product\/3698","targetHints":{"allow":["GET"]}}],"collection":[{"href":"https:\/\/bigshop.al\/index.php\/wp-json\/wp\/v2\/product"}],"about":[{"href":"https:\/\/bigshop.al\/index.php\/wp-json\/wp\/v2\/types\/product"}],"wp:featuredmedia":[{"embeddable":true,"href":"https:\/\/bigshop.al\/index.php\/wp-json\/wp\/v2\/media\/3699"}],"wp:attachment":[{"href":"https:\/\/bigshop.al\/index.php\/wp-json\/wp\/v2\/media?parent=3698"}],"wp:term":[{"taxonomy":"product_brand","embeddable":true,"href":"https:\/\/bigshop.al\/index.php\/wp-json\/wp\/v2\/product_brand?post=3698"},{"taxonomy":"product_cat","embeddable":true,"href":"https:\/\/bigshop.al\/index.php\/wp-json\/wp\/v2\/product_cat?post=3698"},{"taxonomy":"product_tag","embeddable":true,"href":"https:\/\/bigshop.al\/index.php\/wp-json\/wp\/v2\/product_tag?post=3698"}],"curies":[{"name":"wp","href":"https:\/\/api.w.org\/{rel}","templated":true}]}}