{"id":4763,"date":"2020-06-11T16:40:03","date_gmt":"2020-06-11T16:40:03","guid":{"rendered":"https:\/\/bigshop.al\/?post_type=product&#038;p=4763"},"modified":"2020-06-16T08:23:45","modified_gmt":"2020-06-16T08:23:45","slug":"shtrydhese-severin-es-3570-800w-19000","status":"publish","type":"product","link":"https:\/\/bigshop.al\/index.php\/product\/shtrydhese-severin-es-3570-800w-19000\/","title":{"rendered":"Shtrydhese Severin ES 3570.800W.19000"},"content":{"rendered":"","protected":false},"excerpt":{"rendered":"<div class=\"jhH5U\">\n<div id=\"tw-ob\" class=\"tw-src-ltr\">\n<div class=\"oSioSc\">\n<div id=\"tw-target\">\n<div id=\"kAz1tf\" class=\"g9WsWb\">\n<div id=\"tw-target-text-container\" class=\"tw-ta-container hide-focus-ring tw-nfl\" tabindex=\"0\">\n<ul>\n<li id=\"tw-target-text\" class=\"tw-data-text tw-text-large XcVN5d tw-ta\" dir=\"ltr\" data-placeholder=\"P\u00ebrkthimi\">Shtrydhese me nj\u00eb kapacitet 1100 ml.<\/li>\n<li class=\"tw-data-text tw-text-large XcVN5d tw-ta\" dir=\"ltr\" data-placeholder=\"P\u00ebrkthimi\">Materiali \u00e7eliku inox me cil\u00ebsi t\u00eb lart\u00eb.2 nivele shpejt\u00ebsie p\u00ebr p\u00ebrpunimin e p\u00ebrb\u00ebr\u00ebsve t\u00eb but\u00eb dhe t\u00eb fort\u00eb.<\/li>\n<li class=\"tw-data-text tw-text-large XcVN5d tw-ta\" dir=\"ltr\" data-placeholder=\"P\u00ebrkthimi\"><span lang=\"sq\">En\u00eb e madhe, elehte ne larje, me e me nj\u00eb kapacitet t\u00eb p\u00ebraf\u00ebrt. 2500 ml.<\/span><\/li>\n<li class=\"tw-data-text tw-text-large XcVN5d tw-ta\" dir=\"ltr\" data-placeholder=\"P\u00ebrkthimi\"><span lang=\"sq\">Pastrim i leht\u00eb, fur\u00e7\u00eb pastrimi e bashkangjitur. Mbyllja e siguris\u00eb. Fuqia: 800 W<\/span><\/li>\n<li class=\"tw-data-text tw-text-large XcVN5d tw-ta\" dir=\"ltr\" data-placeholder=\"P\u00ebrkthimi\"><span lang=\"sq\">Kapaciteti: p\u00ebraf\u00ebrsisht. 1100 ml l\u00ebng (rreth 2, 500 ml pulp\u00eb).<\/span><\/li>\n<li class=\"tw-data-text tw-text-large XcVN5d tw-ta\" dir=\"ltr\" data-placeholder=\"P\u00ebrkthimi\"><span lang=\"sq\">Shpejt\u00ebsia rrotulluese: max 19, 000\/min.<\/span><\/li>\n<\/ul>\n<div class=\"jhH5U\">\n<div id=\"tw-ob\" class=\"tw-src-ltr\">\n<div class=\"oSioSc\">\n<div id=\"tw-target\">\n<div id=\"kAz1tf\" class=\"g9WsWb\"><\/div>\n<\/div>\n<\/div>\n<\/div>\n<\/div>\n<\/div>\n<\/div>\n<\/div>\n<\/div>\n<\/div>\n<\/div>\n","protected":false},"featured_media":4799,"template":"","meta":[],"product_brand":[],"product_cat":[430,244,444],"product_tag":[],"class_list":{"0":"post-4763","1":"product","2":"type-product","3":"status-publish","4":"has-post-thumbnail","6":"product_cat-elektroshtepiake","7":"product_cat-shtepia","8":"product_cat-shtrydhese","9":"description-off","11":"first","12":"instock","13":"shipping-taxable","14":"purchasable","15":"product-type-simple"},"_links":{"self":[{"href":"https:\/\/bigshop.al\/index.php\/wp-json\/wp\/v2\/product\/4763","targetHints":{"allow":["GET"]}}],"collection":[{"href":"https:\/\/bigshop.al\/index.php\/wp-json\/wp\/v2\/product"}],"about":[{"href":"https:\/\/bigshop.al\/index.php\/wp-json\/wp\/v2\/types\/product"}],"wp:featuredmedia":[{"embeddable":true,"href":"https:\/\/bigshop.al\/index.php\/wp-json\/wp\/v2\/media\/4799"}],"wp:attachment":[{"href":"https:\/\/bigshop.al\/index.php\/wp-json\/wp\/v2\/media?parent=4763"}],"wp:term":[{"taxonomy":"product_brand","embeddable":true,"href":"https:\/\/bigshop.al\/index.php\/wp-json\/wp\/v2\/product_brand?post=4763"},{"taxonomy":"product_cat","embeddable":true,"href":"https:\/\/bigshop.al\/index.php\/wp-json\/wp\/v2\/product_cat?post=4763"},{"taxonomy":"product_tag","embeddable":true,"href":"https:\/\/bigshop.al\/index.php\/wp-json\/wp\/v2\/product_tag?post=4763"}],"curies":[{"name":"wp","href":"https:\/\/api.w.org\/{rel}","templated":true}]}}