{"id":4783,"date":"2020-06-11T17:23:00","date_gmt":"2020-06-11T17:23:00","guid":{"rendered":"https:\/\/bigshop.al\/?post_type=product&#038;p=4783"},"modified":"2020-06-12T13:30:48","modified_gmt":"2020-06-12T13:30:48","slug":"tostiera-aksu-grillo-paninii-grill-red-t28e","status":"publish","type":"product","link":"https:\/\/bigshop.al\/index.php\/product\/tostiera-aksu-grillo-paninii-grill-red-t28e\/","title":{"rendered":"Tostier AKSU Grill&#8217;O Paninii Grill T28E"},"content":{"rendered":"","protected":false},"excerpt":{"rendered":"<ul>\n<li>Kontrolli i rregulluesh\u00ebm i temperatur\u00ebs<\/li>\n<li>Pozicion i drejt\u00eb Sip\u00ebrfaqe t\u00eb lar\u00eb 180\u00ba<\/li>\n<li>Nj\u00ebsia e sip\u00ebrme e hapur Fuqia 1800W<\/li>\n<li>Garanci 1 vit p\u00ebr pjes\u00ebt elektrike<\/li>\n<\/ul>\n","protected":false},"featured_media":4785,"template":"","meta":[],"product_brand":[],"product_cat":[430,244,448],"product_tag":[],"class_list":{"0":"post-4783","1":"product","2":"type-product","3":"status-publish","4":"has-post-thumbnail","6":"product_cat-elektroshtepiake","7":"product_cat-shtepia","8":"product_cat-tostier-grill-thekese","9":"description-off","11":"first","12":"instock","13":"shipping-taxable","14":"purchasable","15":"product-type-simple"},"_links":{"self":[{"href":"https:\/\/bigshop.al\/index.php\/wp-json\/wp\/v2\/product\/4783","targetHints":{"allow":["GET"]}}],"collection":[{"href":"https:\/\/bigshop.al\/index.php\/wp-json\/wp\/v2\/product"}],"about":[{"href":"https:\/\/bigshop.al\/index.php\/wp-json\/wp\/v2\/types\/product"}],"wp:featuredmedia":[{"embeddable":true,"href":"https:\/\/bigshop.al\/index.php\/wp-json\/wp\/v2\/media\/4785"}],"wp:attachment":[{"href":"https:\/\/bigshop.al\/index.php\/wp-json\/wp\/v2\/media?parent=4783"}],"wp:term":[{"taxonomy":"product_brand","embeddable":true,"href":"https:\/\/bigshop.al\/index.php\/wp-json\/wp\/v2\/product_brand?post=4783"},{"taxonomy":"product_cat","embeddable":true,"href":"https:\/\/bigshop.al\/index.php\/wp-json\/wp\/v2\/product_cat?post=4783"},{"taxonomy":"product_tag","embeddable":true,"href":"https:\/\/bigshop.al\/index.php\/wp-json\/wp\/v2\/product_tag?post=4783"}],"curies":[{"name":"wp","href":"https:\/\/api.w.org\/{rel}","templated":true}]}}