{"id":4881,"date":"2020-06-15T09:49:50","date_gmt":"2020-06-15T09:49:50","guid":{"rendered":"https:\/\/bigshop.al\/?post_type=product&#038;p=4881"},"modified":"2020-06-15T12:57:42","modified_gmt":"2020-06-15T12:57:42","slug":"kamera-makine-pasqyre-full-hd","status":"publish","type":"product","link":"https:\/\/bigshop.al\/index.php\/product\/kamera-makine-pasqyre-full-hd\/","title":{"rendered":"Kamera Makine Pasqyre Full HD"},"content":{"rendered":"<ul>\n<li id=\"tw-target-text\" class=\"tw-data-text tw-text-large XcVN5d tw-ta\" dir=\"ltr\" data-placeholder=\"P\u00ebrkthimi\"><span lang=\"sq\">Ekran 4.3 in\u00e7: Nd\u00ebrfaqe miq\u00ebsore p\u00ebr p\u00ebrdorues p\u00ebr njohje t\u00eb shpejt\u00eb dhe funksionim intuitiv. Shikim i leht\u00eb dhe ju siguron d\u00ebshmi t\u00eb menj\u00ebhershme p\u00ebr t\u00eb mb\u00ebshtetur pretendimet e sigurimit<\/span><\/li>\n<\/ul>\n<div class=\"jhH5U\">\n<div id=\"tw-ob\" class=\"tw-src-ltr\">\n<div class=\"oSioSc\">\n<div id=\"tw-target\">\n<div id=\"kAz1tf\" class=\"g9WsWb\">\n<div id=\"tw-target-text-container\" class=\"tw-ta-container hide-focus-ring tw-nfl\" tabindex=\"0\">\n<ul>\n<li id=\"tw-target-text\" class=\"tw-data-text tw-text-large XcVN5d tw-ta\" dir=\"ltr\" data-placeholder=\"P\u00ebrkthimi\"><span lang=\"sq\">Mb\u00ebshtet deri n\u00eb 128 GB karta memorie micro SD dhe ka nj\u00eb koh\u00eb m\u00eb t\u00eb gjat\u00eb regjistrimi sesa produktet e tjera. Funksioni i regjistrimit t\u00eb shpejt\u00eb: Ky funksion siguron regjistrimin e vazhduesh\u00ebm pa humbur nj\u00eb sekond\u00eb, regjistro automatikisht gjat\u00eb ndezjes s\u00eb automjetit, fiket automatikisht me ndezjen p\u00ebr t\u00eb marr\u00eb falas nga operacioni i duarve.<\/span><\/li>\n<li class=\"tw-data-text tw-text-large XcVN5d tw-ta\" dir=\"ltr\" data-placeholder=\"P\u00ebrkthimi\">Mb\u00ebshtetja e kamer\u00ebs s\u00eb dyfisht\u00eb dhe regjistrimi i nj\u00ebkohsh\u00ebm dhe mb\u00ebshtetja e kamer\u00ebs s\u00eb shikimit t\u00eb pasme: Kjo kamer\u00eb ka dy kamera q\u00eb lejon regjistrimin e nj\u00ebkohsh\u00ebm t\u00eb videove nga dy k\u00ebnde t\u00eb ndryshme. Pamja n\u00eb ekranin e kameres do t&#8217;ju lejoj\u00eb t\u00eb keni pamje t\u00eb qart\u00eb nga kamera e p\u00ebrparme dhe e pasme.<\/li>\n<li class=\"tw-data-text tw-text-large XcVN5d tw-ta\" dir=\"ltr\" data-placeholder=\"P\u00ebrkthimi\">Regjistroni Video HD: kamera e p\u00ebrparme dhe e pasme n\u00eb t\u00eb nj\u00ebjt\u00ebn koh\u00eb \uff1b Fishe: VGA. Lentet e kamer\u00ebs s\u00eb p\u00ebrparme t\u00eb k\u00ebndit t\u00eb gjer\u00eb, kapni t\u00eb gjitha veprimet n\u00eb video t\u00eb qart\u00eb. Video dhe audio regjistrohen automatikisht n\u00eb nj\u00eb hark t\u00eb pafund dhe ruhen n\u00eb kart\u00ebn e kujtes\u00ebs. Regjistroni incidente n\u00eb trafik, udh\u00ebtime skenike, momente t\u00eb papritura ose ndonj\u00eb video sociale .\n<div class=\"U9URNb\">\n<div class=\"U9URNb\"><\/div>\n<p>Te dhena teknike :<\/p>\n<ul>\n<li dir=\"ltr\" data-placeholder=\"P\u00ebrkthimi\">Madhesia ekranit: 4.3 inch<\/li>\n<li dir=\"ltr\" data-placeholder=\"P\u00ebrkthimi\">Lentja e kameres :170 A+ Level JenS<\/li>\n<li dir=\"ltr\" data-placeholder=\"P\u00ebrkthimi\">Formati: Mov<\/li>\n<li dir=\"ltr\" data-placeholder=\"P\u00ebrkthimi\">Rezolucioni i videos: 1920*1080P 1280*720P<\/li>\n<li dir=\"ltr\" data-placeholder=\"P\u00ebrkthimi\">Formati i videos: H.264, audio AAC<\/li>\n<li dir=\"ltr\" data-placeholder=\"P\u00ebrkthimi\">Memoria\u00a0 e kartes: 32 Gb<\/li>\n<li dir=\"ltr\" data-placeholder=\"P\u00ebrkthimi\">G-sensor<\/li>\n<\/ul>\n<\/div>\n<\/li>\n<\/ul>\n<\/div>\n<\/div>\n<\/div>\n<\/div>\n<\/div>\n<\/div>\n<div class=\"jhH5U\">\n<div id=\"tw-ob\" class=\"tw-src-ltr\">\n<div class=\"oSioSc\">\n<div id=\"tw-target\">\n<div id=\"kAz1tf\" class=\"g9WsWb\">\n<div class=\"iYB33c\">\n<div class=\"dlJLJe\">\n<div data-cviv=\"false\" data-ved=\"2ahUKEwip06Hhv4PqAhVKpYsKHUEUB44Qz_AEMAB6BAgCEA4\">\n<div class=\"U9URNb\"><\/div>\n<\/div>\n<\/div>\n<\/div>\n<\/div>\n<\/div>\n<\/div>\n<\/div>\n<div class=\"dURPtb\"><\/div>\n<div>\n<div><\/div>\n<\/div>\n<\/div>\n","protected":false},"excerpt":{"rendered":"<div class=\"jhH5U\">\n<div id=\"tw-ob\" class=\"tw-src-ltr\">\n<div class=\"oSioSc\">\n<div id=\"tw-target\">\n<div id=\"kAz1tf\" class=\"g9WsWb\">\n<div id=\"tw-target-text-container\" class=\"tw-ta-container hide-focus-ring tw-nfl\" tabindex=\"0\">\n<p>Te dhena teknike :<\/p>\n<\/div>\n<\/div>\n<\/div>\n<\/div>\n<\/div>\n<\/div>\n<div class=\"jhH5U\">\n<div id=\"tw-ob\" class=\"tw-src-ltr\">\n<div class=\"oSioSc\">\n<div id=\"tw-target\">\n<div id=\"kAz1tf\" class=\"g9WsWb\">\n<div id=\"tw-target-rmn-container\" class=\"tw-ta-container hide-focus-ring tw-nfl\">\n<ul>\n<li dir=\"ltr\" data-placeholder=\"P\u00ebrkthimi\">Madhesia ekranit: 4.3 inch<\/li>\n<li dir=\"ltr\" data-placeholder=\"P\u00ebrkthimi\">Lentja e kameres :170 A+ Level JenS<\/li>\n<li dir=\"ltr\" data-placeholder=\"P\u00ebrkthimi\">Formati: Mov<\/li>\n<li dir=\"ltr\" data-placeholder=\"P\u00ebrkthimi\">Rezolucioni i videos: 1920*1080P 1280*720P<\/li>\n<li dir=\"ltr\" data-placeholder=\"P\u00ebrkthimi\">Formati i videos: H.264, audio AAC<\/li>\n<li dir=\"ltr\" data-placeholder=\"P\u00ebrkthimi\">Memoria\u00a0 e kartes: 32 Gb<\/li>\n<li dir=\"ltr\" data-placeholder=\"P\u00ebrkthimi\">G-sensor<\/li>\n<\/ul>\n<\/div>\n<div class=\"iYB33c\">\n<div class=\"dlJLJe\">\n<div data-cviv=\"false\" data-ved=\"2ahUKEwip06Hhv4PqAhVKpYsKHUEUB44Qz_AEMAB6BAgCEA4\">\n<div class=\"U9URNb\"><\/div>\n<\/div>\n<\/div>\n<\/div>\n<\/div>\n<\/div>\n<\/div>\n<\/div>\n<div class=\"dURPtb\"><\/div>\n<div>\n<div><\/div>\n<\/div>\n<\/div>\n","protected":false},"featured_media":4882,"template":"","meta":[],"product_brand":[],"product_cat":[112,103,104,109,401],"product_tag":[],"class_list":{"0":"post-4881","1":"product","2":"type-product","3":"status-publish","4":"has-post-thumbnail","6":"product_cat-kamera-makine","7":"product_cat-makina","8":"product_cat-makine","9":"product_cat-siguria","10":"product_cat-siguria-2","11":"description-off","13":"first","14":"instock","15":"sale","16":"shipping-taxable","17":"purchasable","18":"product-type-simple"},"_links":{"self":[{"href":"https:\/\/bigshop.al\/index.php\/wp-json\/wp\/v2\/product\/4881","targetHints":{"allow":["GET"]}}],"collection":[{"href":"https:\/\/bigshop.al\/index.php\/wp-json\/wp\/v2\/product"}],"about":[{"href":"https:\/\/bigshop.al\/index.php\/wp-json\/wp\/v2\/types\/product"}],"wp:featuredmedia":[{"embeddable":true,"href":"https:\/\/bigshop.al\/index.php\/wp-json\/wp\/v2\/media\/4882"}],"wp:attachment":[{"href":"https:\/\/bigshop.al\/index.php\/wp-json\/wp\/v2\/media?parent=4881"}],"wp:term":[{"taxonomy":"product_brand","embeddable":true,"href":"https:\/\/bigshop.al\/index.php\/wp-json\/wp\/v2\/product_brand?post=4881"},{"taxonomy":"product_cat","embeddable":true,"href":"https:\/\/bigshop.al\/index.php\/wp-json\/wp\/v2\/product_cat?post=4881"},{"taxonomy":"product_tag","embeddable":true,"href":"https:\/\/bigshop.al\/index.php\/wp-json\/wp\/v2\/product_tag?post=4881"}],"curies":[{"name":"wp","href":"https:\/\/api.w.org\/{rel}","templated":true}]}}