{"id":4925,"date":"2020-06-17T15:13:16","date_gmt":"2020-06-17T15:13:16","guid":{"rendered":"https:\/\/bigshop.al\/?post_type=product&#038;p=4925"},"modified":"2020-06-17T15:13:16","modified_gmt":"2020-06-17T15:13:16","slug":"tharese-flokesh","status":"publish","type":"product","link":"https:\/\/bigshop.al\/index.php\/product\/tharese-flokesh\/","title":{"rendered":"Tharese Flokesh"},"content":{"rendered":"","protected":false},"excerpt":{"rendered":"<p><span lang=\"sq\">Thar\u00ebse flok\u00ebsh udh\u00ebtimi <\/span><\/p>\n<ul>\n<li class=\"tw-data-text tw-text-large XcVN5d tw-ta\" dir=\"ltr\" data-placeholder=\"P\u00ebrkthimi\"><span lang=\"sq\">Fuqia 1400 W <\/span><\/li>\n<li class=\"tw-data-text tw-text-large XcVN5d tw-ta\" dir=\"ltr\" data-placeholder=\"P\u00ebrkthimi\"><span lang=\"sq\">Doreza e palosshme p\u00ebr ruajtje t\u00eb p\u00ebrshtatshme <\/span><\/li>\n<li class=\"tw-data-text tw-text-large XcVN5d tw-ta\" dir=\"ltr\" data-placeholder=\"P\u00ebrkthimi\"><span lang=\"sq\">Gryk\u00eb stiluese. <\/span><\/li>\n<li class=\"tw-data-text tw-text-large XcVN5d tw-ta\" dir=\"ltr\" data-placeholder=\"P\u00ebrkthimi\"><span lang=\"sq\">2 fazat e ngrohjes \/ tifozit <\/span><\/li>\n<li class=\"tw-data-text tw-text-large XcVN5d tw-ta\" dir=\"ltr\" data-placeholder=\"P\u00ebrkthimi\"><span lang=\"sq\">Tensioni i nd\u00ebrruesh\u00ebm nga 120 deri n\u00eb 240 V <\/span><\/li>\n<li class=\"tw-data-text tw-text-large XcVN5d tw-ta\" dir=\"ltr\" data-placeholder=\"P\u00ebrkthimi\"><span lang=\"sq\">Duke vepruar n\u00eb 1200 Watt &#8211; 120 V <\/span><\/li>\n<li class=\"tw-data-text tw-text-large XcVN5d tw-ta\" dir=\"ltr\" data-placeholder=\"P\u00ebrkthimi\"><span lang=\"sq\">Perdorimi\u00a0 me 1400 vat &#8211; 220 &#8211; 240 V.<\/span><\/li>\n<\/ul>\n","protected":false},"featured_media":4931,"template":"","meta":[],"product_brand":[],"product_cat":[168,153,170],"product_tag":[],"class_list":{"0":"post-4925","1":"product","2":"type-product","3":"status-publish","4":"has-post-thumbnail","6":"product_cat-floket-stilim","7":"product_cat-kujdesi-personal","8":"product_cat-tharese","9":"description-off","11":"first","12":"instock","13":"shipping-taxable","14":"purchasable","15":"product-type-simple"},"_links":{"self":[{"href":"https:\/\/bigshop.al\/index.php\/wp-json\/wp\/v2\/product\/4925","targetHints":{"allow":["GET"]}}],"collection":[{"href":"https:\/\/bigshop.al\/index.php\/wp-json\/wp\/v2\/product"}],"about":[{"href":"https:\/\/bigshop.al\/index.php\/wp-json\/wp\/v2\/types\/product"}],"wp:featuredmedia":[{"embeddable":true,"href":"https:\/\/bigshop.al\/index.php\/wp-json\/wp\/v2\/media\/4931"}],"wp:attachment":[{"href":"https:\/\/bigshop.al\/index.php\/wp-json\/wp\/v2\/media?parent=4925"}],"wp:term":[{"taxonomy":"product_brand","embeddable":true,"href":"https:\/\/bigshop.al\/index.php\/wp-json\/wp\/v2\/product_brand?post=4925"},{"taxonomy":"product_cat","embeddable":true,"href":"https:\/\/bigshop.al\/index.php\/wp-json\/wp\/v2\/product_cat?post=4925"},{"taxonomy":"product_tag","embeddable":true,"href":"https:\/\/bigshop.al\/index.php\/wp-json\/wp\/v2\/product_tag?post=4925"}],"curies":[{"name":"wp","href":"https:\/\/api.w.org\/{rel}","templated":true}]}}