{"id":4927,"date":"2020-06-18T09:16:26","date_gmt":"2020-06-18T09:16:26","guid":{"rendered":"https:\/\/bigshop.al\/?post_type=product&#038;p=4927"},"modified":"2020-06-18T10:13:04","modified_gmt":"2020-06-18T10:13:04","slug":"depilator-bikini-trimmer","status":"publish","type":"product","link":"https:\/\/bigshop.al\/index.php\/product\/depilator-bikini-trimmer\/","title":{"rendered":"Depilator Bikini Trimmer"},"content":{"rendered":"","protected":false},"excerpt":{"rendered":"<p>Depilator Bikini Trimmer<\/p>\n<ul>\n<li id=\"tw-target-text\" class=\"tw-data-text tw-text-large XcVN5d tw-ta\" dir=\"ltr\" data-placeholder=\"P\u00ebrkthimi\"><span lang=\"sq\">Bateria e rrumbullakosur me bikini e Remington Smooth &amp;<\/span><\/li>\n<li class=\"tw-data-text tw-text-large XcVN5d tw-ta\" dir=\"ltr\" data-placeholder=\"P\u00ebrkthimi\"><span lang=\"sq\">Silky Battery ofron nj\u00eb kombinim t\u00eb prerjes dhe <\/span><span lang=\"sq\">personalizimit t\u00eb sakt\u00eb p\u00ebr t&#8217;ju dh\u00ebn\u00eb besim t\u00eb plot\u00eb bikini vet\u00ebm kur keni nevoj\u00eb.<\/span><\/li>\n<li id=\"tw-target-text\" class=\"tw-data-text tw-text-large XcVN5d tw-ta\" dir=\"ltr\" data-placeholder=\"P\u00ebrkthimi\"><span lang=\"sq\">Fal\u00eb p\u00ebrdorimit t\u00eb lag\u00ebsht dhe t\u00eb that\u00eb \u00ebsht\u00eb plot\u00ebsisht i gjithansh\u00ebm; dhe perfekt p\u00ebr t\u2019u p\u00ebrdorur n\u00eb dush kur jeni n\u00eb l\u00ebvizje<\/span><\/li>\n<li class=\"tw-data-text tw-text-large XcVN5d tw-ta\" dir=\"ltr\" data-placeholder=\"P\u00ebrkthimi\">T\u00eb p\u00ebrfshira n\u00eb paketim do t\u00eb gjeni nj\u00eb kreh\u00ebr prer\u00ebse t\u00eb rregullueshme dhe t\u00eb heqshme me nj\u00eb zgjedhje t\u00eb cil\u00ebsimeve t\u00eb gjat\u00ebsis\u00eb.<\/li>\n<li id=\"tw-target-text\" class=\"tw-data-text tw-text-large XcVN5d tw-ta\" dir=\"ltr\" data-placeholder=\"P\u00ebrkthimi\"><span lang=\"sq\">Duke ju dh\u00ebn\u00eb besim p\u00ebr t\u00eb veshur bikini apo rroba banje tuaj t\u00eb preferuar,<\/span><\/li>\n<li class=\"tw-data-text tw-text-large XcVN5d tw-ta\" dir=\"ltr\" data-placeholder=\"P\u00ebrkthimi\"><span lang=\"sq\">Ky mjet i zgjuar i bukuris\u00eb vjen me gjith\u00e7ka q\u00eb ju nevojitet p\u00ebr t\u00eb arritur rezultate t\u00eb p\u00ebrkryer t\u00eb qet\u00eb.<\/span><\/li>\n<\/ul>\n","protected":false},"featured_media":4938,"template":"","meta":[],"product_brand":[],"product_cat":[183,181,153],"product_tag":[],"class_list":{"0":"post-4927","1":"product","2":"type-product","3":"status-publish","4":"has-post-thumbnail","6":"product_cat-depilatore","7":"product_cat-kujdesi-per-trupin","8":"product_cat-kujdesi-personal","9":"description-off","11":"first","12":"instock","13":"sale","14":"shipping-taxable","15":"purchasable","16":"product-type-simple"},"_links":{"self":[{"href":"https:\/\/bigshop.al\/index.php\/wp-json\/wp\/v2\/product\/4927","targetHints":{"allow":["GET"]}}],"collection":[{"href":"https:\/\/bigshop.al\/index.php\/wp-json\/wp\/v2\/product"}],"about":[{"href":"https:\/\/bigshop.al\/index.php\/wp-json\/wp\/v2\/types\/product"}],"wp:featuredmedia":[{"embeddable":true,"href":"https:\/\/bigshop.al\/index.php\/wp-json\/wp\/v2\/media\/4938"}],"wp:attachment":[{"href":"https:\/\/bigshop.al\/index.php\/wp-json\/wp\/v2\/media?parent=4927"}],"wp:term":[{"taxonomy":"product_brand","embeddable":true,"href":"https:\/\/bigshop.al\/index.php\/wp-json\/wp\/v2\/product_brand?post=4927"},{"taxonomy":"product_cat","embeddable":true,"href":"https:\/\/bigshop.al\/index.php\/wp-json\/wp\/v2\/product_cat?post=4927"},{"taxonomy":"product_tag","embeddable":true,"href":"https:\/\/bigshop.al\/index.php\/wp-json\/wp\/v2\/product_tag?post=4927"}],"curies":[{"name":"wp","href":"https:\/\/api.w.org\/{rel}","templated":true}]}}