{"id":4928,"date":"2020-06-18T09:41:17","date_gmt":"2020-06-18T09:41:17","guid":{"rendered":"https:\/\/bigshop.al\/?post_type=product&#038;p=4928"},"modified":"2020-06-18T10:23:27","modified_gmt":"2020-06-18T10:23:27","slug":"piaster-per-stilim-remington","status":"publish","type":"product","link":"https:\/\/bigshop.al\/index.php\/product\/piaster-per-stilim-remington\/","title":{"rendered":"Piaster per Stilim Remington"},"content":{"rendered":"","protected":false},"excerpt":{"rendered":"<p>Piaster per Stilim Remington<\/p>\n<ul>\n<li id=\"tw-target-text\" class=\"tw-data-text tw-text-large XcVN5d tw-ta\" dir=\"ltr\" data-placeholder=\"P\u00ebrkthimi\"><span lang=\"sq\">Drejtues unisex p\u00ebr burra dhe gra<\/span><\/li>\n<li class=\"tw-data-text tw-text-large XcVN5d tw-ta\" dir=\"ltr\" data-placeholder=\"P\u00ebrkthimi\">Veshje e p\u00ebrparuar qeramike<\/li>\n<li><span lang=\"sq\">Rr\u00ebshqitje 2 x m\u00eb e but\u00eb<\/span><\/li>\n<li id=\"tw-target-text\" class=\"tw-data-text tw-text-large XcVN5d tw-ta\" dir=\"ltr\" data-placeholder=\"P\u00ebrkthimi\"><span lang=\"sq\">E gjat\u00eb 15 cm<\/span><\/li>\n<li id=\"tw-target-text\" class=\"tw-data-text tw-text-large XcVN5d tw-ta\" dir=\"ltr\" data-placeholder=\"P\u00ebrkthimi\"><span lang=\"sq\">Nxeht\u00ebsia 200 \u00b0 C<\/span><\/li>\n<li><span lang=\"sq\">Gati n\u00eb 60 sekonda<\/span><\/li>\n<li><span lang=\"sq\">Ndez\u00ebs \/ \u00e7aktivizues dhe tregues LED<\/span><\/li>\n<li>Qese rezistente ndaj nxeht\u00ebsis\u00eb.<\/li>\n<\/ul>\n","protected":false},"featured_media":4940,"template":"","meta":[],"product_brand":[],"product_cat":[168,153,171],"product_tag":[],"class_list":{"0":"post-4928","1":"product","2":"type-product","3":"status-publish","4":"has-post-thumbnail","6":"product_cat-floket-stilim","7":"product_cat-kujdesi-personal","8":"product_cat-pjastra","9":"description-off","11":"first","12":"instock","13":"shipping-taxable","14":"purchasable","15":"product-type-simple"},"_links":{"self":[{"href":"https:\/\/bigshop.al\/index.php\/wp-json\/wp\/v2\/product\/4928","targetHints":{"allow":["GET"]}}],"collection":[{"href":"https:\/\/bigshop.al\/index.php\/wp-json\/wp\/v2\/product"}],"about":[{"href":"https:\/\/bigshop.al\/index.php\/wp-json\/wp\/v2\/types\/product"}],"wp:featuredmedia":[{"embeddable":true,"href":"https:\/\/bigshop.al\/index.php\/wp-json\/wp\/v2\/media\/4940"}],"wp:attachment":[{"href":"https:\/\/bigshop.al\/index.php\/wp-json\/wp\/v2\/media?parent=4928"}],"wp:term":[{"taxonomy":"product_brand","embeddable":true,"href":"https:\/\/bigshop.al\/index.php\/wp-json\/wp\/v2\/product_brand?post=4928"},{"taxonomy":"product_cat","embeddable":true,"href":"https:\/\/bigshop.al\/index.php\/wp-json\/wp\/v2\/product_cat?post=4928"},{"taxonomy":"product_tag","embeddable":true,"href":"https:\/\/bigshop.al\/index.php\/wp-json\/wp\/v2\/product_tag?post=4928"}],"curies":[{"name":"wp","href":"https:\/\/api.w.org\/{rel}","templated":true}]}}