{"id":4929,"date":"2020-06-18T09:50:06","date_gmt":"2020-06-18T09:50:06","guid":{"rendered":"https:\/\/bigshop.al\/?post_type=product&#038;p=4929"},"modified":"2020-06-18T09:50:06","modified_gmt":"2020-06-18T09:50:06","slug":"makine-rroje-remington","status":"publish","type":"product","link":"https:\/\/bigshop.al\/index.php\/product\/makine-rroje-remington\/","title":{"rendered":"Makine Rroje Remington"},"content":{"rendered":"","protected":false},"excerpt":{"rendered":"<p>Makine Rroje Remington<\/p>\n<ul>\n<li dir=\"ltr\" data-placeholder=\"P\u00ebrkthimi\">Shumefunksionale (rroje, qethje, stilim flokesh )<\/li>\n<li dir=\"ltr\" data-placeholder=\"P\u00ebrkthimi\">Perdoret edhe pa kabull .<\/li>\n<li id=\"tw-target-text\" class=\"tw-data-text tw-text-large XcVN5d tw-ta\" dir=\"ltr\" data-placeholder=\"P\u00ebrkthimi\"><span lang=\"sq\">Teknologji e rimbushshme e bateris\u00eb NiMH<\/span><\/li>\n<li><span lang=\"sq\">Furnizimi me energji elektrike (LOV) i rimbushsh\u00ebm.<\/span><\/li>\n<li id=\"tw-target-text\" class=\"tw-data-text tw-text-large XcVN5d tw-ta\" dir=\"ltr\" data-placeholder=\"P\u00ebrkthimi\"><span lang=\"sq\">Gjat\u00ebsia e prerjes (max.) 16 mm<\/span><\/li>\n<li id=\"tw-target-text\" class=\"tw-data-text tw-text-large XcVN5d tw-ta\" dir=\"ltr\" data-placeholder=\"P\u00ebrkthimi\"><span lang=\"sq\">Gjat\u00ebsia e prerjes (min.) 2 mm<\/span><\/li>\n<li id=\"tw-target-text\" class=\"tw-data-text tw-text-large XcVN5d tw-ta\" dir=\"ltr\" data-placeholder=\"P\u00ebrkthimi\"><span lang=\"sq\">Furnizimi me energji elektrike p\u00ebrmes bateris\u00eb s\u00eb rimbushshme.<\/span><\/li>\n<li id=\"tw-target-text\" class=\"tw-data-text tw-text-large XcVN5d tw-ta\" dir=\"ltr\" data-placeholder=\"P\u00ebrkthimi\"><span lang=\"sq\">Pesha, informacioni p\u00ebrfshir\u00eb. Bateri e rimbushshme.<\/span><\/li>\n<li id=\"tw-target-text\" class=\"tw-data-text tw-text-large XcVN5d tw-ta\" dir=\"ltr\" data-placeholder=\"P\u00ebrkthimi\"><span lang=\"sq\">Pesha 190 g<\/span><\/li>\n<\/ul>\n","protected":false},"featured_media":4943,"template":"","meta":[],"product_brand":[],"product_cat":[153,175,174],"product_tag":[],"class_list":{"0":"post-4929","1":"product","2":"type-product","3":"status-publish","4":"has-post-thumbnail","6":"product_cat-kujdesi-personal","7":"product_cat-makina-rroje","8":"product_cat-mjekrra","9":"description-off","11":"first","12":"instock","13":"shipping-taxable","14":"purchasable","15":"product-type-simple"},"_links":{"self":[{"href":"https:\/\/bigshop.al\/index.php\/wp-json\/wp\/v2\/product\/4929","targetHints":{"allow":["GET"]}}],"collection":[{"href":"https:\/\/bigshop.al\/index.php\/wp-json\/wp\/v2\/product"}],"about":[{"href":"https:\/\/bigshop.al\/index.php\/wp-json\/wp\/v2\/types\/product"}],"wp:featuredmedia":[{"embeddable":true,"href":"https:\/\/bigshop.al\/index.php\/wp-json\/wp\/v2\/media\/4943"}],"wp:attachment":[{"href":"https:\/\/bigshop.al\/index.php\/wp-json\/wp\/v2\/media?parent=4929"}],"wp:term":[{"taxonomy":"product_brand","embeddable":true,"href":"https:\/\/bigshop.al\/index.php\/wp-json\/wp\/v2\/product_brand?post=4929"},{"taxonomy":"product_cat","embeddable":true,"href":"https:\/\/bigshop.al\/index.php\/wp-json\/wp\/v2\/product_cat?post=4929"},{"taxonomy":"product_tag","embeddable":true,"href":"https:\/\/bigshop.al\/index.php\/wp-json\/wp\/v2\/product_tag?post=4929"}],"curies":[{"name":"wp","href":"https:\/\/api.w.org\/{rel}","templated":true}]}}