{"id":5136,"date":"2020-06-27T07:22:32","date_gmt":"2020-06-27T07:22:32","guid":{"rendered":"https:\/\/bigshop.al\/?post_type=product&#038;p=5136"},"modified":"2020-06-27T07:22:32","modified_gmt":"2020-06-27T07:22:32","slug":"piaster-remington-s1450","status":"publish","type":"product","link":"https:\/\/bigshop.al\/index.php\/product\/piaster-remington-s1450\/","title":{"rendered":"Piaster Remington S1450"},"content":{"rendered":"","protected":false},"excerpt":{"rendered":"<ul>\n<li>Piaster Remington S1450<\/li>\n<li>Pllaka e qeramikes <span lang=\"sq\">ju lejon t\u00eb stiloni flok\u00ebt me lehtesi nga rr\u00ebnja, duke siguruar sakt\u00ebsi dhe rehati t\u00eb plot\u00eb gjate perdorimit.\u00a0<\/span><\/li>\n<li>2 nivele temperature qe e ben te pershtatshem per te gjitha llojet e flokeve.<\/li>\n<li>Duhen vetem 30 sekonda qe te jete gati per tu perdorur.<\/li>\n<li>Ka ane te kthyeshme gje qe krijon lehtesi ne stilime te ndryshme te flokut.<\/li>\n<li>Teknologjia e prodhuar ben qe te pershtatet me energjine ne te gjithe boten keshtu qe mund ta merrni edhe ne udhetimet tuaja<\/li>\n<\/ul>\n","protected":false},"featured_media":5217,"template":"","meta":[],"product_brand":[],"product_cat":[168,153,171],"product_tag":[],"class_list":{"0":"post-5136","1":"product","2":"type-product","3":"status-publish","4":"has-post-thumbnail","6":"product_cat-floket-stilim","7":"product_cat-kujdesi-personal","8":"product_cat-pjastra","9":"description-off","11":"first","12":"instock","13":"shipping-taxable","14":"purchasable","15":"product-type-simple"},"_links":{"self":[{"href":"https:\/\/bigshop.al\/index.php\/wp-json\/wp\/v2\/product\/5136","targetHints":{"allow":["GET"]}}],"collection":[{"href":"https:\/\/bigshop.al\/index.php\/wp-json\/wp\/v2\/product"}],"about":[{"href":"https:\/\/bigshop.al\/index.php\/wp-json\/wp\/v2\/types\/product"}],"wp:featuredmedia":[{"embeddable":true,"href":"https:\/\/bigshop.al\/index.php\/wp-json\/wp\/v2\/media\/5217"}],"wp:attachment":[{"href":"https:\/\/bigshop.al\/index.php\/wp-json\/wp\/v2\/media?parent=5136"}],"wp:term":[{"taxonomy":"product_brand","embeddable":true,"href":"https:\/\/bigshop.al\/index.php\/wp-json\/wp\/v2\/product_brand?post=5136"},{"taxonomy":"product_cat","embeddable":true,"href":"https:\/\/bigshop.al\/index.php\/wp-json\/wp\/v2\/product_cat?post=5136"},{"taxonomy":"product_tag","embeddable":true,"href":"https:\/\/bigshop.al\/index.php\/wp-json\/wp\/v2\/product_tag?post=5136"}],"curies":[{"name":"wp","href":"https:\/\/api.w.org\/{rel}","templated":true}]}}