{"id":5197,"date":"2020-07-01T14:00:47","date_gmt":"2020-07-01T14:00:47","guid":{"rendered":"https:\/\/bigshop.al\/?post_type=product&#038;p=5197"},"modified":"2020-07-01T14:00:47","modified_gmt":"2020-07-01T14:00:47","slug":"mashe-flokesh-remington-pro-tight-curl","status":"publish","type":"product","link":"https:\/\/bigshop.al\/index.php\/product\/mashe-flokesh-remington-pro-tight-curl\/","title":{"rendered":"Mashe flokesh Remington Pro Tight Curl"},"content":{"rendered":"","protected":false},"excerpt":{"rendered":"<ul>\n<li>Mashe flokesh Remington Pro Tight Curl<\/li>\n<li>8 cil\u00ebsime t\u00eb temperatur\u00ebs 140-210 \u00b0 C<\/li>\n<li>Drit\u00eb e gatshme LED<\/li>\n<li>Mbyllja automatike pas 60 minutash<\/li>\n<li>Q\u00ebndroni e mbrojtur ndaj temperatur\u00ebs s\u00eb lart\u00eb.<\/li>\n<li>Tensioni universal<\/li>\n<\/ul>\n<div class=\"jhH5U\">\n<div id=\"tw-ob\" class=\"tw-src-ltr\">\n<div class=\"oSioSc\">\n<div id=\"tw-target\">\n<div id=\"kAz1tf\" class=\"g9WsWb\">\n<div class=\"iYB33c\">\n<div class=\"dlJLJe\">\n<div data-cviv=\"false\" data-ved=\"2ahUKEwi8v_XX5J_qAhVpVRUIHTd-BGEQz_AEMAB6BAgBEA4\">\n<div class=\"U9URNb\"><\/div>\n<\/div>\n<\/div>\n<\/div>\n<\/div>\n<\/div>\n<\/div>\n<\/div>\n<\/div>\n<p>&nbsp;<\/p>\n","protected":false},"featured_media":5336,"template":"","meta":[],"product_brand":[],"product_cat":[168,153,172],"product_tag":[],"class_list":{"0":"post-5197","1":"product","2":"type-product","3":"status-publish","4":"has-post-thumbnail","6":"product_cat-floket-stilim","7":"product_cat-kujdesi-personal","8":"product_cat-stilues","9":"description-off","11":"first","12":"instock","13":"shipping-taxable","14":"purchasable","15":"product-type-simple"},"_links":{"self":[{"href":"https:\/\/bigshop.al\/index.php\/wp-json\/wp\/v2\/product\/5197","targetHints":{"allow":["GET"]}}],"collection":[{"href":"https:\/\/bigshop.al\/index.php\/wp-json\/wp\/v2\/product"}],"about":[{"href":"https:\/\/bigshop.al\/index.php\/wp-json\/wp\/v2\/types\/product"}],"wp:featuredmedia":[{"embeddable":true,"href":"https:\/\/bigshop.al\/index.php\/wp-json\/wp\/v2\/media\/5336"}],"wp:attachment":[{"href":"https:\/\/bigshop.al\/index.php\/wp-json\/wp\/v2\/media?parent=5197"}],"wp:term":[{"taxonomy":"product_brand","embeddable":true,"href":"https:\/\/bigshop.al\/index.php\/wp-json\/wp\/v2\/product_brand?post=5197"},{"taxonomy":"product_cat","embeddable":true,"href":"https:\/\/bigshop.al\/index.php\/wp-json\/wp\/v2\/product_cat?post=5197"},{"taxonomy":"product_tag","embeddable":true,"href":"https:\/\/bigshop.al\/index.php\/wp-json\/wp\/v2\/product_tag?post=5197"}],"curies":[{"name":"wp","href":"https:\/\/api.w.org\/{rel}","templated":true}]}}