{"id":5225,"date":"2020-06-27T10:40:19","date_gmt":"2020-06-27T10:40:19","guid":{"rendered":"https:\/\/bigshop.al\/?post_type=product&#038;p=5225"},"modified":"2020-06-27T10:40:19","modified_gmt":"2020-06-27T10:40:19","slug":"mashe-flokesh-remington-pro-spiral-curl-ci5319","status":"publish","type":"product","link":"https:\/\/bigshop.al\/index.php\/product\/mashe-flokesh-remington-pro-spiral-curl-ci5319\/","title":{"rendered":"Mashe flokesh Remington Pro Spiral Curl CI5319"},"content":{"rendered":"","protected":false},"excerpt":{"rendered":"<ul>\n<li>Mashe flokesh Remington Pro Spiral Curl CI5319<\/li>\n<li>Mbrojtje 4 fish p\u00ebr shk\u00eblqim.<\/li>\n<li>Anti statike. Qeramike. Turmalin\u00eb Jonike. Veshje e but\u00eb rr\u00ebshqit\u00ebse.<\/li>\n<li>Temperatura maksimale 210 \u00b0. Rrip<\/li>\n<li>19 mm p\u00ebr kacurrela t\u00eb theksuara.<\/li>\n<li>8 cil\u00ebsime t\u00eb temperatur\u00ebs.<\/li>\n<li>Koha e ngrohjes 30 sekond\u00eb.<\/li>\n<li>Buton ON\/OFF Drit\u00eb qe tregon se pajisja eshte gati per tu perdorur.<\/li>\n<li>Tensioni n\u00eb t\u00eb gjith\u00eb bot\u00ebn.<\/li>\n<li>Siguria automatike mbyllet pas 60 minutash.<\/li>\n<li>Stenda e mbrojtjes s\u00eb nxeht\u00ebsis\u00eb.<\/li>\n<\/ul>\n","protected":false},"featured_media":5231,"template":"","meta":[],"product_brand":[],"product_cat":[168,153,172],"product_tag":[],"class_list":{"0":"post-5225","1":"product","2":"type-product","3":"status-publish","4":"has-post-thumbnail","6":"product_cat-floket-stilim","7":"product_cat-kujdesi-personal","8":"product_cat-stilues","9":"description-off","11":"first","12":"instock","13":"shipping-taxable","14":"purchasable","15":"product-type-simple"},"_links":{"self":[{"href":"https:\/\/bigshop.al\/index.php\/wp-json\/wp\/v2\/product\/5225","targetHints":{"allow":["GET"]}}],"collection":[{"href":"https:\/\/bigshop.al\/index.php\/wp-json\/wp\/v2\/product"}],"about":[{"href":"https:\/\/bigshop.al\/index.php\/wp-json\/wp\/v2\/types\/product"}],"wp:featuredmedia":[{"embeddable":true,"href":"https:\/\/bigshop.al\/index.php\/wp-json\/wp\/v2\/media\/5231"}],"wp:attachment":[{"href":"https:\/\/bigshop.al\/index.php\/wp-json\/wp\/v2\/media?parent=5225"}],"wp:term":[{"taxonomy":"product_brand","embeddable":true,"href":"https:\/\/bigshop.al\/index.php\/wp-json\/wp\/v2\/product_brand?post=5225"},{"taxonomy":"product_cat","embeddable":true,"href":"https:\/\/bigshop.al\/index.php\/wp-json\/wp\/v2\/product_cat?post=5225"},{"taxonomy":"product_tag","embeddable":true,"href":"https:\/\/bigshop.al\/index.php\/wp-json\/wp\/v2\/product_tag?post=5225"}],"curies":[{"name":"wp","href":"https:\/\/api.w.org\/{rel}","templated":true}]}}