{"id":5782,"date":"2020-07-06T13:29:20","date_gmt":"2020-07-06T13:29:20","guid":{"rendered":"https:\/\/bigshop.al\/?post_type=product&#038;p=5782"},"modified":"2020-07-22T12:53:29","modified_gmt":"2020-07-22T12:53:29","slug":"alfred-dunhill-dunhill-black","status":"publish","type":"product","link":"https:\/\/bigshop.al\/index.php\/product\/alfred-dunhill-dunhill-black\/","title":{"rendered":"Alfred Dunhill &#8211; Dunhill Black"},"content":{"rendered":"","protected":false},"excerpt":{"rendered":"<p class=\"featurette-heading\">Alfred Dunhill &#8211; Dunhill Black<\/p>\n<ul>\n<li class=\"lead\">Parfum p\u00ebr Meshkuj (parfume vajore)<\/li>\n<li>Emri \u00ebsht\u00eb pak \u00e7orientues, pasi kjo arom\u00eb \u00ebsht\u00eb m\u00eb shum\u00eb barishtore se sa e err\u00ebt, nj\u00eb arom\u00eb t\u00eb gjithanshme, t\u00eb p\u00ebrmbajtur q\u00eb mund t\u00eb vishet dit\u00eb n\u00eb mbr\u00ebmje, ve\u00e7an\u00ebrisht n\u00eb muajt e ngroht\u00eb.<\/li>\n<li>Me mbushje<\/li>\n<li>30 ml \u2013 850L<\/li>\n<li>50 ml \u2013 1400L<\/li>\n<li>100 ml \u2013 2650L<\/li>\n<li>200 ml \u2013 5150L<\/li>\n<\/ul>\n","protected":false},"featured_media":6167,"template":"","meta":[],"product_brand":[],"product_cat":[153,167,165],"product_tag":[],"class_list":{"0":"post-5782","1":"product","2":"type-product","3":"status-publish","4":"has-post-thumbnail","6":"product_cat-kujdesi-personal","7":"product_cat-meshkuj","8":"product_cat-parfume","9":"description-off","11":"first","12":"instock","13":"shipping-taxable","14":"purchasable","15":"product-type-simple"},"_links":{"self":[{"href":"https:\/\/bigshop.al\/index.php\/wp-json\/wp\/v2\/product\/5782","targetHints":{"allow":["GET"]}}],"collection":[{"href":"https:\/\/bigshop.al\/index.php\/wp-json\/wp\/v2\/product"}],"about":[{"href":"https:\/\/bigshop.al\/index.php\/wp-json\/wp\/v2\/types\/product"}],"wp:featuredmedia":[{"embeddable":true,"href":"https:\/\/bigshop.al\/index.php\/wp-json\/wp\/v2\/media\/6167"}],"wp:attachment":[{"href":"https:\/\/bigshop.al\/index.php\/wp-json\/wp\/v2\/media?parent=5782"}],"wp:term":[{"taxonomy":"product_brand","embeddable":true,"href":"https:\/\/bigshop.al\/index.php\/wp-json\/wp\/v2\/product_brand?post=5782"},{"taxonomy":"product_cat","embeddable":true,"href":"https:\/\/bigshop.al\/index.php\/wp-json\/wp\/v2\/product_cat?post=5782"},{"taxonomy":"product_tag","embeddable":true,"href":"https:\/\/bigshop.al\/index.php\/wp-json\/wp\/v2\/product_tag?post=5782"}],"curies":[{"name":"wp","href":"https:\/\/api.w.org\/{rel}","templated":true}]}}