{"id":5789,"date":"2020-07-06T13:01:02","date_gmt":"2020-07-06T13:01:02","guid":{"rendered":"https:\/\/bigshop.al\/?post_type=product&#038;p=5789"},"modified":"2020-07-22T12:53:52","modified_gmt":"2020-07-22T12:53:52","slug":"alfred-dunhill-dunhill-london","status":"publish","type":"product","link":"https:\/\/bigshop.al\/index.php\/product\/alfred-dunhill-dunhill-london\/","title":{"rendered":"Alfred Dunhill &#8211; Dunhill London"},"content":{"rendered":"","protected":false},"excerpt":{"rendered":"<p class=\"featurette-heading\">Alfred Dunhill &#8211; Dunhill London<\/p>\n<ul>\n<li class=\"lead\">Parfum p\u00ebr Meshkuj (parfume vajore)<\/li>\n<li>\u00cbsht\u00eb nj\u00eb arom\u00eb e sofistikuar e p\u00ebrshtatshme edhe p\u00ebr zot\u00ebrinjt\u00eb m\u00eb t\u00eb dalluar<\/li>\n<li>Me mbushje<\/li>\n<li>30 ml &#8211; 850L<\/li>\n<li>50 ml &#8211; 1400L<\/li>\n<li>100 ml &#8211; 2650L<\/li>\n<li>200 ml &#8211; 5150L<\/li>\n<\/ul>\n","protected":false},"featured_media":6164,"template":"","meta":[],"product_brand":[],"product_cat":[153,167,165],"product_tag":[],"class_list":{"0":"post-5789","1":"product","2":"type-product","3":"status-publish","4":"has-post-thumbnail","6":"product_cat-kujdesi-personal","7":"product_cat-meshkuj","8":"product_cat-parfume","9":"description-off","11":"first","12":"instock","13":"shipping-taxable","14":"purchasable","15":"product-type-simple"},"_links":{"self":[{"href":"https:\/\/bigshop.al\/index.php\/wp-json\/wp\/v2\/product\/5789","targetHints":{"allow":["GET"]}}],"collection":[{"href":"https:\/\/bigshop.al\/index.php\/wp-json\/wp\/v2\/product"}],"about":[{"href":"https:\/\/bigshop.al\/index.php\/wp-json\/wp\/v2\/types\/product"}],"wp:featuredmedia":[{"embeddable":true,"href":"https:\/\/bigshop.al\/index.php\/wp-json\/wp\/v2\/media\/6164"}],"wp:attachment":[{"href":"https:\/\/bigshop.al\/index.php\/wp-json\/wp\/v2\/media?parent=5789"}],"wp:term":[{"taxonomy":"product_brand","embeddable":true,"href":"https:\/\/bigshop.al\/index.php\/wp-json\/wp\/v2\/product_brand?post=5789"},{"taxonomy":"product_cat","embeddable":true,"href":"https:\/\/bigshop.al\/index.php\/wp-json\/wp\/v2\/product_cat?post=5789"},{"taxonomy":"product_tag","embeddable":true,"href":"https:\/\/bigshop.al\/index.php\/wp-json\/wp\/v2\/product_tag?post=5789"}],"curies":[{"name":"wp","href":"https:\/\/api.w.org\/{rel}","templated":true}]}}