{"id":5792,"date":"2020-07-07T08:05:27","date_gmt":"2020-07-07T08:05:27","guid":{"rendered":"https:\/\/bigshop.al\/?post_type=product&#038;p=5792"},"modified":"2020-07-22T12:42:41","modified_gmt":"2020-07-22T12:42:41","slug":"amouage-dia","status":"publish","type":"product","link":"https:\/\/bigshop.al\/index.php\/product\/amouage-dia\/","title":{"rendered":"Amouage &#8211; Dia"},"content":{"rendered":"","protected":false},"excerpt":{"rendered":"<p class=\"featurette-heading\">Amouage &#8211; Dia<\/p>\n<ul>\n<li class=\"lead\">Parfum p\u00ebr Meshkuj<\/li>\n<li>Portokall I Hidhur,\u00a0Kardamom,\u00a0Temjan,\u00a0Gum Cistus<\/li>\n<li>Ylang Ylang, Lule Shpate, Lulegjake, Lule Kumbulle<\/li>\n<li>Vetiver, L\u00ebkur\u00eb, Qelibar, Patculi, Palisand\u00ebr<\/li>\n<li>Me mbushje<\/li>\n<li>30 ml &#8211; 2400L<\/li>\n<li>50 ml &#8211; 3900L<\/li>\n<li>100 ml &#8211; 7650L<\/li>\n<li>200 ml &#8211; 15150L<\/li>\n<\/ul>\n","protected":false},"featured_media":6207,"template":"","meta":[],"product_brand":[],"product_cat":[153,167,165],"product_tag":[],"class_list":{"0":"post-5792","1":"product","2":"type-product","3":"status-publish","4":"has-post-thumbnail","6":"product_cat-kujdesi-personal","7":"product_cat-meshkuj","8":"product_cat-parfume","9":"description-off","11":"first","12":"instock","13":"shipping-taxable","14":"purchasable","15":"product-type-simple"},"_links":{"self":[{"href":"https:\/\/bigshop.al\/index.php\/wp-json\/wp\/v2\/product\/5792","targetHints":{"allow":["GET"]}}],"collection":[{"href":"https:\/\/bigshop.al\/index.php\/wp-json\/wp\/v2\/product"}],"about":[{"href":"https:\/\/bigshop.al\/index.php\/wp-json\/wp\/v2\/types\/product"}],"wp:featuredmedia":[{"embeddable":true,"href":"https:\/\/bigshop.al\/index.php\/wp-json\/wp\/v2\/media\/6207"}],"wp:attachment":[{"href":"https:\/\/bigshop.al\/index.php\/wp-json\/wp\/v2\/media?parent=5792"}],"wp:term":[{"taxonomy":"product_brand","embeddable":true,"href":"https:\/\/bigshop.al\/index.php\/wp-json\/wp\/v2\/product_brand?post=5792"},{"taxonomy":"product_cat","embeddable":true,"href":"https:\/\/bigshop.al\/index.php\/wp-json\/wp\/v2\/product_cat?post=5792"},{"taxonomy":"product_tag","embeddable":true,"href":"https:\/\/bigshop.al\/index.php\/wp-json\/wp\/v2\/product_tag?post=5792"}],"curies":[{"name":"wp","href":"https:\/\/api.w.org\/{rel}","templated":true}]}}