{"id":5804,"date":"2020-07-07T07:38:00","date_gmt":"2020-07-07T07:38:00","guid":{"rendered":"https:\/\/bigshop.al\/?post_type=product&#038;p=5804"},"modified":"2020-07-22T12:45:14","modified_gmt":"2020-07-22T12:45:14","slug":"aramis","status":"publish","type":"product","link":"https:\/\/bigshop.al\/index.php\/product\/aramis\/","title":{"rendered":"Aramis"},"content":{"rendered":"","protected":false},"excerpt":{"rendered":"<p class=\"featurette-heading\">Aramis<\/p>\n<ul>\n<li class=\"lead\">Parfum p\u00ebr Meshkuj<\/li>\n<li>Bergamot, Gardenia, Qimon, Artemisia<\/li>\n<li>Sherebel\u00eb, M\u00ebrsin\u00eb, Karafil, Jasemin, Patculi, Lule Orris<\/li>\n<li>Patculi, Dru Sandali, Vetiver, Myshk, L\u00ebkur\u00eb, Qelibar, Misk<\/li>\n<li>Me mbushje<\/li>\n<li>30 ml \u2013 850L<\/li>\n<li>50 ml \u2013 1400L<\/li>\n<li>100 ml \u2013 2650L<\/li>\n<li>200 ml \u2013 5150L<\/li>\n<\/ul>\n","protected":false},"featured_media":6199,"template":"","meta":[],"product_brand":[],"product_cat":[153,167,165],"product_tag":[],"class_list":{"0":"post-5804","1":"product","2":"type-product","3":"status-publish","4":"has-post-thumbnail","6":"product_cat-kujdesi-personal","7":"product_cat-meshkuj","8":"product_cat-parfume","9":"description-off","11":"first","12":"instock","13":"shipping-taxable","14":"purchasable","15":"product-type-simple"},"_links":{"self":[{"href":"https:\/\/bigshop.al\/index.php\/wp-json\/wp\/v2\/product\/5804","targetHints":{"allow":["GET"]}}],"collection":[{"href":"https:\/\/bigshop.al\/index.php\/wp-json\/wp\/v2\/product"}],"about":[{"href":"https:\/\/bigshop.al\/index.php\/wp-json\/wp\/v2\/types\/product"}],"wp:featuredmedia":[{"embeddable":true,"href":"https:\/\/bigshop.al\/index.php\/wp-json\/wp\/v2\/media\/6199"}],"wp:attachment":[{"href":"https:\/\/bigshop.al\/index.php\/wp-json\/wp\/v2\/media?parent=5804"}],"wp:term":[{"taxonomy":"product_brand","embeddable":true,"href":"https:\/\/bigshop.al\/index.php\/wp-json\/wp\/v2\/product_brand?post=5804"},{"taxonomy":"product_cat","embeddable":true,"href":"https:\/\/bigshop.al\/index.php\/wp-json\/wp\/v2\/product_cat?post=5804"},{"taxonomy":"product_tag","embeddable":true,"href":"https:\/\/bigshop.al\/index.php\/wp-json\/wp\/v2\/product_tag?post=5804"}],"curies":[{"name":"wp","href":"https:\/\/api.w.org\/{rel}","templated":true}]}}