{"id":5813,"date":"2020-07-07T07:32:31","date_gmt":"2020-07-07T07:32:31","guid":{"rendered":"https:\/\/bigshop.al\/?post_type=product&#038;p=5813"},"modified":"2020-07-22T12:45:37","modified_gmt":"2020-07-22T12:45:37","slug":"azzaro-elixir-pour-homme","status":"publish","type":"product","link":"https:\/\/bigshop.al\/index.php\/product\/azzaro-elixir-pour-homme\/","title":{"rendered":"Azzaro &#8211; Elixir Pour Homme"},"content":{"rendered":"","protected":false},"excerpt":{"rendered":"<p class=\"featurette-heading\">Azzaro &#8211; Elixir Pour Homme<\/p>\n<ul>\n<li class=\"lead\">Parfum p\u00ebr Meshkuj<\/li>\n<li>Bergamot,\u00a0Lavand\u00ebr, Dor\u00ebzonj\u00eb, Myshk Oak, Fasule Tonka, Vanilje, Benzoin, Mandarin\u00eb, Limon, Dardh\u00eb, Rrush I Zi<\/li>\n<li>Me mbushje<\/li>\n<li>30 ml \u2013 850L<\/li>\n<li>50 ml \u2013 1400L<\/li>\n<li>100 ml \u2013 2650L<\/li>\n<li>200 ml \u2013 5150L<\/li>\n<\/ul>\n","protected":false},"featured_media":6196,"template":"","meta":[],"product_brand":[],"product_cat":[153,167,165],"product_tag":[],"class_list":{"0":"post-5813","1":"product","2":"type-product","3":"status-publish","4":"has-post-thumbnail","6":"product_cat-kujdesi-personal","7":"product_cat-meshkuj","8":"product_cat-parfume","9":"description-off","11":"first","12":"instock","13":"shipping-taxable","14":"purchasable","15":"product-type-simple"},"_links":{"self":[{"href":"https:\/\/bigshop.al\/index.php\/wp-json\/wp\/v2\/product\/5813","targetHints":{"allow":["GET"]}}],"collection":[{"href":"https:\/\/bigshop.al\/index.php\/wp-json\/wp\/v2\/product"}],"about":[{"href":"https:\/\/bigshop.al\/index.php\/wp-json\/wp\/v2\/types\/product"}],"wp:featuredmedia":[{"embeddable":true,"href":"https:\/\/bigshop.al\/index.php\/wp-json\/wp\/v2\/media\/6196"}],"wp:attachment":[{"href":"https:\/\/bigshop.al\/index.php\/wp-json\/wp\/v2\/media?parent=5813"}],"wp:term":[{"taxonomy":"product_brand","embeddable":true,"href":"https:\/\/bigshop.al\/index.php\/wp-json\/wp\/v2\/product_brand?post=5813"},{"taxonomy":"product_cat","embeddable":true,"href":"https:\/\/bigshop.al\/index.php\/wp-json\/wp\/v2\/product_cat?post=5813"},{"taxonomy":"product_tag","embeddable":true,"href":"https:\/\/bigshop.al\/index.php\/wp-json\/wp\/v2\/product_tag?post=5813"}],"curies":[{"name":"wp","href":"https:\/\/api.w.org\/{rel}","templated":true}]}}