{"id":6509,"date":"2020-07-13T11:15:20","date_gmt":"2020-07-13T11:15:20","guid":{"rendered":"https:\/\/bigshop.al\/?post_type=product&#038;p=6509"},"modified":"2020-07-13T12:57:17","modified_gmt":"2020-07-13T12:57:17","slug":"chamos-acaci-snail-cosmetics-set","status":"publish","type":"product","link":"https:\/\/bigshop.al\/index.php\/product\/chamos-acaci-snail-cosmetics-set\/","title":{"rendered":"Seti Kozmetik Chamos ACACI"},"content":{"rendered":"<p>Seti Kozmetik Chamos ACACI<\/p>\n<ul>\n<li>Tonik kund\u00ebr rrudhave me ekstraktin e k\u00ebrmilli<\/li>\n<\/ul>\n<p>P\u00ebrb\u00ebrja: Me ekstrakt k\u00ebrmilli<\/p>\n<p>Vetit\u00eb sh\u00ebruese: Toniku p\u00ebr l\u00ebkur\u00ebn me ekstraktin e k\u00ebrmillit \u00ebsht\u00eb tonik special i cil\u00ebsis\u00eb s\u00eb par\u00eb, i cili ka nj\u00eb efekt rigjenerues t\u00eb shpejt\u00eb dhe \u00ebsht\u00eb krejt\u00ebsisht i ndrysh\u00ebm nga tonifikuesit ekzistues. Toneri kund\u00ebr rrudhave t\u00eb k\u00ebrmillit \u00ebsht\u00eb nj\u00eb tonik p\u00ebr riparimin e l\u00ebkur\u00ebs i cili parandalon q\u00eb l\u00ebkura t\u00eb b\u00ebhet e that\u00eb ose e ashp\u00ebr, dhe hidraton l\u00ebkur\u00ebn gjat\u00eb gjith\u00eb dit\u00ebs \/ nat\u00ebs.<\/p>\n<p>P\u00ebrdorimi: Pasi ta keni lar\u00eb fytyr\u00ebn, lageni nj\u00eb cop\u00eb pambuku me tonikun dhe fshijeni t\u00ebr\u00eb fytyr\u00ebn dhe rreth qaf\u00ebs, duke p\u00ebrjashtuar syt\u00eb tuaj. P\u00ebr rezultat m\u00eb t\u00eb mir\u00eb p\u00ebrdoret kremi dy her\u00eb n\u00eb dit\u00eb, m\u00ebngjes dhe dark\u00eb.<\/p>\n<ul>\n<li>Locion kund\u00ebr rrudhave me ekstraktin e k\u00ebrmilli<\/li>\n<\/ul>\n<p>P\u00ebrb\u00ebrja: Me ekstrakt k\u00ebrmilli<\/p>\n<p>Vetit\u00eb sh\u00ebruese: \u00cbsht\u00eb locion rigjenerues me cil\u00ebsi t\u00eb lart\u00eb q\u00eb p\u00ebrmban ekstraktin e k\u00ebrmillit. Ai i jep gjall\u00ebri dhe elasticitet l\u00ebkur\u00ebs suaj, p\u00ebrthithet shpejt dhe nuk \u00ebsht\u00eb aspak ngjit\u00ebs. Ky locion antirrudh\u00eb mund\u00ebson q\u00eb l\u00ebkura juaj t\u00eb ket\u00eb lag\u00ebshtin\u00eb e duhur, e mbron nga faktor\u00ebt e d\u00ebmsh\u00ebm, e hidraton at\u00eb, e furnizon me l\u00ebn\u00ebd\u00eb ushqyese dhe e rigjeneron.<\/p>\n<p>P\u00ebrdorimi: Pasi t\u00eb keni p\u00ebrdorur tonerin aplikoni sasin\u00eb e duhur n\u00eb m\u00ebnyr\u00eb t\u00eb barabart\u00eb n\u00eb t\u00eb gjith\u00eb fytyr\u00ebn dhe prekeni but\u00ebsisht me maj\u00eb t\u00eb gishtit p\u00ebr t\u00eb rritur p\u00ebrthithjen, m\u00eb pas vendosni kremin hidratues. P\u00ebr rezultat m\u00eb t\u00eb mir\u00eb p\u00ebrdoret kremi dy her\u00eb n\u00eb dit\u00eb, m\u00ebngjes dhe dark\u00eb.<\/p>\n<ul>\n<li>Krem me mukoz\u00eb k\u00ebrmilli<\/li>\n<\/ul>\n<p>P\u00ebrb\u00ebrja: Me mukoz\u00eb k\u00ebrmilli<\/p>\n<p>Vetit\u00eb sh\u00ebruese: Kremi zbut shpejt l\u00ebkur\u00ebn tuaj t\u00eb kuqe apo t\u00eb ndjeshme. Kremi parandalon carjen e l\u00ebkur\u00ebs dhe e b\u00ebn at\u00eb elastike. Hidraton l\u00ebkur\u00ebn tuaj. Po ashtu rifreskon l\u00ebkur\u00ebn tuaj t\u00eb err\u00ebt dhe forcon poret e venitura apo t\u00eb zgjeruara. Kremi rifreskon l\u00ebkur\u00ebn tuaj t\u00eb lodhur dhe p\u00ebrmison rrudhat e lufton plakjen. P\u00ebrb\u00ebr\u00ebsit natyral\u00eb n\u00eb produkt e b\u00ebjn\u00eb l\u00ebkur\u00ebn tuaj perfekte.<\/p>\n<p>P\u00ebrdorimi: E aplikoni but\u00ebsisht kremin n\u00eb zon\u00ebn e fytyr\u00ebs, b\u00ebhet masazh n\u00eb form\u00eb rrethore. P\u00ebr rezultat m\u00eb t\u00eb mir\u00eb p\u00ebrdoret kremi dy her\u00eb n\u00eb dit\u00eb, m\u00ebngjes dhe dark\u00eb. Me k\u00ebt\u00eb krem Ju cdo dit\u00eb do ta ndjeni l\u00ebkur\u00ebn t\u00eb fresk\u00ebt! P\u00ebrdoret p\u00ebr t\u00eb gjitha llojet e l\u00ebkur\u00ebs.<\/p>\n<ul>\n<li>Serum p\u00ebr pastrimin e fytyr\u00ebs<\/li>\n<\/ul>\n<p>Vetit\u00eb sh\u00ebruese: \u00cbsht\u00eb nj\u00eb serum i ri p\u00ebr pastrimin e fytyr\u00ebs nga kremrat apo produktet e tjera kozmetike q\u00eb keni p\u00ebrdorur gjat\u00eb dit\u00ebs. Ai heq sebumin e tep\u00ebrt nga sip\u00ebrfaqja e l\u00ebkur\u00ebs pa e thar\u00eb apo irrituar l\u00ebkur\u00ebn, duke e l\u00ebn\u00eb at\u00eb m\u00eb t\u00eb but\u00eb dhe t\u00eb hidratuar.<\/p>\n<p>P\u00ebrdorimi: E aplikoni but\u00ebsisht serumin n\u00eb zon\u00ebn e fytyr\u00ebs, b\u00ebhet masazh n\u00eb form\u00eb rrethore. P\u00ebr rezultat m\u00eb t\u00eb mir\u00eb p\u00ebrdoret kremi dy her\u00eb n\u00eb dit\u00eb, m\u00ebngjes dhe dark\u00eb. Ju me k\u00ebt\u00eb serum do t\u00eb jeni T\u00ebrheq\u00ebse! P\u00ebr rezultat m\u00eb t\u00eb mir\u00eb p\u00ebrdoret kremi dy her\u00eb n\u00eb dit\u00eb, m\u00ebngjes dhe dark\u00eb.<\/p>\n<ul>\n<li>Krem p\u00ebr syt\u00eb anti rrudh\u00eb me mukoz\u00eb k\u00ebrmilli<\/li>\n<\/ul>\n<p>P\u00ebrb\u00ebrja: Me mukoz\u00eb k\u00ebrmilli.<\/p>\n<p>Vetit\u00eb sh\u00ebruese: L\u00ebkura p\u00ebrreth syve \u00ebsht\u00eb e holl\u00eb dhe e dob\u00ebt dhe k\u00ebrkon p\u00ebrkujdesje vazhdimisht. Ky krem anti-rrudh\u00eb p\u00ebrmban mukoz\u00ebn e k\u00ebrmillit q\u00eb kujdeset p\u00ebr l\u00ebkur\u00ebn rreth syve, duke i dh\u00ebn\u00eb efekt t\u00ebrheq\u00ebs, duke p\u00ebrmisuar l\u00ebkur\u00ebn e d\u00ebmtuar dhe duke i dh\u00ebn\u00eb asajt vitalitet. \u00cbsht\u00eb krem anti-rrudh\u00eb zbardhues i cili ushqen l\u00ebkur\u00ebn dhe e hidraton at\u00eb.<\/p>\n<p>P\u00ebrdorimi: E aplikoni but\u00ebsisht kremin n\u00eb zon\u00ebn e fytyr\u00ebs, b\u00ebhet masazh n\u00eb form\u00eb rrethore. P\u00ebr rezultat m\u00eb t\u00eb mir\u00eb p\u00ebrdoret kremi dy her\u00eb n\u00eb dit\u00eb, m\u00ebngjes dhe dark\u00eb.<\/p>\n<p>&nbsp;<\/p>\n<p><strong>Kjo \u00ebsht\u00eb Bukuria q\u00eb Ju mungon!\u00a0<\/strong><\/p>\n<p>K\u00ebshilla: &#8211; T\u00eb ruhet n\u00eb ambjent t\u00eb that\u00eb larg lag\u00ebshtir\u00ebs, drit\u00ebs &amp; nxeht\u00ebsis\u00eb.<\/p>\n<p>Produktet jan\u00eb t\u00eb cil\u00ebsis\u00eb s\u00eb par\u00eb natyral, origjinal bio ORGANIK 100%<\/p>\n","protected":false},"excerpt":{"rendered":"<p>Seti Kozmetik Chamos ACACI<\/p>\n<ul>\n<li>Tonik kund\u00ebr rrudhave me ekstraktin e k\u00ebrmilli<\/li>\n<li>Locion kund\u00ebr rrudhave me ekstraktin e k\u00ebrmilli<\/li>\n<li>Krem me mukoz\u00eb k\u00ebrmilli<\/li>\n<li>Serum p\u00ebr pastrimin e fytyr\u00ebs<\/li>\n<li>Krem p\u00ebr syt\u00eb anti rrudh\u00eb me mukoz\u00eb k\u00ebrmilli<\/li>\n<\/ul>\n<p><strong>Kjo \u00ebsht\u00eb Bukuria q\u00eb Ju mungon!\u00a0<\/strong><\/p>\n<p>K\u00ebshilla: &#8211; T\u00eb ruhet n\u00eb ambjent t\u00eb that\u00eb larg lag\u00ebshtir\u00ebs, drit\u00ebs &amp; nxeht\u00ebsis\u00eb.<\/p>\n<p>Produktet jan\u00eb t\u00eb cil\u00ebsis\u00eb s\u00eb par\u00eb natyral, origjinal bio ORGANIK 100%<\/p>\n","protected":false},"featured_media":6510,"template":"","meta":[],"product_brand":[],"product_cat":[162,161,153],"product_tag":[],"class_list":{"0":"post-6509","1":"product","2":"type-product","3":"status-publish","4":"has-post-thumbnail","6":"product_cat-krem-produkte","7":"product_cat-kujdesi-per-lekuren","8":"product_cat-kujdesi-personal","9":"description-off","11":"first","12":"instock","13":"shipping-taxable","14":"purchasable","15":"product-type-simple"},"_links":{"self":[{"href":"https:\/\/bigshop.al\/index.php\/wp-json\/wp\/v2\/product\/6509","targetHints":{"allow":["GET"]}}],"collection":[{"href":"https:\/\/bigshop.al\/index.php\/wp-json\/wp\/v2\/product"}],"about":[{"href":"https:\/\/bigshop.al\/index.php\/wp-json\/wp\/v2\/types\/product"}],"wp:featuredmedia":[{"embeddable":true,"href":"https:\/\/bigshop.al\/index.php\/wp-json\/wp\/v2\/media\/6510"}],"wp:attachment":[{"href":"https:\/\/bigshop.al\/index.php\/wp-json\/wp\/v2\/media?parent=6509"}],"wp:term":[{"taxonomy":"product_brand","embeddable":true,"href":"https:\/\/bigshop.al\/index.php\/wp-json\/wp\/v2\/product_brand?post=6509"},{"taxonomy":"product_cat","embeddable":true,"href":"https:\/\/bigshop.al\/index.php\/wp-json\/wp\/v2\/product_cat?post=6509"},{"taxonomy":"product_tag","embeddable":true,"href":"https:\/\/bigshop.al\/index.php\/wp-json\/wp\/v2\/product_tag?post=6509"}],"curies":[{"name":"wp","href":"https:\/\/api.w.org\/{rel}","templated":true}]}}