{"id":6532,"date":"2020-07-13T14:47:47","date_gmt":"2020-07-13T14:47:47","guid":{"rendered":"https:\/\/bigshop.al\/?post_type=product&#038;p=6532"},"modified":"2020-07-13T14:47:48","modified_gmt":"2020-07-13T14:47:48","slug":"seti-agarta","status":"publish","type":"product","link":"https:\/\/bigshop.al\/index.php\/product\/seti-agarta\/","title":{"rendered":"Seti Agarta"},"content":{"rendered":"<p>Seti Agarta<\/p>\n<ul>\n<li>Krem Mbrojt\u00ebs p\u00ebr Fytyr\u00ebn SPF 50<\/li>\n<\/ul>\n<p>Kremi mbrojt\u00ebs p\u00ebr fytyr\u00ebn Agarta vepron si nj\u00eb penges\u00eb n\u00eb l\u00ebkur\u00eb me vajrat e saj t\u00eb past\u00ebr dhe filtrat natyror\u00eb UV-A, UV-B. Faktor mbrojt\u00ebs SPF 50+.<\/p>\n<p>Siguron mbrojtje maksimale t\u00eb l\u00ebkur\u00ebs nga efektet e d\u00ebmshme dhe shkat\u00ebrruese t\u00eb diellit.<\/p>\n<p>Nuk t\u00eb jep ndjenj\u00eb yndyrshm\u00ebrie n\u00eb fytyr\u00eb. \u00cbsht\u00eb gjithashtu i p\u00ebrshtatsh\u00ebm p\u00ebr f\u00ebmij\u00ebt.<\/p>\n<p>P\u00ebrdorimi: 15-20 minuta para ekspozimit n\u00eb diell. P\u00ebr \u00e7do 10 cm2 t\u00eb l\u00ebkur\u00ebs, merrni af\u00ebrsisht 1 g (rreth madh\u00ebsis\u00eb s\u00eb qiqr\u00ebs) dhe p\u00ebrhapeni deria t\u00eb p\u00ebrthithet t\u00ebr\u00ebsisht. Rezistenca e tij n\u00eb uj\u00eb \u00ebsht\u00eb af\u00ebrsisht 40 minuta. Duhet t\u00eb rip\u00ebrdoret \u00e7do 80 minuta tek f\u00ebmij\u00ebt.<\/p>\n<p>&nbsp;<\/p>\n<ul>\n<li>Anti Age Cleansig Milk<br \/>\n225 ml<\/li>\n<\/ul>\n<p>Qum\u00ebsht p\u00ebr pastrimin e fytyr\u00ebs kund\u00ebr plakjes<\/p>\n<p>P\u00ebrb\u00ebrja: P\u00ebrmban bim\u00eb t\u00eb ndryshme natyrale 100%.<\/p>\n<p>Vetit\u00eb sh\u00ebruese: Qum\u00ebshti ushqen l\u00ebkur\u00ebn, e pastron at\u00eb thell\u00ebsisht dhe mban ekuilibrin e lag\u00ebshtir\u00ebs duke siguruar hidratim. Acidi hialuronik dhe ekstraktet e bim\u00ebve t\u00eb zgjedhura me kujdes, kujdesen p\u00ebr nj\u00eb pamje rinore t\u00eb l\u00ebkur\u00ebs dhe me pamje rrezatuese. Pastron but\u00ebsisht mbetjet e make-upit n\u00eb sip\u00ebrfaqen e l\u00ebkur\u00ebs dhe mbron l\u00ebkur\u00ebn nga plakja.<\/p>\n<p>P\u00ebrdorimi: E aplikoni but\u00ebsisht qum\u00ebshtin n\u00eb zon\u00ebn e fytyr\u00ebs, n\u00eb form\u00eb rrethore. P\u00ebr rezultat m\u00eb t\u00eb mir\u00eb p\u00ebrdoret kremi dy her\u00eb n\u00eb dit\u00eb, m\u00ebngjes dhe dark\u00eb. Esht\u00eb natyrale, pa p\u00ebrmbajtje flouri, SLS,SLES, paraben dhe p\u00ebrb\u00ebr\u00ebs artificial shkumues.<\/p>\n<ul>\n<li>Tonik p\u00ebr zvoglimin e poreve<br \/>\n225 ml<\/li>\n<\/ul>\n<p>&nbsp;<\/p>\n<p>P\u00ebrb\u00ebrja: P\u00ebrmban bim\u00eb t\u00eb ndryshme natyrale 100 %.<\/p>\n<p>Vetit\u00eb sh\u00ebruese: Toniku rregullon sebumin e l\u00ebkur\u00ebs. Kontribuon n\u00eb zvog\u00eblimin e poreve dhe b\u00ebrjen e tyre m\u00eb pak t\u00eb dukshme. Lejon l\u00ebkur\u00ebn t\u00eb rimarr\u00eb shk\u00eblqimin e saj.<\/p>\n<p>P\u00ebrdorimi: E aplikoni but\u00ebsisht tonikun n\u00eb zon\u00ebn e fytyr\u00ebs, n\u00eb form\u00eb rrethore. P\u00ebr rezultat m\u00eb t\u00eb mir\u00eb p\u00ebrdoret kremi dy her\u00eb n\u00eb dit\u00eb, m\u00ebngjes dhe dark\u00eb. Esht\u00eb natyrale, pa p\u00ebrmbajtje flouri, SLS,SLES, paraben dhe p\u00ebrb\u00ebr\u00ebs artificial shkumues.<\/p>\n<p>&nbsp;<\/p>\n<p>K\u00ebshilla: &#8211; T\u00eb ruhet n\u00eb ambjent larg drit\u00ebs s\u00eb diellit &amp; nxeht\u00ebsis\u00eb.<\/p>\n","protected":false},"excerpt":{"rendered":"<p>Pse kremi Agarta?<\/p>\n<ul>\n<li>Krem Natyral<\/li>\n<li>Krem Parafin\u00eb<\/li>\n<li>Nuk p\u00ebrmban PARABEN.<\/li>\n<li>Produkte t\u00eb cil\u00ebsis\u00eb s\u00eb par\u00eb natyral, origjinal bio ORGANIK 100%<\/li>\n<\/ul>\n","protected":false},"featured_media":6533,"template":"","meta":[],"product_brand":[],"product_cat":[194,162,161,153,163],"product_tag":[],"class_list":{"0":"post-6532","1":"product","2":"type-product","3":"status-publish","4":"has-post-thumbnail","6":"product_cat-aksesore-kujdesi-personal","7":"product_cat-krem-produkte","8":"product_cat-kujdesi-per-lekuren","9":"product_cat-kujdesi-personal","10":"product_cat-mbrojtese-nga-dielli","11":"description-off","13":"first","14":"instock","15":"shipping-taxable","16":"purchasable","17":"product-type-simple"},"_links":{"self":[{"href":"https:\/\/bigshop.al\/index.php\/wp-json\/wp\/v2\/product\/6532","targetHints":{"allow":["GET"]}}],"collection":[{"href":"https:\/\/bigshop.al\/index.php\/wp-json\/wp\/v2\/product"}],"about":[{"href":"https:\/\/bigshop.al\/index.php\/wp-json\/wp\/v2\/types\/product"}],"wp:featuredmedia":[{"embeddable":true,"href":"https:\/\/bigshop.al\/index.php\/wp-json\/wp\/v2\/media\/6533"}],"wp:attachment":[{"href":"https:\/\/bigshop.al\/index.php\/wp-json\/wp\/v2\/media?parent=6532"}],"wp:term":[{"taxonomy":"product_brand","embeddable":true,"href":"https:\/\/bigshop.al\/index.php\/wp-json\/wp\/v2\/product_brand?post=6532"},{"taxonomy":"product_cat","embeddable":true,"href":"https:\/\/bigshop.al\/index.php\/wp-json\/wp\/v2\/product_cat?post=6532"},{"taxonomy":"product_tag","embeddable":true,"href":"https:\/\/bigshop.al\/index.php\/wp-json\/wp\/v2\/product_tag?post=6532"}],"curies":[{"name":"wp","href":"https:\/\/api.w.org\/{rel}","templated":true}]}}