{"id":6828,"date":"2020-07-17T12:03:30","date_gmt":"2020-07-17T12:03:30","guid":{"rendered":"https:\/\/bigshop.al\/?post_type=product&#038;p=6828"},"modified":"2020-07-20T06:58:42","modified_gmt":"2020-07-20T06:58:42","slug":"wireless-n-wifi-repeater","status":"publish","type":"product","link":"https:\/\/bigshop.al\/index.php\/product\/wireless-n-wifi-repeater\/","title":{"rendered":"Wireless-N WIFI Repeater"},"content":{"rendered":"","protected":false},"excerpt":{"rendered":"<p>Perforcues Wireless-N WIFI Repeater<\/p>\n<ul>\n<li>P\u00ebrputhet me standardet IEEE 802.11B \/ G \/ N.<\/li>\n<li>Distanca e operimit: 300m<\/li>\n<li>Dy antena t\u00eb jashtme<\/li>\n<li>P\u00ebrshtat\u00ebs i integruar i energjis\u00eb<\/li>\n<li>Mb\u00ebshtet modalitetin Repeater, Client dhe AP<\/li>\n<li>Mb\u00ebshtet kriptimet WPA \/ WPA2, WPA-PSK \/ WPA2-PSK<\/li>\n<\/ul>\n","protected":false},"featured_media":6901,"template":"","meta":[],"product_brand":[],"product_cat":[24,97,94],"product_tag":[],"class_list":{"0":"post-6828","1":"product","2":"type-product","3":"status-publish","4":"has-post-thumbnail","6":"product_cat-elektronike","7":"product_cat-extender-antena-wirless","8":"product_cat-network-rrjete","9":"description-off","11":"first","12":"instock","13":"shipping-taxable","14":"purchasable","15":"product-type-simple"},"_links":{"self":[{"href":"https:\/\/bigshop.al\/index.php\/wp-json\/wp\/v2\/product\/6828","targetHints":{"allow":["GET"]}}],"collection":[{"href":"https:\/\/bigshop.al\/index.php\/wp-json\/wp\/v2\/product"}],"about":[{"href":"https:\/\/bigshop.al\/index.php\/wp-json\/wp\/v2\/types\/product"}],"wp:featuredmedia":[{"embeddable":true,"href":"https:\/\/bigshop.al\/index.php\/wp-json\/wp\/v2\/media\/6901"}],"wp:attachment":[{"href":"https:\/\/bigshop.al\/index.php\/wp-json\/wp\/v2\/media?parent=6828"}],"wp:term":[{"taxonomy":"product_brand","embeddable":true,"href":"https:\/\/bigshop.al\/index.php\/wp-json\/wp\/v2\/product_brand?post=6828"},{"taxonomy":"product_cat","embeddable":true,"href":"https:\/\/bigshop.al\/index.php\/wp-json\/wp\/v2\/product_cat?post=6828"},{"taxonomy":"product_tag","embeddable":true,"href":"https:\/\/bigshop.al\/index.php\/wp-json\/wp\/v2\/product_tag?post=6828"}],"curies":[{"name":"wp","href":"https:\/\/api.w.org\/{rel}","templated":true}]}}