{"id":6831,"date":"2020-07-20T13:29:07","date_gmt":"2020-07-20T13:29:07","guid":{"rendered":"https:\/\/bigshop.al\/?post_type=product&#038;p=6831"},"modified":"2020-07-20T13:31:46","modified_gmt":"2020-07-20T13:31:46","slug":"xiaomi-mi-router-4a-gigabit","status":"publish","type":"product","link":"https:\/\/bigshop.al\/index.php\/product\/xiaomi-mi-router-4a-gigabit\/","title":{"rendered":"Xiaomi Mi Router 4A Gigabit"},"content":{"rendered":"<p>T\u00eb gjitha portet e Gigabit Ethernet, mb\u00ebshtesin azhurnimet me brez t\u00eb gjer\u00eb.<br \/>\nGigabit Mi Router 4A\u00a0mb\u00ebshtet portet e Gigabit Ethernet dhe Gigabit Wi-Fi, t\u00eb aft\u00eb p\u00ebr nj\u00eb brez t\u00eb gjer\u00eb 100Mb dhe m\u00eb lart, zhbllokimin e potencialit t\u00eb plot\u00eb.<\/p>\n<p><strong>CPU me dy b\u00ebrthama, shpejt\u00ebsia m\u00eb e shpejt\u00eb e p\u00ebrpunimit t\u00eb t\u00eb dh\u00ebnave<\/strong><\/p>\n<p>Me\u00a0CPU me dy b\u00ebrthama\u00a0(frekuenc\u00eb 880MHz me nj\u00eb b\u00ebrtham\u00eb), versioni Mi Router 4A Giga leht\u00ebsisht mund t\u00eb suportoje transferimin e t\u00eb dh\u00ebnave t\u00eb porteve t\u00eb gigabit Ethernet dhe Wi-Fi me dy band\u00eb gigabit.<span class=\"Apple-converted-space\">\u00a0<\/span><\/p>\n<p><strong>Merrni pervojen me te mire ne Internet me Wifi Modem Mi<\/strong><\/p>\n<p>Eksperienc\u00eb n\u00eb internet Ne shfletimin me Wi-Fi AC1200 me dy band\u00eb AC1200.<br \/>\nMi Router 4A Giga<span class=\"Apple-converted-space\">\u00a0<\/span>krijon dy brez me\u00a02.4GHz dhe 5GHz,\u00a0brezi 2.4GHz jep shpejt\u00ebsi deri n\u00eb 300 Mbps me mbulim t\u00eb gjer\u00eb; Band 5GHz jep shpejt\u00ebsi deri n\u00eb 867Mbps mund\u00ebsuar nga teknologjia Wi-Fi 802.11ac.<\/p>\n<p><strong>Frekuenca e dyfisht\u00eb.<\/strong><span class=\"Apple-converted-space\">\u00a0<\/span><\/p>\n<p>Best Modem Router 4A mb\u00ebshtet\u00a0frekuence t\u00eb dyfisht\u00eb\u00a0n\u00eb nj\u00eb, 2.4GHz dhe 5Ghz p\u00ebrdor t\u00eb nj\u00ebjtin em\u00ebr WiFi. Terminali me dy frekuenc\u00eb zgjedh n\u00eb m\u00ebnyr\u00eb t\u00eb pavarur band\u00ebn optimale t\u00eb frekuenc\u00ebs.<\/p>\n<h4><strong>4 Antena me performanc\u00eb t\u00eb lart\u00eb p\u00ebr mbulim m\u00eb t\u00eb mir\u00eb Wi-Fi<\/strong><\/h4>\n<p>Kat\u00ebr antena t\u00eb jashtme me performanc\u00eb t\u00eb lart\u00eb d\u00ebrgojn\u00eb sinjale Wi-Fi n\u00eb \u00e7do cep t\u00eb\u00a0<a href=\"https:\/\/dyqan.taxi\/product-category\/kompjuter-teknologji\/\">sht\u00ebpis\u00eb tuaj<\/a>, me nj\u00eb chipset t\u00eb fuqish\u00ebm, madje edhe n\u00eb mjedise komplekse, Mi Router 4A Giga Version mund t\u00eb siguroj\u00eb gjithashtu nj\u00eb mbulim ideal Wi-Fi dhe ne lokalin apo restorantin tuaj.<\/p>\n<p><strong>P\u00ebrforcues i sinjalit t\u00eb integruar, m\u00eb i fort\u00eb dhe m\u00eb i gjer\u00eb<\/strong><\/p>\n<p>Chipat pa kabllo 2.4GHz dhe 5GHz jan\u00eb integruar p\u00ebrkat\u00ebsisht me PA dhe LNA. PA (amplifikatori i fuqis\u00eb) rrit n\u00eb m\u00ebnyr\u00eb efektive fuqin\u00eb transmetuese t\u00eb sinjalit LNA (amplifikator i ul\u00ebt i zhurm\u00ebs) mund t\u00eb p\u00ebrmir\u00ebsoj\u00eb ndjeshm\u00ebrin\u00eb e pranimit t\u00eb sinjalit. Distanca m\u00eb e gjat\u00eb e transmetimit t\u00eb sinjalit, dep\u00ebrtim m\u00eb i fort\u00eb n\u00eb mur, mbulim m\u00eb i gjer\u00eb.<\/p>\n","protected":false},"excerpt":{"rendered":"<div class=\"tlid-input input\">\n<div class=\"source-wrap\">\n<div class=\"input-full-height-wrapper tlid-input-full-height-wrapper\">\n<div class=\"source-input\">\n<div class=\"source-footer-wrap source-or-target-footer\">\n<div class=\"character-count tlid-character-count\">Xiaomi Mi Router 4A Gigabit<\/div>\n<\/div>\n<\/div>\n<\/div>\n<\/div>\n<\/div>\n<div class=\"tlid-results-container results-container\">\n<div class=\"tlid-result result-dict-wrapper\">\n<div class=\"result tlid-copy-target\">\n<div class=\"text-wrap tlid-copy-target\">\n<ul>\n<li><span class=\"tlid-translation translation\" lang=\"sq\"><span class=\"\" title=\"\">CPU me dy b\u00ebrthama, shpejt\u00ebsia m\u00eb e shpejt\u00eb e p\u00ebrpunimit t\u00eb t\u00eb dh\u00ebnave<\/span><\/span><\/li>\n<li>Frekuenca e dyfisht\u00eb<\/li>\n<li>4 Antena me performanc\u00eb t\u00eb lart\u00eb p\u00ebr mbulim m\u00eb t\u00eb mir\u00eb Wi-Fi<\/li>\n<li>P\u00ebrforcues i sinjalit t\u00eb integruar, m\u00eb i fort\u00eb dhe m\u00eb i gjere<\/li>\n<\/ul>\n<\/div>\n<\/div>\n<\/div>\n<\/div>\n","protected":false},"featured_media":6919,"template":"","meta":[],"product_brand":[],"product_cat":[24,94,100],"product_tag":[],"class_list":{"0":"post-6831","1":"product","2":"type-product","3":"status-publish","4":"has-post-thumbnail","6":"product_cat-elektronike","7":"product_cat-network-rrjete","8":"product_cat-router","9":"description-off","11":"first","12":"instock","13":"shipping-taxable","14":"purchasable","15":"product-type-simple"},"_links":{"self":[{"href":"https:\/\/bigshop.al\/index.php\/wp-json\/wp\/v2\/product\/6831","targetHints":{"allow":["GET"]}}],"collection":[{"href":"https:\/\/bigshop.al\/index.php\/wp-json\/wp\/v2\/product"}],"about":[{"href":"https:\/\/bigshop.al\/index.php\/wp-json\/wp\/v2\/types\/product"}],"wp:featuredmedia":[{"embeddable":true,"href":"https:\/\/bigshop.al\/index.php\/wp-json\/wp\/v2\/media\/6919"}],"wp:attachment":[{"href":"https:\/\/bigshop.al\/index.php\/wp-json\/wp\/v2\/media?parent=6831"}],"wp:term":[{"taxonomy":"product_brand","embeddable":true,"href":"https:\/\/bigshop.al\/index.php\/wp-json\/wp\/v2\/product_brand?post=6831"},{"taxonomy":"product_cat","embeddable":true,"href":"https:\/\/bigshop.al\/index.php\/wp-json\/wp\/v2\/product_cat?post=6831"},{"taxonomy":"product_tag","embeddable":true,"href":"https:\/\/bigshop.al\/index.php\/wp-json\/wp\/v2\/product_tag?post=6831"}],"curies":[{"name":"wp","href":"https:\/\/api.w.org\/{rel}","templated":true}]}}