{"id":6833,"date":"2020-07-21T08:34:32","date_gmt":"2020-07-21T08:34:32","guid":{"rendered":"https:\/\/bigshop.al\/?post_type=product&#038;p=6833"},"modified":"2020-07-21T08:34:32","modified_gmt":"2020-07-21T08:34:32","slug":"tp-link-3g-4g-wireless-n-router","status":"publish","type":"product","link":"https:\/\/bigshop.al\/index.php\/product\/tp-link-3g-4g-wireless-n-router\/","title":{"rendered":"TP-Link 3G\/4G Wireless N Router"},"content":{"rendered":"","protected":false},"excerpt":{"rendered":"<p>TP-Link 3G\/4G Wireless N Router<\/p>\n<ul>\n<li>Shpejt\u00ebsia: 150Mbps<\/li>\n<li>3 m\u00ebnyra t\u00eb disponueshme p\u00ebr situata t\u00eb ndryshme: Router 3G \/ 4G *, Router i klientit WISP dhe Travel Router Mode (AP Mode)<\/li>\n<li>Standardet: IEEE 802.11n, IEEE 802.11g, IEEE 802.11b<\/li>\n<\/ul>\n","protected":false},"featured_media":6945,"template":"","meta":[],"product_brand":[],"product_cat":[24,94,100],"product_tag":[],"class_list":{"0":"post-6833","1":"product","2":"type-product","3":"status-publish","4":"has-post-thumbnail","6":"product_cat-elektronike","7":"product_cat-network-rrjete","8":"product_cat-router","9":"description-off","11":"first","12":"instock","13":"shipping-taxable","14":"purchasable","15":"product-type-simple"},"_links":{"self":[{"href":"https:\/\/bigshop.al\/index.php\/wp-json\/wp\/v2\/product\/6833","targetHints":{"allow":["GET"]}}],"collection":[{"href":"https:\/\/bigshop.al\/index.php\/wp-json\/wp\/v2\/product"}],"about":[{"href":"https:\/\/bigshop.al\/index.php\/wp-json\/wp\/v2\/types\/product"}],"wp:featuredmedia":[{"embeddable":true,"href":"https:\/\/bigshop.al\/index.php\/wp-json\/wp\/v2\/media\/6945"}],"wp:attachment":[{"href":"https:\/\/bigshop.al\/index.php\/wp-json\/wp\/v2\/media?parent=6833"}],"wp:term":[{"taxonomy":"product_brand","embeddable":true,"href":"https:\/\/bigshop.al\/index.php\/wp-json\/wp\/v2\/product_brand?post=6833"},{"taxonomy":"product_cat","embeddable":true,"href":"https:\/\/bigshop.al\/index.php\/wp-json\/wp\/v2\/product_cat?post=6833"},{"taxonomy":"product_tag","embeddable":true,"href":"https:\/\/bigshop.al\/index.php\/wp-json\/wp\/v2\/product_tag?post=6833"}],"curies":[{"name":"wp","href":"https:\/\/api.w.org\/{rel}","templated":true}]}}