{"id":6873,"date":"2020-07-18T09:50:16","date_gmt":"2020-07-18T09:50:16","guid":{"rendered":"https:\/\/bigshop.al\/?post_type=product&#038;p=6873"},"modified":"2020-07-22T09:10:33","modified_gmt":"2020-07-22T09:10:33","slug":"kufje-bluetooth-airpods-i11","status":"publish","type":"product","link":"https:\/\/bigshop.al\/index.php\/product\/kufje-bluetooth-airpods-i11\/","title":{"rendered":"Kufje Bluetooth AirPods i11\u00a0"},"content":{"rendered":"","protected":false},"excerpt":{"rendered":"<p class=\"entry-title\">Kufje Bluetooth AirPods i11<\/p>\n<p>Jane aq shume praktike sa qe mund te jene shoqeruesit tuaj ideal te udhetimit. Earphones qe transmetojne muzike te paster.<br \/>\nJu lejojne te degjoni muziken tuaj te preferuar per nje kohe te gjate. Jane projektuar per pershtatje optimale \u00a0per te gjithe perdoruesit.<br \/>\nWireless Headset i11 ofrojne nje bas te fuqishem qe ju lejon te ndjeni vertete ritmin. Materiali me peshe te lehte i bene kto mini kufje me bluetooth te pershtatshme per veshet tuaj. Pergjigjuni telefonatave tuaja pa asnje problem me nje prekje te vetme.<\/p>\n<ul>\n<li>Bluetooth 5.0<\/li>\n<li>Distanca e transmetimit: deri n\u00eb 10m<\/li>\n<li>Bateria e kufjeve: 45mAh<\/li>\n<li>Kapaciteti i bateris\u00eb: 400mAh<\/li>\n<li>Koh\u00ebzgjatja e bateris\u00eb: deri n\u00eb 3 or\u00eb<\/li>\n<li>Koha e karikimit: deri n\u00eb 70min<\/li>\n<\/ul>\n","protected":false},"featured_media":6965,"template":"","meta":[],"product_brand":[],"product_cat":[36,24,41],"product_tag":[],"class_list":{"0":"post-6873","1":"product","2":"type-product","3":"status-publish","4":"has-post-thumbnail","6":"product_cat-aksesore","7":"product_cat-elektronike","8":"product_cat-kufje","9":"description-off","11":"first","12":"instock","13":"shipping-taxable","14":"purchasable","15":"product-type-simple"},"_links":{"self":[{"href":"https:\/\/bigshop.al\/index.php\/wp-json\/wp\/v2\/product\/6873","targetHints":{"allow":["GET"]}}],"collection":[{"href":"https:\/\/bigshop.al\/index.php\/wp-json\/wp\/v2\/product"}],"about":[{"href":"https:\/\/bigshop.al\/index.php\/wp-json\/wp\/v2\/types\/product"}],"wp:featuredmedia":[{"embeddable":true,"href":"https:\/\/bigshop.al\/index.php\/wp-json\/wp\/v2\/media\/6965"}],"wp:attachment":[{"href":"https:\/\/bigshop.al\/index.php\/wp-json\/wp\/v2\/media?parent=6873"}],"wp:term":[{"taxonomy":"product_brand","embeddable":true,"href":"https:\/\/bigshop.al\/index.php\/wp-json\/wp\/v2\/product_brand?post=6873"},{"taxonomy":"product_cat","embeddable":true,"href":"https:\/\/bigshop.al\/index.php\/wp-json\/wp\/v2\/product_cat?post=6873"},{"taxonomy":"product_tag","embeddable":true,"href":"https:\/\/bigshop.al\/index.php\/wp-json\/wp\/v2\/product_tag?post=6873"}],"curies":[{"name":"wp","href":"https:\/\/api.w.org\/{rel}","templated":true}]}}