{"id":6881,"date":"2020-07-18T11:18:42","date_gmt":"2020-07-18T11:18:42","guid":{"rendered":"https:\/\/bigshop.al\/?post_type=product&#038;p=6881"},"modified":"2020-07-23T07:09:12","modified_gmt":"2020-07-23T07:09:12","slug":"mini-kufje-me-bluetooth-joyroom","status":"publish","type":"product","link":"https:\/\/bigshop.al\/index.php\/product\/mini-kufje-me-bluetooth-joyroom\/","title":{"rendered":"Mini Kufje JOYROOM Bluetooth"},"content":{"rendered":"","protected":false},"excerpt":{"rendered":"<p>Mini Kufje me Bluetooth JOYROOM<\/p>\n<ul>\n<li>Versioni Bluetooth: 4.2<\/li>\n<li>Distanca efektive: 10m<\/li>\n<li>Altoparlant: 16ohm \/ \u03c66mm<\/li>\n<li>Mikrofoni: 42- 45 dB<\/li>\n<li>Bateria e kutis\u00eb: 1500mAh<\/li>\n<li>Bateria e kufjeve: 50mAh<\/li>\n<li>Koha e karikimit: 1.5-2h<\/li>\n<li>Permasat e kufjeve: 28.2 x 25 x 18.7mm<\/li>\n<li>Pesha e kufjeve: 5g \/ cop\u00eb<\/li>\n<li>Madh\u00ebsia e kutis\u00eb s\u00eb karikimit: 74 x 30 x 55.5 mm<\/li>\n<li>Pesha e kutis\u00eb s\u00eb karikimit: 70g<\/li>\n<\/ul>\n","protected":false},"featured_media":7055,"template":"","meta":[],"product_brand":[],"product_cat":[36,24,41],"product_tag":[],"class_list":{"0":"post-6881","1":"product","2":"type-product","3":"status-publish","4":"has-post-thumbnail","6":"product_cat-aksesore","7":"product_cat-elektronike","8":"product_cat-kufje","9":"description-off","11":"first","12":"instock","13":"shipping-taxable","14":"purchasable","15":"product-type-simple"},"_links":{"self":[{"href":"https:\/\/bigshop.al\/index.php\/wp-json\/wp\/v2\/product\/6881","targetHints":{"allow":["GET"]}}],"collection":[{"href":"https:\/\/bigshop.al\/index.php\/wp-json\/wp\/v2\/product"}],"about":[{"href":"https:\/\/bigshop.al\/index.php\/wp-json\/wp\/v2\/types\/product"}],"wp:featuredmedia":[{"embeddable":true,"href":"https:\/\/bigshop.al\/index.php\/wp-json\/wp\/v2\/media\/7055"}],"wp:attachment":[{"href":"https:\/\/bigshop.al\/index.php\/wp-json\/wp\/v2\/media?parent=6881"}],"wp:term":[{"taxonomy":"product_brand","embeddable":true,"href":"https:\/\/bigshop.al\/index.php\/wp-json\/wp\/v2\/product_brand?post=6881"},{"taxonomy":"product_cat","embeddable":true,"href":"https:\/\/bigshop.al\/index.php\/wp-json\/wp\/v2\/product_cat?post=6881"},{"taxonomy":"product_tag","embeddable":true,"href":"https:\/\/bigshop.al\/index.php\/wp-json\/wp\/v2\/product_tag?post=6881"}],"curies":[{"name":"wp","href":"https:\/\/api.w.org\/{rel}","templated":true}]}}