{"id":7084,"date":"2020-07-29T12:54:31","date_gmt":"2020-07-29T12:54:31","guid":{"rendered":"https:\/\/bigshop.al\/?post_type=product&#038;p=7084"},"modified":"2020-07-29T12:54:31","modified_gmt":"2020-07-29T12:54:31","slug":"sensor-parkimi","status":"publish","type":"product","link":"https:\/\/bigshop.al\/index.php\/product\/sensor-parkimi\/","title":{"rendered":"Sensor Parkimi"},"content":{"rendered":"","protected":false},"excerpt":{"rendered":"<p>Sensor Parkimi<\/p>\n<ul>\n<li>Sensor\u00eb me montim fiks<\/li>\n<li>Zbulimi i shpejt\u00eb i pengesave<\/li>\n<li>Sinjalizimi vizual dhe akustik (frekuenca e ndryshimit t\u00eb zhurm\u00ebs) tregon pozicionin e pengesave<\/li>\n<li>Kur pengesa \u00ebsht\u00eb n\u00eb nj\u00eb distanc\u00eb prej 30 cm nga automjeti, do t\u00eb d\u00ebgjoni nj\u00eb sinjal t\u00eb vazhduesh\u00ebm<\/li>\n<li>Identifikimi automatik i sensorit t\u00eb defektit<\/li>\n<li>Sensor\u00eb t\u00eb furnizuar me kabllo gjat\u00ebsi 10 cm dhe lidh\u00ebs t\u00eb pap\u00ebrshkuesh\u00ebm nga uji q\u00eb siguron z\u00ebvend\u00ebsim t\u00eb leht\u00eb n\u00ebse \u00ebsht\u00eb e nevojshme<\/li>\n<li>Ndjeshm\u00ebri e pershtatshme e sensor\u00ebve n\u00eb nj\u00ebsin\u00eb e kontrollit (2 nivele)<\/li>\n<li>Me tel ACC shtes\u00eb (tel roz\u00eb) p\u00ebr furnizim t\u00eb q\u00ebndruesh\u00ebm t\u00eb energjis\u00eb (lidhje opsionale)<\/li>\n<\/ul>\n","protected":false},"featured_media":7085,"template":"","meta":[],"product_brand":[],"product_cat":[103],"product_tag":[],"class_list":{"0":"post-7084","1":"product","2":"type-product","3":"status-publish","4":"has-post-thumbnail","6":"product_cat-makina","7":"description-off","9":"first","10":"instock","11":"shipping-taxable","12":"purchasable","13":"product-type-simple"},"_links":{"self":[{"href":"https:\/\/bigshop.al\/index.php\/wp-json\/wp\/v2\/product\/7084","targetHints":{"allow":["GET"]}}],"collection":[{"href":"https:\/\/bigshop.al\/index.php\/wp-json\/wp\/v2\/product"}],"about":[{"href":"https:\/\/bigshop.al\/index.php\/wp-json\/wp\/v2\/types\/product"}],"wp:featuredmedia":[{"embeddable":true,"href":"https:\/\/bigshop.al\/index.php\/wp-json\/wp\/v2\/media\/7085"}],"wp:attachment":[{"href":"https:\/\/bigshop.al\/index.php\/wp-json\/wp\/v2\/media?parent=7084"}],"wp:term":[{"taxonomy":"product_brand","embeddable":true,"href":"https:\/\/bigshop.al\/index.php\/wp-json\/wp\/v2\/product_brand?post=7084"},{"taxonomy":"product_cat","embeddable":true,"href":"https:\/\/bigshop.al\/index.php\/wp-json\/wp\/v2\/product_cat?post=7084"},{"taxonomy":"product_tag","embeddable":true,"href":"https:\/\/bigshop.al\/index.php\/wp-json\/wp\/v2\/product_tag?post=7084"}],"curies":[{"name":"wp","href":"https:\/\/api.w.org\/{rel}","templated":true}]}}