{"id":7167,"date":"2020-07-25T12:42:44","date_gmt":"2020-07-25T12:42:44","guid":{"rendered":"https:\/\/bigshop.al\/?post_type=product&#038;p=7167"},"modified":"2020-08-06T11:10:49","modified_gmt":"2020-08-06T11:10:49","slug":"makine-qethese-dhe-rroje-sokany","status":"publish","type":"product","link":"https:\/\/bigshop.al\/index.php\/product\/makine-qethese-dhe-rroje-sokany\/","title":{"rendered":"Makine Qethese dhe Rroje SOKANY"},"content":{"rendered":"","protected":false},"excerpt":{"rendered":"<p>Makine Qethese dhe Rroje Sokany<\/p>\n<ul>\n<li>Motorr profesional me jet\u00eb t\u00eb gjat\u00eb q\u00eb lejon p\u00ebrdorimin deri n\u00eb 1200 or\u00eb<\/li>\n<li>Me korent dhe nje bateri rezerve<\/li>\n<li>Shume e qet\u00eb<\/li>\n<li>Kapacitet t\u00eb lart\u00eb dhe efikasitet<\/li>\n<li>4 krehrave (3mm, 6 mm, 9 mm dhe 12 mm)<\/li>\n<li>Fuqia: 3W<\/li>\n<li>Tensioni me vlera: 110-240V<\/li>\n<\/ul>\n","protected":false},"featured_media":7440,"template":"","meta":[],"product_brand":[],"product_cat":[153,176,175,174],"product_tag":[],"class_list":{"0":"post-7167","1":"product","2":"type-product","3":"status-publish","4":"has-post-thumbnail","6":"product_cat-kujdesi-personal","7":"product_cat-makina-qethje","8":"product_cat-makina-rroje","9":"product_cat-mjekrra","10":"description-off","12":"first","13":"instock","14":"shipping-taxable","15":"purchasable","16":"product-type-simple"},"_links":{"self":[{"href":"https:\/\/bigshop.al\/index.php\/wp-json\/wp\/v2\/product\/7167","targetHints":{"allow":["GET"]}}],"collection":[{"href":"https:\/\/bigshop.al\/index.php\/wp-json\/wp\/v2\/product"}],"about":[{"href":"https:\/\/bigshop.al\/index.php\/wp-json\/wp\/v2\/types\/product"}],"wp:featuredmedia":[{"embeddable":true,"href":"https:\/\/bigshop.al\/index.php\/wp-json\/wp\/v2\/media\/7440"}],"wp:attachment":[{"href":"https:\/\/bigshop.al\/index.php\/wp-json\/wp\/v2\/media?parent=7167"}],"wp:term":[{"taxonomy":"product_brand","embeddable":true,"href":"https:\/\/bigshop.al\/index.php\/wp-json\/wp\/v2\/product_brand?post=7167"},{"taxonomy":"product_cat","embeddable":true,"href":"https:\/\/bigshop.al\/index.php\/wp-json\/wp\/v2\/product_cat?post=7167"},{"taxonomy":"product_tag","embeddable":true,"href":"https:\/\/bigshop.al\/index.php\/wp-json\/wp\/v2\/product_tag?post=7167"}],"curies":[{"name":"wp","href":"https:\/\/api.w.org\/{rel}","templated":true}]}}