{"id":7168,"date":"2020-07-25T13:18:48","date_gmt":"2020-07-25T13:18:48","guid":{"rendered":"https:\/\/bigshop.al\/?post_type=product&#038;p=7168"},"modified":"2020-08-06T11:06:42","modified_gmt":"2020-08-06T11:06:42","slug":"blender-ushqimi-sokany","status":"publish","type":"product","link":"https:\/\/bigshop.al\/index.php\/product\/blender-ushqimi-sokany\/","title":{"rendered":"Blender Ushqimi SOKANY"},"content":{"rendered":"","protected":false},"excerpt":{"rendered":"<p>Blender Ushqimi SOKANY<\/p>\n<p>Gjithcka ju duhet ne kuzhinen tuaj. Coptoni qepen apo perimet e tjera ne blender dhe tashme pergatitja e gjelles do t&#8217;ju marr fare pak kohe dhe aspak mundim.<\/p>\n<p>I dizajnuar n\u00eb m\u00ebnyr\u00eb unike per sallate, salsa, salca frutash, ushqim p\u00ebr femije, prodhime t\u00eb qumeshtit, pije t\u00eb ftohta me akull, supe, hamburger, omelete dhe pancakes.<\/p>\n<p>Dizajni kompakt i nj\u00ebsise e b\u00ebn t\u00eb lehte larjen dhe ruajtjen. Perbehet me thika speciale te cilat kane 6 teha te mprehta prej celiku-inoks. Ato jane shume funksionale sepse kryejne perzierje , shtypje, miksimin<\/p>\n<p>dhe perpunimin te ushqimeve ne menyre te njetrajtshme dhe te tretshme.<\/p>\n<ul>\n<li>6 thika prerese te pandryshkshme<\/li>\n<li>Kapaciteti i tasit 0.5L<\/li>\n<li>Me 3 shtresa te \u00e7elikut te pandryshkshem<\/li>\n<li>Me baze jo te rreshqitshme<\/li>\n<li>Pastrohet lehtesisht<\/li>\n<li>Shpejtesia 400W<\/li>\n<\/ul>\n","protected":false},"featured_media":7436,"template":"","meta":[],"product_brand":[],"product_cat":[445,430,452],"product_tag":[],"class_list":{"0":"post-7168","1":"product","2":"type-product","3":"status-publish","4":"has-post-thumbnail","6":"product_cat-blender","7":"product_cat-elektroshtepiake","8":"product_cat-grirese","9":"description-off","11":"first","12":"instock","13":"shipping-taxable","14":"purchasable","15":"product-type-simple"},"_links":{"self":[{"href":"https:\/\/bigshop.al\/index.php\/wp-json\/wp\/v2\/product\/7168","targetHints":{"allow":["GET"]}}],"collection":[{"href":"https:\/\/bigshop.al\/index.php\/wp-json\/wp\/v2\/product"}],"about":[{"href":"https:\/\/bigshop.al\/index.php\/wp-json\/wp\/v2\/types\/product"}],"wp:featuredmedia":[{"embeddable":true,"href":"https:\/\/bigshop.al\/index.php\/wp-json\/wp\/v2\/media\/7436"}],"wp:attachment":[{"href":"https:\/\/bigshop.al\/index.php\/wp-json\/wp\/v2\/media?parent=7168"}],"wp:term":[{"taxonomy":"product_brand","embeddable":true,"href":"https:\/\/bigshop.al\/index.php\/wp-json\/wp\/v2\/product_brand?post=7168"},{"taxonomy":"product_cat","embeddable":true,"href":"https:\/\/bigshop.al\/index.php\/wp-json\/wp\/v2\/product_cat?post=7168"},{"taxonomy":"product_tag","embeddable":true,"href":"https:\/\/bigshop.al\/index.php\/wp-json\/wp\/v2\/product_tag?post=7168"}],"curies":[{"name":"wp","href":"https:\/\/api.w.org\/{rel}","templated":true}]}}