{"id":7249,"date":"2020-07-28T13:25:08","date_gmt":"2020-07-28T13:25:08","guid":{"rendered":"https:\/\/bigshop.al\/?post_type=product&#038;p=7249"},"modified":"2020-07-28T13:25:08","modified_gmt":"2020-07-28T13:25:08","slug":"anti-hair-loss-shampoo-dexe","status":"publish","type":"product","link":"https:\/\/bigshop.al\/index.php\/product\/anti-hair-loss-shampoo-dexe\/","title":{"rendered":"Anti-Hair Loss Shampoo DEXE"},"content":{"rendered":"","protected":false},"excerpt":{"rendered":"<p>Anti-Hair Loss Shampoo DEXE<\/p>\n<p>Ky produkt i humbjes s\u00eb flok\u00ebve kombinon m\u00eb t\u00eb mir\u00ebn e ila\u00e7eve bimore dhe oriental\u00eb, t\u00eb integruar me teknologjin\u00eb m\u00eb t\u00eb fundit t\u00eb avancuar t\u00eb kujdesit t\u00eb flok\u00ebve.<br \/>\nShampo Dexe nuk \u00ebsht\u00eb ndonj\u00eb shampo e rregullt &#8211; \u00ebsht\u00eb nj\u00eb formul\u00eb e rritjes s\u00eb flok\u00ebve q\u00eb \u00ebsht\u00eb b\u00ebr\u00eb n\u00eb nj\u00eb shampo, p\u00ebr ta b\u00ebr\u00eb produktin t\u00eb leht\u00eb p\u00ebr t&#8217;u p\u00ebrdorur dhe p\u00ebr t\u00eb ofruar p\u00ebrfitime shtes\u00eb t\u00eb hydration dhe kujdesit t\u00eb flok\u00ebve q\u00eb shampoat m\u00eb t\u00eb mira tashm\u00eb ofrojn\u00eb.<br \/>\nAjo p\u00ebrmban l\u00ebnd\u00eb ushqyese thelb\u00ebsore bio-aktive q\u00eb krijojn\u00eb nj\u00eb mjedis t\u00eb sh\u00ebndetsh\u00ebm p\u00ebr rritjen e flok\u00ebve.<\/p>\n<ul>\n<li>Ka efekt te menjehershem ne ndalimin e renies,forcon dhe dendeson flokun.<\/li>\n<li>100%Organike ,teresisht natyrale<\/li>\n<li>Stimulon qarkullimin e gjakut<\/li>\n<li>Dendeson,Forteson,Purifikon dhe Hidraton Fibrat ne thellesi te flokeve<\/li>\n<li>I pershtatshem per meshkujt dhe femrat<\/li>\n<\/ul>\n<p>P\u00ebrdorimi i rekomanduar p\u00ebr rezultate t\u00eb dukshme: Minimumi 1-2 muaj (1 shishe)<br \/>\nUdh\u00ebzime:<br \/>\n1. Flok\u00ebt e lagur t\u00ebr\u00ebsisht me uj\u00eb t\u00eb ngroht\u00eb<br \/>\n2. Aplikoni Shampo Dexe n\u00eb flok\u00ebt tuaj (shmanguni shamponjes n\u00eb shpin\u00eb)<br \/>\n3. Massage rr\u00ebnj\u00ebt e flok\u00ebve tuaj p\u00ebr 2-3 minuta<br \/>\n4. Shp\u00eblarje me uj\u00eb<br \/>\n5. P\u00ebrdorni 4-6 her\u00eb n\u00eb jav\u00eb<\/p>\n","protected":false},"featured_media":7250,"template":"","meta":[],"product_brand":[],"product_cat":[168,153,169],"product_tag":[],"class_list":{"0":"post-7249","1":"product","2":"type-product","3":"status-publish","4":"has-post-thumbnail","6":"product_cat-floket-stilim","7":"product_cat-kujdesi-personal","8":"product_cat-shampoo-balsam","9":"description-off","11":"first","12":"instock","13":"shipping-taxable","14":"purchasable","15":"product-type-simple"},"_links":{"self":[{"href":"https:\/\/bigshop.al\/index.php\/wp-json\/wp\/v2\/product\/7249","targetHints":{"allow":["GET"]}}],"collection":[{"href":"https:\/\/bigshop.al\/index.php\/wp-json\/wp\/v2\/product"}],"about":[{"href":"https:\/\/bigshop.al\/index.php\/wp-json\/wp\/v2\/types\/product"}],"wp:featuredmedia":[{"embeddable":true,"href":"https:\/\/bigshop.al\/index.php\/wp-json\/wp\/v2\/media\/7250"}],"wp:attachment":[{"href":"https:\/\/bigshop.al\/index.php\/wp-json\/wp\/v2\/media?parent=7249"}],"wp:term":[{"taxonomy":"product_brand","embeddable":true,"href":"https:\/\/bigshop.al\/index.php\/wp-json\/wp\/v2\/product_brand?post=7249"},{"taxonomy":"product_cat","embeddable":true,"href":"https:\/\/bigshop.al\/index.php\/wp-json\/wp\/v2\/product_cat?post=7249"},{"taxonomy":"product_tag","embeddable":true,"href":"https:\/\/bigshop.al\/index.php\/wp-json\/wp\/v2\/product_tag?post=7249"}],"curies":[{"name":"wp","href":"https:\/\/api.w.org\/{rel}","templated":true}]}}