{"id":7260,"date":"2020-07-28T14:02:24","date_gmt":"2020-07-28T14:02:24","guid":{"rendered":"https:\/\/bigshop.al\/?post_type=product&#038;p=7260"},"modified":"2020-07-28T14:15:09","modified_gmt":"2020-07-28T14:15:09","slug":"kolagjen-plus-q10","status":"publish","type":"product","link":"https:\/\/bigshop.al\/index.php\/product\/kolagjen-plus-q10\/","title":{"rendered":"Kolagjen Plus Q10"},"content":{"rendered":"","protected":false},"excerpt":{"rendered":"<p>MICRO-COLLAGEN<br \/>\nKombinimi i cilesise se larte te kolagjenit plus koenximit Q10 dhe vitaminave A-C-E ndihmon ne menyre dramatike rigjallerimin e lekures. Studimet klinike tregojne qe rezultatet e trajtimit te lekures me kolagjen jan te mahnitshme. Ky produkt ka ne perberje ekstrakte nga pema e jetes dhe ben te mundur qe lekura te fitoje qendrueshmerine dhe te mbaje hidratim gjate 24 oreve. I jep butesi lekures dhe e ben ate si lekure bebeje, Micro Collagen e hidraton dhe e ushqen lekuren tuaj ne menyren me efektive te mundshme. Nese doni qe lekura juaj te jete shendritshme, e qendrueshme, e bute dhe e paster nga njollat ka vetem nje zjedhje micro-Collagen. Micro-Collagen rikthen elasticitetin ne lekure, redukton gradualisht rrudhat dhe nxit energjine per qelizat, krijon qeliza te reja, pastron qelizat e vdekura te cilat behen shkak per shume probleme dhe riparon qelizat e demtuara. Micro-Collagen gjithashtu zbardhon lekuren dhe e ben rrezatuese. Kombinimi i mikro kolagjenit me Q10 dhe vitaminat A-C-E + ekstraktet nga pema e jetes ndihmojne per te mbushur gropat e vogla dhe per te reduktuar rrudhat sepse krijojne dhe terheqje te lekures. Kolagjeni eshte nje proteine shume e rendesishme per trupin. Nese nuk do te llogarisnim ujin sasia e kolagjenit do te perbente 75% ne trupin tone. Eshte me shume rendesi qe te aplikohet kolagjeni ne lekure sepse ngadaleson plakjen e saj.<\/p>\n<ul>\n<li>Kolagjeni: Mbron lekuren nga plakja, pastron shenjat dhe pikat e vogla dhe te erreta, minimizon poret, zbardhon dhe zbut lekuren.<\/li>\n<li>Koenximi Q10: Punon per te reduktuar rrathet e zeza dhe rrudhat tek syte, ndihmon ne reduktimin e shenjave gjithashtu.<\/li>\n<li>Vitamina A: Ka aft\u00ebsin\u00eb p\u00ebr t\u00eb stimuluar prodhimin e kolagjenit n\u00eb l\u00ebkur\u00eb, riparon indet, largon thatesine, ndihmon ne reduktimin e pu\u00e7rave.<\/li>\n<li>Vitamina C: Ka aft\u00ebsin\u00eb p\u00ebr t\u00eb luftuar radikalet e lira, rrit prodhimin e kolagjenit n\u00eb l\u00ebkur\u00eb, mbron nga rrezet UV.<\/li>\n<\/ul>\n","protected":false},"featured_media":7268,"template":"","meta":[],"product_brand":[],"product_cat":[162,153],"product_tag":[],"class_list":{"0":"post-7260","1":"product","2":"type-product","3":"status-publish","4":"has-post-thumbnail","6":"product_cat-krem-produkte","7":"product_cat-kujdesi-personal","8":"description-off","10":"first","11":"instock","12":"shipping-taxable","13":"purchasable","14":"product-type-simple"},"_links":{"self":[{"href":"https:\/\/bigshop.al\/index.php\/wp-json\/wp\/v2\/product\/7260","targetHints":{"allow":["GET"]}}],"collection":[{"href":"https:\/\/bigshop.al\/index.php\/wp-json\/wp\/v2\/product"}],"about":[{"href":"https:\/\/bigshop.al\/index.php\/wp-json\/wp\/v2\/types\/product"}],"wp:featuredmedia":[{"embeddable":true,"href":"https:\/\/bigshop.al\/index.php\/wp-json\/wp\/v2\/media\/7268"}],"wp:attachment":[{"href":"https:\/\/bigshop.al\/index.php\/wp-json\/wp\/v2\/media?parent=7260"}],"wp:term":[{"taxonomy":"product_brand","embeddable":true,"href":"https:\/\/bigshop.al\/index.php\/wp-json\/wp\/v2\/product_brand?post=7260"},{"taxonomy":"product_cat","embeddable":true,"href":"https:\/\/bigshop.al\/index.php\/wp-json\/wp\/v2\/product_cat?post=7260"},{"taxonomy":"product_tag","embeddable":true,"href":"https:\/\/bigshop.al\/index.php\/wp-json\/wp\/v2\/product_tag?post=7260"}],"curies":[{"name":"wp","href":"https:\/\/api.w.org\/{rel}","templated":true}]}}