{"id":7261,"date":"2020-07-28T14:16:12","date_gmt":"2020-07-28T14:16:12","guid":{"rendered":"https:\/\/bigshop.al\/?post_type=product&#038;p=7261"},"modified":"2020-07-28T14:16:13","modified_gmt":"2020-07-28T14:16:13","slug":"krem-i-acidit-hialuronik","status":"publish","type":"product","link":"https:\/\/bigshop.al\/index.php\/product\/krem-i-acidit-hialuronik\/","title":{"rendered":"Krem i Acidit Hialuronik"},"content":{"rendered":"","protected":false},"excerpt":{"rendered":"<p>Krem Acidit Hialuronik<\/p>\n<p>P\u00ebrfitimet kundra plakjes t\u00eb acidit hyaluronik!<\/p>\n<p>Linja Hyaluron bazohet n\u00eb efektin e provuar pozitiv t\u00eb acidit hialuronik n\u00eb trajtimin e l\u00ebkur\u00ebs kund\u00ebr rrudhave .<\/p>\n<p>Karakteristikat hidratuese t\u00eb\u00a0acidit hyaluronik jan\u00eb shum\u00eb t\u00eb r\u00ebnd\u00ebsishme kur flitet p\u00ebr plakjen e l\u00ebkur\u00ebs.<\/p>\n<p>N\u00eb mosh\u00eb t\u00eb re, l\u00ebkura mund t\u00eb mbahet ndaj ujit dhe t\u00eb rifitoj nj\u00eb balanc\u00eb t\u00eb hidratimit, por e humbet k\u00ebt\u00eb aft\u00ebsi me kalimin e viteve.<\/p>\n<p>Rezultati \u00ebsht\u00eb humbja e dukshme e elasticitetit dhe pastaj thuaju &#8220;hello&#8221; rrudhave !<\/p>\n<p>&nbsp;<\/p>\n<ul>\n<li>Krem dite i acidit hialuronik:<\/li>\n<li>Hidraton n\u00eb m\u00ebnyr\u00eb optimale l\u00ebkur\u00ebn,<\/li>\n<li>Rrit elasticitetin e l\u00ebkur\u00ebs,<\/li>\n<li>Zvog\u00eblon pamjen e rrudhave.<\/li>\n<li>Me efektin e tij antioksidues, ngadal\u00ebson procesin e plakjes dhe formimin e rrudhave t\u00eb reja.<\/li>\n<li>Pa paraben<\/li>\n<li>Sasia: 50 ml<\/li>\n<\/ul>\n","protected":false},"featured_media":7262,"template":"","meta":[],"product_brand":[],"product_cat":[162,161,153],"product_tag":[],"class_list":{"0":"post-7261","1":"product","2":"type-product","3":"status-publish","4":"has-post-thumbnail","6":"product_cat-krem-produkte","7":"product_cat-kujdesi-per-lekuren","8":"product_cat-kujdesi-personal","9":"description-off","11":"first","12":"instock","13":"shipping-taxable","14":"purchasable","15":"product-type-simple"},"_links":{"self":[{"href":"https:\/\/bigshop.al\/index.php\/wp-json\/wp\/v2\/product\/7261","targetHints":{"allow":["GET"]}}],"collection":[{"href":"https:\/\/bigshop.al\/index.php\/wp-json\/wp\/v2\/product"}],"about":[{"href":"https:\/\/bigshop.al\/index.php\/wp-json\/wp\/v2\/types\/product"}],"wp:featuredmedia":[{"embeddable":true,"href":"https:\/\/bigshop.al\/index.php\/wp-json\/wp\/v2\/media\/7262"}],"wp:attachment":[{"href":"https:\/\/bigshop.al\/index.php\/wp-json\/wp\/v2\/media?parent=7261"}],"wp:term":[{"taxonomy":"product_brand","embeddable":true,"href":"https:\/\/bigshop.al\/index.php\/wp-json\/wp\/v2\/product_brand?post=7261"},{"taxonomy":"product_cat","embeddable":true,"href":"https:\/\/bigshop.al\/index.php\/wp-json\/wp\/v2\/product_cat?post=7261"},{"taxonomy":"product_tag","embeddable":true,"href":"https:\/\/bigshop.al\/index.php\/wp-json\/wp\/v2\/product_tag?post=7261"}],"curies":[{"name":"wp","href":"https:\/\/api.w.org\/{rel}","templated":true}]}}