{"id":7275,"date":"2020-08-06T08:21:09","date_gmt":"2020-08-06T08:21:09","guid":{"rendered":"https:\/\/bigshop.al\/?post_type=product&#038;p=7275"},"modified":"2020-08-06T08:24:29","modified_gmt":"2020-08-06T08:24:29","slug":"makine-rroje-dsp-60006","status":"publish","type":"product","link":"https:\/\/bigshop.al\/index.php\/product\/makine-rroje-dsp-60006\/","title":{"rendered":"Makine Rroje DSP 60006"},"content":{"rendered":"","protected":false},"excerpt":{"rendered":"<p>Makine Rroje DSP 60006<\/p>\n<ul>\n<li>Perdorim ne menyre te lagesht e te thate<\/li>\n<li>Karikimi i shpejt\u00eb<\/li>\n<li>Kursimi i energjis\u00eb dhe mbrojtja e mjedisit<\/li>\n<li>Mund t\u00eb lahet me uj\u00eb<\/li>\n<li>P\u00ebrdorimi i that\u00eb dhe i lag\u00ebsht<\/li>\n<li>Koka e makines 4D<\/li>\n<li>Leht\u00eb p\u00ebr t\u2019u p\u00ebrdorur dhe leht\u00eb p\u00ebr t\u2019u transportuar<\/li>\n<\/ul>\n","protected":false},"featured_media":7351,"template":"","meta":[],"product_brand":[],"product_cat":[153,175,174],"product_tag":[],"class_list":{"0":"post-7275","1":"product","2":"type-product","3":"status-publish","4":"has-post-thumbnail","6":"product_cat-kujdesi-personal","7":"product_cat-makina-rroje","8":"product_cat-mjekrra","9":"description-off","11":"first","12":"instock","13":"shipping-taxable","14":"purchasable","15":"product-type-simple"},"_links":{"self":[{"href":"https:\/\/bigshop.al\/index.php\/wp-json\/wp\/v2\/product\/7275","targetHints":{"allow":["GET"]}}],"collection":[{"href":"https:\/\/bigshop.al\/index.php\/wp-json\/wp\/v2\/product"}],"about":[{"href":"https:\/\/bigshop.al\/index.php\/wp-json\/wp\/v2\/types\/product"}],"wp:featuredmedia":[{"embeddable":true,"href":"https:\/\/bigshop.al\/index.php\/wp-json\/wp\/v2\/media\/7351"}],"wp:attachment":[{"href":"https:\/\/bigshop.al\/index.php\/wp-json\/wp\/v2\/media?parent=7275"}],"wp:term":[{"taxonomy":"product_brand","embeddable":true,"href":"https:\/\/bigshop.al\/index.php\/wp-json\/wp\/v2\/product_brand?post=7275"},{"taxonomy":"product_cat","embeddable":true,"href":"https:\/\/bigshop.al\/index.php\/wp-json\/wp\/v2\/product_cat?post=7275"},{"taxonomy":"product_tag","embeddable":true,"href":"https:\/\/bigshop.al\/index.php\/wp-json\/wp\/v2\/product_tag?post=7275"}],"curies":[{"name":"wp","href":"https:\/\/api.w.org\/{rel}","templated":true}]}}