{"id":7277,"date":"2020-08-06T08:11:40","date_gmt":"2020-08-06T08:11:40","guid":{"rendered":"https:\/\/bigshop.al\/?post_type=product&#038;p=7277"},"modified":"2020-08-10T10:06:13","modified_gmt":"2020-08-10T10:06:13","slug":"pjaster-sokany-hs-950b","status":"publish","type":"product","link":"https:\/\/bigshop.al\/index.php\/product\/pjaster-sokany-hs-950b\/","title":{"rendered":"Pjaster Sokany HS-950B"},"content":{"rendered":"","protected":false},"excerpt":{"rendered":"<p>Pjaster Sokany HS-950B<\/p>\n<p>Shtrirje perfekte te flokeve ne nje kohe mjaft te shkurter.<\/p>\n<ul>\n<li>Drejtues flok\u00ebsh profesional\u00eb me drit\u00eb LED<\/li>\n<li>Pllaka qeramike e veshjes 25x120mm<\/li>\n<li>Butoni on \/ off<\/li>\n<li>Disa nivele nxehtesie<\/li>\n<li>220\/240 volt<\/li>\n<\/ul>\n","protected":false},"featured_media":7342,"template":"","meta":[],"product_brand":[],"product_cat":[168,153,171],"product_tag":[],"class_list":{"0":"post-7277","1":"product","2":"type-product","3":"status-publish","4":"has-post-thumbnail","6":"product_cat-floket-stilim","7":"product_cat-kujdesi-personal","8":"product_cat-pjastra","9":"description-off","11":"first","12":"instock","13":"shipping-taxable","14":"purchasable","15":"product-type-simple"},"_links":{"self":[{"href":"https:\/\/bigshop.al\/index.php\/wp-json\/wp\/v2\/product\/7277","targetHints":{"allow":["GET"]}}],"collection":[{"href":"https:\/\/bigshop.al\/index.php\/wp-json\/wp\/v2\/product"}],"about":[{"href":"https:\/\/bigshop.al\/index.php\/wp-json\/wp\/v2\/types\/product"}],"wp:featuredmedia":[{"embeddable":true,"href":"https:\/\/bigshop.al\/index.php\/wp-json\/wp\/v2\/media\/7342"}],"wp:attachment":[{"href":"https:\/\/bigshop.al\/index.php\/wp-json\/wp\/v2\/media?parent=7277"}],"wp:term":[{"taxonomy":"product_brand","embeddable":true,"href":"https:\/\/bigshop.al\/index.php\/wp-json\/wp\/v2\/product_brand?post=7277"},{"taxonomy":"product_cat","embeddable":true,"href":"https:\/\/bigshop.al\/index.php\/wp-json\/wp\/v2\/product_cat?post=7277"},{"taxonomy":"product_tag","embeddable":true,"href":"https:\/\/bigshop.al\/index.php\/wp-json\/wp\/v2\/product_tag?post=7277"}],"curies":[{"name":"wp","href":"https:\/\/api.w.org\/{rel}","templated":true}]}}