{"id":7278,"date":"2020-08-06T08:09:46","date_gmt":"2020-08-06T08:09:46","guid":{"rendered":"https:\/\/bigshop.al\/?post_type=product&#038;p=7278"},"modified":"2020-08-06T08:09:46","modified_gmt":"2020-08-06T08:09:46","slug":"depilator-per-hundet-veshet-dsp","status":"publish","type":"product","link":"https:\/\/bigshop.al\/index.php\/product\/depilator-per-hundet-veshet-dsp\/","title":{"rendered":"Depilator per Hundet \/ Veshet DSP"},"content":{"rendered":"","protected":false},"excerpt":{"rendered":"<p>Depilator per Hundet dhe Veshet DSP<\/p>\n<p>Pastrimi i rregullt i zon\u00ebs s\u00eb hund\u00ebs \u00ebsht\u00eb i domosdosh\u00ebm.P\u00ebrdorimi i g\u00ebrsh\u00ebr\u00ebve jo vet\u00ebm i sigurt dhe thjesht i pap\u00ebrshtatsh\u00ebm, p\u00ebrdorni k\u00ebt\u00eb aparat p\u00ebr t\u00eb pastruar hund\u00ebn dhe vesh\u00ebt.<\/p>\n<ul>\n<li>T\u00ebrhiqeni kapakun e bateris\u00eb dhe vendosni n\u00eb nj\u00eb bateri AA.<\/li>\n<li>Fuqia prer\u00ebse dhe koka e prestarit fillon t\u00eb kthehet me nj\u00eb shpejt\u00ebsi t\u00eb lart\u00eb.<\/li>\n<li>Vendoseni prer\u00ebsin af\u00ebr hund\u00ebs ose veshit dhe filloni t\u00eb zvog\u00ebloni.<\/li>\n<li>Kur t\u00eb keni mbaruar, hiqni kok\u00ebn e prestarit dhe pastrojeni at\u00eb me peshqir t\u00eb but\u00eb t\u00eb that\u00eb.<\/li>\n<\/ul>\n","protected":false},"featured_media":7338,"template":"","meta":[],"product_brand":[],"product_cat":[183,181,153],"product_tag":[],"class_list":{"0":"post-7278","1":"product","2":"type-product","3":"status-publish","4":"has-post-thumbnail","6":"product_cat-depilatore","7":"product_cat-kujdesi-per-trupin","8":"product_cat-kujdesi-personal","9":"description-off","11":"first","12":"instock","13":"shipping-taxable","14":"purchasable","15":"product-type-simple"},"_links":{"self":[{"href":"https:\/\/bigshop.al\/index.php\/wp-json\/wp\/v2\/product\/7278","targetHints":{"allow":["GET"]}}],"collection":[{"href":"https:\/\/bigshop.al\/index.php\/wp-json\/wp\/v2\/product"}],"about":[{"href":"https:\/\/bigshop.al\/index.php\/wp-json\/wp\/v2\/types\/product"}],"wp:featuredmedia":[{"embeddable":true,"href":"https:\/\/bigshop.al\/index.php\/wp-json\/wp\/v2\/media\/7338"}],"wp:attachment":[{"href":"https:\/\/bigshop.al\/index.php\/wp-json\/wp\/v2\/media?parent=7278"}],"wp:term":[{"taxonomy":"product_brand","embeddable":true,"href":"https:\/\/bigshop.al\/index.php\/wp-json\/wp\/v2\/product_brand?post=7278"},{"taxonomy":"product_cat","embeddable":true,"href":"https:\/\/bigshop.al\/index.php\/wp-json\/wp\/v2\/product_cat?post=7278"},{"taxonomy":"product_tag","embeddable":true,"href":"https:\/\/bigshop.al\/index.php\/wp-json\/wp\/v2\/product_tag?post=7278"}],"curies":[{"name":"wp","href":"https:\/\/api.w.org\/{rel}","templated":true}]}}