{"id":7279,"date":"2020-08-06T08:07:41","date_gmt":"2020-08-06T08:07:41","guid":{"rendered":"https:\/\/bigshop.al\/?post_type=product&#038;p=7279"},"modified":"2020-08-06T08:07:41","modified_gmt":"2020-08-06T08:07:41","slug":"makine-dsp-40007","status":"publish","type":"product","link":"https:\/\/bigshop.al\/index.php\/product\/makine-dsp-40007\/","title":{"rendered":"Makine DSP 40007"},"content":{"rendered":"","protected":false},"excerpt":{"rendered":"<p>Makine DSP 40007<\/p>\n<p>Heq qimet e padeshiruara te hundes apo vesheve ne menyre efikase dhe te sigurt. Ne saj te ketij aparati ju mund te rregulloni shpejte dhe lehte koken qe t eperputhet me nevojat tuaja te zvogelimit.<\/p>\n<ul>\n<li><span data-spm-anchor-id=\"2114.10010108.1000023.i0.1eb26401faEINa\">Fuqia: 220-240V 50 \/ 60HZ 3W<\/span><\/li>\n<li>Materiali: ABS &amp; Stainless<\/li>\n<li>Koha e mbushjes s\u00eb makin\u00ebs: 8 or\u00eb<\/li>\n<li>Kursim energjie<\/li>\n<\/ul>\n","protected":false},"featured_media":7332,"template":"","meta":[],"product_brand":[],"product_cat":[183,181,153],"product_tag":[],"class_list":{"0":"post-7279","1":"product","2":"type-product","3":"status-publish","4":"has-post-thumbnail","6":"product_cat-depilatore","7":"product_cat-kujdesi-per-trupin","8":"product_cat-kujdesi-personal","9":"description-off","11":"first","12":"instock","13":"shipping-taxable","14":"purchasable","15":"product-type-simple"},"_links":{"self":[{"href":"https:\/\/bigshop.al\/index.php\/wp-json\/wp\/v2\/product\/7279","targetHints":{"allow":["GET"]}}],"collection":[{"href":"https:\/\/bigshop.al\/index.php\/wp-json\/wp\/v2\/product"}],"about":[{"href":"https:\/\/bigshop.al\/index.php\/wp-json\/wp\/v2\/types\/product"}],"wp:featuredmedia":[{"embeddable":true,"href":"https:\/\/bigshop.al\/index.php\/wp-json\/wp\/v2\/media\/7332"}],"wp:attachment":[{"href":"https:\/\/bigshop.al\/index.php\/wp-json\/wp\/v2\/media?parent=7279"}],"wp:term":[{"taxonomy":"product_brand","embeddable":true,"href":"https:\/\/bigshop.al\/index.php\/wp-json\/wp\/v2\/product_brand?post=7279"},{"taxonomy":"product_cat","embeddable":true,"href":"https:\/\/bigshop.al\/index.php\/wp-json\/wp\/v2\/product_cat?post=7279"},{"taxonomy":"product_tag","embeddable":true,"href":"https:\/\/bigshop.al\/index.php\/wp-json\/wp\/v2\/product_tag?post=7279"}],"curies":[{"name":"wp","href":"https:\/\/api.w.org\/{rel}","templated":true}]}}