{"id":7281,"date":"2020-07-30T08:48:20","date_gmt":"2020-07-30T08:48:20","guid":{"rendered":"https:\/\/bigshop.al\/?post_type=product&#038;p=7281"},"modified":"2020-07-30T09:06:59","modified_gmt":"2020-07-30T09:06:59","slug":"uje-trendafili-hedera-vita","status":"publish","type":"product","link":"https:\/\/bigshop.al\/index.php\/product\/uje-trendafili-hedera-vita\/","title":{"rendered":"Uje Trendafili Hedera Vita"},"content":{"rendered":"","protected":false},"excerpt":{"rendered":"<p>Uj\u00eb tr\u00ebndafili by Hedera Vita<\/p>\n<p>I pasur me vitamina A, C dhe E dhe antioksidant\u00eb. Uji i tr\u00ebndafilit ndihmon me hidratimin, rigjeneron l\u00ebkur\u00ebn dhe \u00ebsht\u00eb i pasur me antioksidant\u00eb, ve\u00e7an\u00ebrisht i mir\u00eb p\u00ebr l\u00ebkur\u00ebn e ndjeshme.<\/p>\n<ul>\n<li>Ruan gjall\u00ebrin\u00eb<\/li>\n<li>Ndri\u00e7on fytyr\u00ebn<\/li>\n<li>Tonifikon dhe freskon l\u00ebkur\u00ebn<\/li>\n<li>Ushqen dhe rigjeneron<\/li>\n<li>Parandalon shfaqjen e rudhave<\/li>\n<li>Ndihmon n\u00eb mbylljen e poreve t\u00eb zmadhuara<\/li>\n<\/ul>\n","protected":false},"featured_media":7283,"template":"","meta":[],"product_brand":[],"product_cat":[162,161,153],"product_tag":[],"class_list":{"0":"post-7281","1":"product","2":"type-product","3":"status-publish","4":"has-post-thumbnail","6":"product_cat-krem-produkte","7":"product_cat-kujdesi-per-lekuren","8":"product_cat-kujdesi-personal","9":"description-off","11":"first","12":"instock","13":"shipping-taxable","14":"purchasable","15":"product-type-simple"},"_links":{"self":[{"href":"https:\/\/bigshop.al\/index.php\/wp-json\/wp\/v2\/product\/7281","targetHints":{"allow":["GET"]}}],"collection":[{"href":"https:\/\/bigshop.al\/index.php\/wp-json\/wp\/v2\/product"}],"about":[{"href":"https:\/\/bigshop.al\/index.php\/wp-json\/wp\/v2\/types\/product"}],"wp:featuredmedia":[{"embeddable":true,"href":"https:\/\/bigshop.al\/index.php\/wp-json\/wp\/v2\/media\/7283"}],"wp:attachment":[{"href":"https:\/\/bigshop.al\/index.php\/wp-json\/wp\/v2\/media?parent=7281"}],"wp:term":[{"taxonomy":"product_brand","embeddable":true,"href":"https:\/\/bigshop.al\/index.php\/wp-json\/wp\/v2\/product_brand?post=7281"},{"taxonomy":"product_cat","embeddable":true,"href":"https:\/\/bigshop.al\/index.php\/wp-json\/wp\/v2\/product_cat?post=7281"},{"taxonomy":"product_tag","embeddable":true,"href":"https:\/\/bigshop.al\/index.php\/wp-json\/wp\/v2\/product_tag?post=7281"}],"curies":[{"name":"wp","href":"https:\/\/api.w.org\/{rel}","templated":true}]}}