{"id":7282,"date":"2020-08-04T07:19:34","date_gmt":"2020-08-04T07:19:34","guid":{"rendered":"https:\/\/bigshop.al\/?post_type=product&#038;p=7282"},"modified":"2020-08-04T07:19:34","modified_gmt":"2020-08-04T07:19:34","slug":"serumi-derma-gold-me-grimca-ari","status":"publish","type":"product","link":"https:\/\/bigshop.al\/index.php\/product\/serumi-derma-gold-me-grimca-ari\/","title":{"rendered":"Serumi Derma-Gold me Grimca Ari"},"content":{"rendered":"<p>Serumi Derma-Gold me Grimca Ari<\/p>\n<p>Q\u00eb fytyra juaj t\u00eb duket 10 vite m\u00eb e re n\u00eb krahasim me mosh\u00ebn q\u00eb keni aktualisht. Tashm\u00eb nj\u00eb zgjidhje e p\u00ebrkryer p\u00ebr pamje t\u00eb bukur dhe rinore. Fytyr\u00eb pa rudha dhe t\u00eb shk\u00eblqyer.End\u00ebrr e \u00e7do femere.Serumi p\u00ebr fytyr\u00eb (DERMA-GOLD) p\u00ebrb\u00ebhet nga nj\u00eb p\u00ebrq\u00ebndrim maksimal i efektivitetit Rovisom HA, i cili p\u00ebrmir\u00ebson q\u00ebndrueshm\u00ebrin\u00eb dhe elasticitetin e l\u00ebkur\u00ebs tuaj dhe i jep nj\u00eb shk\u00eblqim rinor. Nd\u00ebr\u00a0 p\u00ebrb\u00ebresit kryesor\u00eb t\u00eb k\u00ebsaj kryevepre kozmetike \u00ebsht\u00eb pluhuri i (ARIT) i cili p\u00ebrmir\u00ebson balancin e lag\u00ebshtis\u00eb dhe elasticitetin e l\u00ebkur\u00ebs dhe parandalon shfaqjen e linjave t\u00eb imta dhe rrudhave.Ky serum \u00ebsht\u00eb formuluar posaq\u00ebrisht p\u00ebr l\u00ebkur\u00eb delikate. P\u00ebrb\u00ebrja unike e ndihmon l\u00ebkur\u00ebn t\u00eb duket gjithmon\u00eb e re dhe plot\u00eb jet\u00eb, pa rrudha duke e hidratuar dhe mbrojtur at\u00eb. Serumi ka aft\u00ebsin\u00eb t\u00eb hidratoj\u00eb dhe t\u00eb arrij\u00eb n\u00eb thell\u00ebsi t\u00eb l\u00ebkur\u00ebs dhe p\u00ebrthithet lehtesisht nga kremi hidratues q\u00eb mund t\u00eb vendoset mbi t\u00eb. P\u00ebrb\u00ebr\u00ebsit: Uj\u00eb, ac.Hyllarionic, Collagjen, grimca ari t\u00eb past\u00ebr 99.9%, ekstrakti i portulac\u00ebs oleracea, ekstrakti cladosiphon okamuranus, etj.<\/p>\n<p>Ky produkt \u00ebsht\u00eb i testuar dhe i p\u00ebrshtatsh\u00ebm p\u00ebr t\u00eb gjitha llojet e l\u00ebkur\u00ebs.<\/p>\n<p>PERDORIMI: Pas pastrimit t\u00eb l\u00ebkur\u00ebs aplikoni disa pika nga serumi n\u00eb fytyr\u00eb dhe qaf\u00eb, shp\u00ebrndajeni but\u00ebsisht deri n\u00eb p\u00ebrthithjen e plot\u00eb, p\u00ebrdoreni n\u00eb m\u00ebngjes dhe mbr\u00ebmje.<br \/>\nVet\u00ebm per p\u00ebrdorim te jasht\u00ebm.<\/p>\n<p>&nbsp;<\/p>\n","protected":false},"excerpt":{"rendered":"<p>Serumi Derma-Gold me Grimca Ari<\/p>\n<ul>\n<li>Sasia 100ml<\/li>\n<li>Zbardhues, ndricues i lekures<\/li>\n<li>Hidratues i lekures<\/li>\n<li>Zbut dhe hidraton lekuren<\/li>\n<li>Aktivizon qelizat epidermale<\/li>\n<li>Rigjenerues i l\u00ebkur\u00ebs<\/li>\n<li>E t\u00ebrheq l\u00ebkur\u00ebn, largon rrudhat<\/li>\n<li>P\u00ebr t\u00eb b\u00ebr\u00eb l\u00ebkur\u00ebn e past\u00ebr<\/li>\n<\/ul>\n<p>&nbsp;<\/p>\n","protected":false},"featured_media":7302,"template":"","meta":[],"product_brand":[],"product_cat":[162,161,153],"product_tag":[],"class_list":{"0":"post-7282","1":"product","2":"type-product","3":"status-publish","4":"has-post-thumbnail","6":"product_cat-krem-produkte","7":"product_cat-kujdesi-per-lekuren","8":"product_cat-kujdesi-personal","9":"description-off","11":"first","12":"instock","13":"shipping-taxable","14":"purchasable","15":"product-type-simple"},"_links":{"self":[{"href":"https:\/\/bigshop.al\/index.php\/wp-json\/wp\/v2\/product\/7282","targetHints":{"allow":["GET"]}}],"collection":[{"href":"https:\/\/bigshop.al\/index.php\/wp-json\/wp\/v2\/product"}],"about":[{"href":"https:\/\/bigshop.al\/index.php\/wp-json\/wp\/v2\/types\/product"}],"wp:featuredmedia":[{"embeddable":true,"href":"https:\/\/bigshop.al\/index.php\/wp-json\/wp\/v2\/media\/7302"}],"wp:attachment":[{"href":"https:\/\/bigshop.al\/index.php\/wp-json\/wp\/v2\/media?parent=7282"}],"wp:term":[{"taxonomy":"product_brand","embeddable":true,"href":"https:\/\/bigshop.al\/index.php\/wp-json\/wp\/v2\/product_brand?post=7282"},{"taxonomy":"product_cat","embeddable":true,"href":"https:\/\/bigshop.al\/index.php\/wp-json\/wp\/v2\/product_cat?post=7282"},{"taxonomy":"product_tag","embeddable":true,"href":"https:\/\/bigshop.al\/index.php\/wp-json\/wp\/v2\/product_tag?post=7282"}],"curies":[{"name":"wp","href":"https:\/\/api.w.org\/{rel}","templated":true}]}}