{"id":7288,"date":"2020-08-04T07:23:08","date_gmt":"2020-08-04T07:23:08","guid":{"rendered":"https:\/\/bigshop.al\/?post_type=product&#038;p=7288"},"modified":"2020-08-04T07:23:08","modified_gmt":"2020-08-04T07:23:08","slug":"mbulese-makine-guard","status":"publish","type":"product","link":"https:\/\/bigshop.al\/index.php\/product\/mbulese-makine-guard\/","title":{"rendered":"Mbulese Makine Guard"},"content":{"rendered":"","protected":false},"excerpt":{"rendered":"<p>Mbulese Makine Guard<\/p>\n<ul>\n<li>Permasat: 5.10m x 1.8m x 1.45m<\/li>\n<li>Universale<\/li>\n<li>Nga m\u00eb cil\u00ebsoret n\u00eb treg<\/li>\n<li>Mbron makin\u00ebn nga dielli, shiu dhe ngricat<\/li>\n<li>Me push nga pjesa e brendshme, p\u00ebr t\u00eb mos g\u00ebrvishtur boj\u00ebn e makin\u00ebs tuaj<\/li>\n<\/ul>\n","protected":false},"featured_media":7304,"template":"","meta":[],"product_brand":[],"product_cat":[414,103,418],"product_tag":[],"class_list":{"0":"post-7288","1":"product","2":"type-product","3":"status-publish","4":"has-post-thumbnail","6":"product_cat-aksesore-te-jashtem","7":"product_cat-makina","8":"product_cat-mbulesa-makine","9":"description-off","11":"first","12":"instock","13":"shipping-taxable","14":"purchasable","15":"product-type-simple"},"_links":{"self":[{"href":"https:\/\/bigshop.al\/index.php\/wp-json\/wp\/v2\/product\/7288","targetHints":{"allow":["GET"]}}],"collection":[{"href":"https:\/\/bigshop.al\/index.php\/wp-json\/wp\/v2\/product"}],"about":[{"href":"https:\/\/bigshop.al\/index.php\/wp-json\/wp\/v2\/types\/product"}],"wp:featuredmedia":[{"embeddable":true,"href":"https:\/\/bigshop.al\/index.php\/wp-json\/wp\/v2\/media\/7304"}],"wp:attachment":[{"href":"https:\/\/bigshop.al\/index.php\/wp-json\/wp\/v2\/media?parent=7288"}],"wp:term":[{"taxonomy":"product_brand","embeddable":true,"href":"https:\/\/bigshop.al\/index.php\/wp-json\/wp\/v2\/product_brand?post=7288"},{"taxonomy":"product_cat","embeddable":true,"href":"https:\/\/bigshop.al\/index.php\/wp-json\/wp\/v2\/product_cat?post=7288"},{"taxonomy":"product_tag","embeddable":true,"href":"https:\/\/bigshop.al\/index.php\/wp-json\/wp\/v2\/product_tag?post=7288"}],"curies":[{"name":"wp","href":"https:\/\/api.w.org\/{rel}","templated":true}]}}