{"id":7291,"date":"2020-08-06T08:00:15","date_gmt":"2020-08-06T08:00:15","guid":{"rendered":"https:\/\/bigshop.al\/?post_type=product&#038;p=7291"},"modified":"2020-08-06T08:00:15","modified_gmt":"2020-08-06T08:00:15","slug":"kompresor-ajri","status":"publish","type":"product","link":"https:\/\/bigshop.al\/index.php\/product\/kompresor-ajri\/","title":{"rendered":"Kompresor Ajri"},"content":{"rendered":"","protected":false},"excerpt":{"rendered":"<p>Kompresor Ajri<\/p>\n<ul>\n<li>Fryres per gomat e makinave<\/li>\n<li>E b\u00ebr\u00eb nga materiali gome, i cili \u00ebsht\u00eb i q\u00ebndruesh\u00ebm<\/li>\n<li>Fikson gomat tuaja duke ju kursyer koh\u00ebn<\/li>\n<li>Rezistenc\u00eb e lart\u00eb e temperatur\u00ebs dhe rezistenc\u00eb e lart\u00eb e konsumit, e p\u00ebrsosur p\u00ebr riparimin e gomave<\/li>\n<li>Mund t\u00eb p\u00ebrdoret n\u00eb makin\u00eb, autobus, kamion\u00eb, motorra dhe makina bujq\u00ebsore<\/li>\n<li>Zorr\u00eb ajri 0,5 metra me kok\u00eb bakri anti-ndryshk<\/li>\n<\/ul>\n","protected":false},"featured_media":7326,"template":"","meta":[],"product_brand":[],"product_cat":[414,103],"product_tag":[],"class_list":{"0":"post-7291","1":"product","2":"type-product","3":"status-publish","4":"has-post-thumbnail","6":"product_cat-aksesore-te-jashtem","7":"product_cat-makina","8":"description-off","10":"first","11":"instock","12":"shipping-taxable","13":"purchasable","14":"product-type-simple"},"_links":{"self":[{"href":"https:\/\/bigshop.al\/index.php\/wp-json\/wp\/v2\/product\/7291","targetHints":{"allow":["GET"]}}],"collection":[{"href":"https:\/\/bigshop.al\/index.php\/wp-json\/wp\/v2\/product"}],"about":[{"href":"https:\/\/bigshop.al\/index.php\/wp-json\/wp\/v2\/types\/product"}],"wp:featuredmedia":[{"embeddable":true,"href":"https:\/\/bigshop.al\/index.php\/wp-json\/wp\/v2\/media\/7326"}],"wp:attachment":[{"href":"https:\/\/bigshop.al\/index.php\/wp-json\/wp\/v2\/media?parent=7291"}],"wp:term":[{"taxonomy":"product_brand","embeddable":true,"href":"https:\/\/bigshop.al\/index.php\/wp-json\/wp\/v2\/product_brand?post=7291"},{"taxonomy":"product_cat","embeddable":true,"href":"https:\/\/bigshop.al\/index.php\/wp-json\/wp\/v2\/product_cat?post=7291"},{"taxonomy":"product_tag","embeddable":true,"href":"https:\/\/bigshop.al\/index.php\/wp-json\/wp\/v2\/product_tag?post=7291"}],"curies":[{"name":"wp","href":"https:\/\/api.w.org\/{rel}","templated":true}]}}